{"id":51298,"date":"2024-07-18T11:54:51","date_gmt":"2024-07-18T03:54:51","guid":{"rendered":"https:\/\/gretasexylingerie.com\/?post_type=product&#038;p=51298"},"modified":"2024-07-18T12:07:07","modified_gmt":"2024-07-18T04:07:07","slug":"grossist-midnatt-mesh-plus-storlek-bodystocking","status":"publish","type":"product","link":"https:\/\/gretasexylingerie.com\/sv\/products\/wholesale-midnight-mesh-plus-size-bodystocking\/","title":{"rendered":"Grossist Midnight Mesh Plus Size Bodystocking"},"content":{"rendered":"<p><strong>Elegant meshdesign<\/strong>: Tillverkad med ett fint n\u00e4t, denna bodystocking formar sig s\u00f6ml\u00f6st efter kroppen och erbjuder en tjusning samtidigt som den ger sofistikerad t\u00e4ckning.<\/p>\n\n\n\n<p><strong>Universell appell<\/strong>: Skr\u00e4ddarsydd f\u00f6r att smickra en figur i plusstorlek, framh\u00e4ver detta plagg kurvor med sitt stretchiga material och figurn\u00e4ra siluett, vilket s\u00e4kerst\u00e4ller att alla b\u00e4rare k\u00e4nner sig lika fantastiska som de ser ut.<\/p>\n\n\n\n<p><strong>Festf\u00e4rdigt mode<\/strong>: Perfekt f\u00f6r ravekultur men m\u00e5ngsidig nog f\u00f6r alla nattlivsevenemang, detta <strong>svart mesh rave outfit<\/strong> kommer s\u00e4kerligen att v\u00e4nda huvudet med sitt unika m\u00f6nster och dj\u00e4rva transparens.<\/p>\n\n\n\n<p><strong>Komfort och stil<\/strong>: \u00c4ven om den h\u00e4r bodyn \u00e4r designad f\u00f6r att bl\u00e4nda, kompromissar den inte med komforten. Mjukt, andningsbart mesh s\u00e4kerst\u00e4ller en bekv\u00e4m passform som r\u00f6r sig med dig, oavsett om du dansar hela natten eller njuter av en utekv\u00e4ll.<\/p>\n\n\n\n<p><strong>S\u00f6ml\u00f6s detaljhandelsupplevelse<\/strong>: Detta lockande <strong>bodystocking bodysuit<\/strong> finns tillg\u00e4nglig via v\u00e5r <a href=\"https:\/\/gretasexylingerie.com\/sv\/droshpping-underklader-service\/\">drop shipping service<\/a>, som erbjuder enkel integrering i ditt lager utan behov av minimibest\u00e4llningar, vilket g\u00f6r det till ett problemfritt tillskott till din butik.<\/p>\n\n\n\n<p>V\u00e5ga bl\u00e4nda med v\u00e5r Midnight Mesh Plus Size Bodystocking. L\u00e4gg till denna fantastiska pj\u00e4s till din samling idag och f\u00f6rse dina kunder med en outfit som \u00e4r lika s\u00e4ker som den \u00e4r f\u00e4ngslande. Samarbeta med Greta Sexy Lingerie f\u00f6r att ge o\u00f6vertr\u00e4ffad stil till dina erbjudanden.<\/p>","protected":false},"excerpt":{"rendered":"<p>Omfamna dj\u00e4rvt f\u00f6rtroende med v\u00e5r <strong>plus size bodystocking underkl\u00e4der<\/strong>, designad f\u00f6r fantastisk tjusning och komfort. Detta <strong>svart mesh rave outfit<\/strong> kombinerar v\u00e5gad stil med intrikat design, perfekt f\u00f6r att g\u00f6ra ett uttalande vid alla evenemang.<\/p>","protected":false},"featured_media":51297,"template":"","meta":[],"product_brand":[],"product_cat":[405,404,409],"product_tag":[],"class_list":{"0":"post-51298","1":"product","2":"type-product","3":"status-publish","4":"has-post-thumbnail","6":"product_cat-wholesale-bodystocking","7":"product_cat-sexy-stocking","8":"product_cat-wholesale-stocking-bodysuit","10":"first","11":"instock","12":"taxable","13":"shipping-taxable","14":"purchasable","15":"product-type-simple"},"tiered_pricing_type":"fixed","tiered_pricing_fixed_rules":[],"tiered_pricing_product_settings":{"layout":"default","base_unit_name":{"singular":null,"plural":null},"default_variation":null},"tiered_pricing_minimum_quantity":null,"tiered_pricing_roles_data":[],"tiered_pricing_percentage_rules":[],"tiered_pricing_maximum_quantity":null,"tiered_pricing_quantity_step":null,"_links":{"self":[{"href":"https:\/\/gretasexylingerie.com\/sv\/wp-json\/wp\/v2\/product\/51298","targetHints":{"allow":["GET"]}}],"collection":[{"href":"https:\/\/gretasexylingerie.com\/sv\/wp-json\/wp\/v2\/product"}],"about":[{"href":"https:\/\/gretasexylingerie.com\/sv\/wp-json\/wp\/v2\/types\/product"}],"wp:featuredmedia":[{"embeddable":true,"href":"https:\/\/gretasexylingerie.com\/sv\/wp-json\/wp\/v2\/media\/51297"}],"wp:attachment":[{"href":"https:\/\/gretasexylingerie.com\/sv\/wp-json\/wp\/v2\/media?parent=51298"}],"wp:term":[{"taxonomy":"product_brand","embeddable":true,"href":"https:\/\/gretasexylingerie.com\/sv\/wp-json\/wp\/v2\/product_brand?post=51298"},{"taxonomy":"product_cat","embeddable":true,"href":"https:\/\/gretasexylingerie.com\/sv\/wp-json\/wp\/v2\/product_cat?post=51298"},{"taxonomy":"product_tag","embeddable":true,"href":"https:\/\/gretasexylingerie.com\/sv\/wp-json\/wp\/v2\/product_tag?post=51298"}],"curies":[{"name":"wp","href":"https:\/\/api.w.org\/{rel}","templated":true}]}}