{"id":51291,"date":"2024-07-18T11:54:18","date_gmt":"2024-07-18T03:54:18","guid":{"rendered":"https:\/\/gretasexylingerie.com\/?post_type=product&#038;p=51291"},"modified":"2024-07-18T12:05:45","modified_gmt":"2024-07-18T04:05:45","slug":"grossist-fortrollande-rose-grimma-mesh-bodystocking","status":"publish","type":"product","link":"https:\/\/gretasexylingerie.com\/sv\/products\/wholesale-enchanting-rose-halter-mesh-bodystocking\/","title":{"rendered":"Grossistf\u00f6rs\u00e4ljning f\u00f6rtrollande Rose Grimma Mesh Bodystocking"},"content":{"rendered":"<p><strong>Svulstig ren komposition<\/strong>: F\u00f6rkroppsliga elegans i detta <strong>bodystocking i ren mesh<\/strong> som formar sig graci\u00f6st efter kroppen och ger en inblick i en v\u00e4rld av sofistikerad tjusning med sitt fint v\u00e4vda n\u00e4t och detaljerade m\u00f6nster.<\/p>\n\n\n\n<p><strong>Chic grimmadesign<\/strong>: Halterringningen ger en modern twist till den klassiska bodystockingen, ramar in axlarna och halsen vackert, samtidigt som den ger en s\u00e4ker och justerbar passform som smickrar alla kroppstyper.<\/p>\n\n\n\n<p><strong>Fishnet Elegance<\/strong>: Det h\u00e4r setet \u00e4r inte bara rent \u2013 det \u00e4r v\u00e5gat dekorerat med n\u00e4tpaneler som l\u00e4gger till textur och djup, vilket skapar en dynamisk look som \u00e4r b\u00e5de i\u00f6gonfallande och uts\u00f6kt.<\/p>\n\n\n\n<p><strong>M\u00e5ngsidig stil<\/strong>: Perfekt f\u00f6r lager under kv\u00e4llskl\u00e4der f\u00f6r en antydan till intriger eller b\u00e4r ensam f\u00f6r att g\u00f6ra ett dj\u00e4rvt modestatement, den h\u00e4r bodystrumpan \u00e4r lika funktionell som den \u00e4r p\u00e5 modet.<\/p>\n\n\n\n<p><strong>Enkel detaljhandel<\/strong>: Tillg\u00e4nglig via v\u00e5r <a href=\"https:\/\/gretasexylingerie.com\/sv\/droshpping-underklader-service\/\">drop shipping service<\/a>, den h\u00e4r delen \u00e4r redo f\u00f6r omedelbar inkludering i ditt lager, vilket s\u00e4kerst\u00e4ller ett problemfritt tillskott till dina boutiqueerbjudanden utan behov av minimibest\u00e4llningar.<\/p>\n\n\n\n<p>Avsl\u00f6ja essensen av femininitet och mode med den f\u00f6rtrollande Rose Halter Mesh Bodystocking. Bjud in din kundkrets att utforska deras dj\u00e4rva sida med denna uts\u00f6kta pj\u00e4s som s\u00e4kerligen kommer att v\u00e4cka huvuden och t\u00e4nda fantasin. L\u00e4gg till detta m\u00e5ste till din samling idag och se hur dina kunder omfamnar sin tjusning med sj\u00e4lvf\u00f6rtroende och stil.<\/p>","protected":false},"excerpt":{"rendered":"<p>F\u00f6rdjupa dig i delikat tjusning med v\u00e5r <strong>grimstrumpa<\/strong>, en f\u00e4ngslande ensemble gjord av skirt n\u00e4t och invecklat fiskn\u00e4t. Detta <strong>fishnet crop top outfit<\/strong> blandar modern stil med klassisk f\u00f6rf\u00f6relse.<\/p>","protected":false},"featured_media":51286,"template":"","meta":[],"product_brand":[],"product_cat":[405,924,404],"product_tag":[],"class_list":{"0":"post-51291","1":"product","2":"type-product","3":"status-publish","4":"has-post-thumbnail","6":"product_cat-wholesale-bodystocking","7":"product_cat-wholesale-bodystocking-sets","8":"product_cat-sexy-stocking","10":"first","11":"instock","12":"taxable","13":"shipping-taxable","14":"purchasable","15":"product-type-simple"},"tiered_pricing_type":"fixed","tiered_pricing_fixed_rules":[],"tiered_pricing_product_settings":{"layout":"default","base_unit_name":{"singular":null,"plural":null},"default_variation":null},"tiered_pricing_minimum_quantity":null,"tiered_pricing_roles_data":[],"tiered_pricing_percentage_rules":[],"tiered_pricing_maximum_quantity":null,"tiered_pricing_quantity_step":null,"_links":{"self":[{"href":"https:\/\/gretasexylingerie.com\/sv\/wp-json\/wp\/v2\/product\/51291","targetHints":{"allow":["GET"]}}],"collection":[{"href":"https:\/\/gretasexylingerie.com\/sv\/wp-json\/wp\/v2\/product"}],"about":[{"href":"https:\/\/gretasexylingerie.com\/sv\/wp-json\/wp\/v2\/types\/product"}],"wp:featuredmedia":[{"embeddable":true,"href":"https:\/\/gretasexylingerie.com\/sv\/wp-json\/wp\/v2\/media\/51286"}],"wp:attachment":[{"href":"https:\/\/gretasexylingerie.com\/sv\/wp-json\/wp\/v2\/media?parent=51291"}],"wp:term":[{"taxonomy":"product_brand","embeddable":true,"href":"https:\/\/gretasexylingerie.com\/sv\/wp-json\/wp\/v2\/product_brand?post=51291"},{"taxonomy":"product_cat","embeddable":true,"href":"https:\/\/gretasexylingerie.com\/sv\/wp-json\/wp\/v2\/product_cat?post=51291"},{"taxonomy":"product_tag","embeddable":true,"href":"https:\/\/gretasexylingerie.com\/sv\/wp-json\/wp\/v2\/product_tag?post=51291"}],"curies":[{"name":"wp","href":"https:\/\/api.w.org\/{rel}","templated":true}]}}