{"id":51248,"date":"2024-07-17T15:04:55","date_gmt":"2024-07-17T07:04:55","guid":{"rendered":"https:\/\/gretasexylingerie.com\/?post_type=product&#038;p=51248"},"modified":"2024-07-17T15:35:26","modified_gmt":"2024-07-17T07:35:26","slug":"grossist-gra-skir-bodystocking-set","status":"publish","type":"product","link":"https:\/\/gretasexylingerie.com\/sv\/products\/wholesale-gray-sheer-bodystocking-set\/","title":{"rendered":"Grossist Gr\u00e5 Sheer Bodystocking Set"},"content":{"rendered":"<p><strong>Snygg gr\u00e5 design<\/strong>: V\u00e5rt bodystocking-set har en f\u00e4ngslande gr\u00e5 nyans som erbjuder ett unikt alternativ till det klassiska svarta, vilket ger en touch av diskret elegans till din intima kl\u00e4dsel.<\/p>\n\n\n\n<p><strong>Ren och s\u00f6ml\u00f6s \u00f6verklagande<\/strong>: Tillverkad av h\u00f6gkvalitativt, t\u00f6jbart mesh, den h\u00e4r kroppsstrumpan sitter t\u00e4tt och framh\u00e4ver naturliga kurvor samtidigt som den garanterar komfort.<\/p>\n\n\n\n<p><strong>Strategiskt placerade remmar<\/strong>: F\u00f6rst\u00e4rk intrigen med strategiskt placerade remmar som erbjuder b\u00e5de st\u00f6d och en dj\u00e4rv, grafisk estetik, vilket g\u00f6r det h\u00e4r plagget till en framst\u00e5ende i alla samlingar.<\/p>\n\n\n\n<p><strong>M\u00e5ngsidig och dj\u00e4rv<\/strong>: Perfekt f\u00f6r dem som v\u00e5gar vara annorlunda, den h\u00e4r bodystrumpan \u00e4r idealisk f\u00f6r lager under kv\u00e4llskl\u00e4der eller som ett statement p\u00e5 egen hand.<\/p>\n\n\n\n<p><strong>Effektiviserad f\u00f6r detaljhandeln<\/strong>: Tillg\u00e4nglig via v\u00e5r <a href=\"https:\/\/gretasexylingerie.com\/sv\/droshpping-underklader-service\/\">drop shipping service<\/a>, denna bodystocking \u00e4r ett m\u00e5ste f\u00f6r \u00e5terf\u00f6rs\u00e4ljare som vill erbjuda exklusiva och lockande alternativ med l\u00e4tthet.<\/p>\n\n\n\n<p>F\u00f6rb\u00e4ttra din butiks portf\u00f6lj med <strong>Gr\u00e5 Sheer Bodystocking Set<\/strong>. Idealisk f\u00f6r kunder som uppskattar raffinerad men v\u00e5gad design, denna bodystocking lovar sofistikering och lockelse. F\u00f6rvara den nu f\u00f6r att f\u00e4ngsla och konvertera high-fashion kundkrets. Bes\u00f6k Greta Sexy Lingerie f\u00f6r k\u00f6pinformation och utforska hur v\u00e5r str\u00f6mlinjeformade drop shipping-tj\u00e4nst kan gynna din butik.<\/p>","protected":false},"excerpt":{"rendered":"<p>Omfamna tjusningen av subtilitet med v\u00e5r <strong>gr\u00e5 kroppsstrumpa<\/strong>, tillverkad av f\u00f6rf\u00f6riskt skirt material. Detta <strong>sexig ren bodystocking<\/strong> kombinerar sofistikering med modern stil, vilket g\u00f6r den till ett perfekt val f\u00f6r att f\u00f6rb\u00e4ttra ditt underkl\u00e4dessortiment.<\/p>","protected":false},"featured_media":51243,"template":"","meta":[],"product_brand":[],"product_cat":[405,924,404],"product_tag":[],"class_list":{"0":"post-51248","1":"product","2":"type-product","3":"status-publish","4":"has-post-thumbnail","6":"product_cat-wholesale-bodystocking","7":"product_cat-wholesale-bodystocking-sets","8":"product_cat-sexy-stocking","10":"first","11":"instock","12":"taxable","13":"shipping-taxable","14":"purchasable","15":"product-type-simple"},"tiered_pricing_type":"fixed","tiered_pricing_fixed_rules":[],"tiered_pricing_product_settings":{"layout":"default","base_unit_name":{"singular":null,"plural":null},"default_variation":null},"tiered_pricing_minimum_quantity":null,"tiered_pricing_roles_data":[],"tiered_pricing_percentage_rules":[],"tiered_pricing_maximum_quantity":null,"tiered_pricing_quantity_step":null,"_links":{"self":[{"href":"https:\/\/gretasexylingerie.com\/sv\/wp-json\/wp\/v2\/product\/51248","targetHints":{"allow":["GET"]}}],"collection":[{"href":"https:\/\/gretasexylingerie.com\/sv\/wp-json\/wp\/v2\/product"}],"about":[{"href":"https:\/\/gretasexylingerie.com\/sv\/wp-json\/wp\/v2\/types\/product"}],"wp:featuredmedia":[{"embeddable":true,"href":"https:\/\/gretasexylingerie.com\/sv\/wp-json\/wp\/v2\/media\/51243"}],"wp:attachment":[{"href":"https:\/\/gretasexylingerie.com\/sv\/wp-json\/wp\/v2\/media?parent=51248"}],"wp:term":[{"taxonomy":"product_brand","embeddable":true,"href":"https:\/\/gretasexylingerie.com\/sv\/wp-json\/wp\/v2\/product_brand?post=51248"},{"taxonomy":"product_cat","embeddable":true,"href":"https:\/\/gretasexylingerie.com\/sv\/wp-json\/wp\/v2\/product_cat?post=51248"},{"taxonomy":"product_tag","embeddable":true,"href":"https:\/\/gretasexylingerie.com\/sv\/wp-json\/wp\/v2\/product_tag?post=51248"}],"curies":[{"name":"wp","href":"https:\/\/api.w.org\/{rel}","templated":true}]}}