{"id":51234,"date":"2024-07-17T15:03:42","date_gmt":"2024-07-17T07:03:42","guid":{"rendered":"https:\/\/gretasexylingerie.com\/?post_type=product&#038;p=51234"},"modified":"2024-07-17T15:32:01","modified_gmt":"2024-07-17T07:32:01","slug":"grossist-lavendel-drommar-transparent-spets-bodysuit","status":"publish","type":"product","link":"https:\/\/gretasexylingerie.com\/sv\/products\/wholesale-lavender-dreams-transparent-lace-bodysuit\/","title":{"rendered":"Grossist Lavender Dreams Transparent Spets Body"},"content":{"rendered":"<p><strong>Svulstig fiskn\u00e4tsdesign<\/strong>: Fiskn\u00e4tsm\u00f6nstret kombinerar klassisk sk\u00f6nhet med edgy estetik och ger en lockande titt p\u00e5 vad som ligger under, vilket ger en oemotst\u00e5ndlig lockelse.<\/p>\n\n\n\n<p><strong>P\u00e5kostad lila spets<\/strong>: Utsmyckad med mjuka lila spetskanter, ger den h\u00e4r bodyn en lekfull men elegant atmosf\u00e4r, perfekt f\u00f6r dem som uppskattar en pop av f\u00e4rg i sin intima kl\u00e4dsel.<\/p>\n\n\n\n<p><strong>Ren spets elegans<\/strong>: Dr\u00e4ktens kropp \u00e4r gjord av uts\u00f6kt, transparent spets, vilket s\u00e4kerst\u00e4ller att varje detalj framh\u00e4vs med en antydan av mystik och sofistikering.<\/p>\n\n\n\n<p><strong>Komfort m\u00f6ter stil<\/strong>: Designad med komfort i \u00e5tanke, den h\u00e4r bodyn har justerbara remmar och ett mjukt, t\u00f6jbart tyg som formar sig vackert efter kroppen.<\/p>\n\n\n\n<p><strong>Enkel detaljhandel<\/strong>: Tillg\u00e4nglig via v\u00e5r <a href=\"https:\/\/gretasexylingerie.com\/sv\/droshpping-underklader-service\/\">drop shipping service<\/a>, den h\u00e4r bodyn \u00e4r perfekt f\u00f6r \u00e5terf\u00f6rs\u00e4ljare som vill ut\u00f6ka sitt sortiment med minimala kostnader.<\/p>\n\n\n\n<p>Bjud in dina kunder att f\u00f6rdjupa sig i den lyxiga k\u00e4nslan av v\u00e5r <strong>Lavender Dreams Transparent Spets Body<\/strong>. Perfekt f\u00f6r en intim kv\u00e4ll eller som ett dj\u00e4rvt underplagg, det h\u00e4r plagget lovar inte bara komfort utan ocks\u00e5 en fantastisk visuell effekt. Lagra detta uts\u00f6kta f\u00f6rem\u00e5l idag och l\u00e5t din kundkrets utforska deras eleganta men v\u00e5gade sida. Kontakta Greta Sexy Lingerie f\u00f6r mer information om hur du l\u00e4gger till detta hisnande plagg till dina erbjudanden.<\/p>","protected":false},"excerpt":{"rendered":"<p>Upplev elegans och lockelse med v\u00e5r <strong>lila bodystocking<\/strong>, en delikat ensemble som perfekt blandar genomskinlig spets med ett f\u00f6rf\u00f6riskt n\u00e4tm\u00f6nster. Detta <strong>bodysuit med n\u00e4tspets<\/strong> \u00e4r designad f\u00f6r att f\u00e4ngsla och charma, perfekt f\u00f6r att l\u00e4gga till en touch av sofistikerad sensualitet till vilken kollektion som helst.<\/p>","protected":false},"featured_media":51229,"template":"","meta":[],"product_brand":[],"product_cat":[405,404,409],"product_tag":[],"class_list":{"0":"post-51234","1":"product","2":"type-product","3":"status-publish","4":"has-post-thumbnail","6":"product_cat-wholesale-bodystocking","7":"product_cat-sexy-stocking","8":"product_cat-wholesale-stocking-bodysuit","10":"first","11":"instock","12":"taxable","13":"shipping-taxable","14":"purchasable","15":"product-type-simple"},"tiered_pricing_type":"fixed","tiered_pricing_fixed_rules":[],"tiered_pricing_product_settings":{"layout":"default","base_unit_name":{"singular":null,"plural":null},"default_variation":null},"tiered_pricing_minimum_quantity":null,"tiered_pricing_roles_data":[],"tiered_pricing_percentage_rules":[],"tiered_pricing_maximum_quantity":null,"tiered_pricing_quantity_step":null,"_links":{"self":[{"href":"https:\/\/gretasexylingerie.com\/sv\/wp-json\/wp\/v2\/product\/51234","targetHints":{"allow":["GET"]}}],"collection":[{"href":"https:\/\/gretasexylingerie.com\/sv\/wp-json\/wp\/v2\/product"}],"about":[{"href":"https:\/\/gretasexylingerie.com\/sv\/wp-json\/wp\/v2\/types\/product"}],"wp:featuredmedia":[{"embeddable":true,"href":"https:\/\/gretasexylingerie.com\/sv\/wp-json\/wp\/v2\/media\/51229"}],"wp:attachment":[{"href":"https:\/\/gretasexylingerie.com\/sv\/wp-json\/wp\/v2\/media?parent=51234"}],"wp:term":[{"taxonomy":"product_brand","embeddable":true,"href":"https:\/\/gretasexylingerie.com\/sv\/wp-json\/wp\/v2\/product_brand?post=51234"},{"taxonomy":"product_cat","embeddable":true,"href":"https:\/\/gretasexylingerie.com\/sv\/wp-json\/wp\/v2\/product_cat?post=51234"},{"taxonomy":"product_tag","embeddable":true,"href":"https:\/\/gretasexylingerie.com\/sv\/wp-json\/wp\/v2\/product_tag?post=51234"}],"curies":[{"name":"wp","href":"https:\/\/api.w.org\/{rel}","templated":true}]}}