{"id":51198,"date":"2024-07-16T18:41:18","date_gmt":"2024-07-16T10:41:18","guid":{"rendered":"https:\/\/gretasexylingerie.com\/?post_type=product&#038;p=51198"},"modified":"2024-07-16T20:14:20","modified_gmt":"2024-07-16T12:14:20","slug":"grossist-fortrollare-spets-strumpeband-bodystocking","status":"publish","type":"product","link":"https:\/\/gretasexylingerie.com\/sv\/products\/wholesale-enchantress-lace-garter-bodystocking\/","title":{"rendered":"Partihandel Enchantress Spets Strumpeband Bodystocking"},"content":{"rendered":"<p><strong>Uts\u00f6kt spetsdetaljer<\/strong>: Tillverkad av lyxig spets, den h\u00e4r kroppsstrumpan har invecklade m\u00f6nster som erbjuder en antydan av vintageglamour samtidigt som den ger en modern tilltalande med sina skira element.<\/p>\n\n\n\n<p><strong>Sp\u00e4nnande utsk\u00e4rningar<\/strong>: Strategiskt placerade utsk\u00e4rningar f\u00f6rst\u00e4rker kroppens naturliga konturer och l\u00e4gger till ett element av intriger och sofistikering till ensemblen.<\/p>\n\n\n\n<p><strong>Integrerade strumpeband<\/strong>: De inbyggda strumpebanden ger inte bara praktiskt st\u00f6d f\u00f6r matchande strumpor utan lyfter ocks\u00e5 estetiken, vilket g\u00f6r den till en utm\u00e4rkande pj\u00e4s i alla underkl\u00e4deskollektioner.<\/p>\n\n\n\n<p><strong>M\u00e5ngsidiga stylingalternativ<\/strong>: Perfekt f\u00f6r lager under kv\u00e4llskl\u00e4der eller som ett dj\u00e4rvt statement, den h\u00e4r bodystrumpan anpassar sig till b\u00e5de offentliga och intima milj\u00f6er.<\/p>\n\n\n\n<p><strong>Problemfri detaljhandel<\/strong>: Tillg\u00e4nglig via v\u00e5r <a href=\"https:\/\/gretasexylingerie.com\/sv\/droshpping-underklader-service\/\">drop shipping service<\/a>, denna bodystocking \u00e4r ett s\u00f6ml\u00f6st till\u00e4gg till ditt lager, s\u00e5 att du kan f\u00e4ngsla dina kunder utan extra kostnader f\u00f6r lagerhantering.<\/p>\n\n\n\n<p>Lyft dina underkl\u00e4der erbjudanden med <strong>Enchantress Spets Strumpeband Bodystocking<\/strong>. Idealisk f\u00f6r dig som eftertraktar elegans sammanfl\u00e4tad med en touch av v\u00e5gadhet. L\u00e4gg till denna lockande del till din lineup idag och l\u00e5t dina kunder njuta av den ultimata blandningen av stil och sensualitet. Ta kontakt med Greta Sexy Lingerie f\u00f6r att inf\u00f6rliva denna hisnande design i din samling.<\/p>","protected":false},"excerpt":{"rendered":"<p>Uppt\u00e4ck tjusningen av v\u00e5r <strong>sexiga kroppsstrumpunderkl\u00e4der<\/strong>, ett m\u00e4sterverk designat f\u00f6r att accentuera kurvor med sina intrikata spetsar och strategiska utsk\u00e4rningar. Detta <strong>stygg kroppsstrumpa<\/strong> kombinerar spetsens klassiska charm med en dj\u00e4rv, modern design, inklusive integrerade strumpeband f\u00f6r en komplett look.<\/p>","protected":false},"featured_media":51193,"template":"","meta":[],"product_brand":[],"product_cat":[405,404,410],"product_tag":[],"class_list":{"0":"post-51198","1":"product","2":"type-product","3":"status-publish","4":"has-post-thumbnail","6":"product_cat-wholesale-bodystocking","7":"product_cat-sexy-stocking","8":"product_cat-wholesale-suspender-bodystocking","10":"first","11":"instock","12":"taxable","13":"shipping-taxable","14":"purchasable","15":"product-type-simple"},"tiered_pricing_type":"fixed","tiered_pricing_fixed_rules":[],"tiered_pricing_product_settings":{"layout":"default","base_unit_name":{"singular":null,"plural":null},"default_variation":null},"tiered_pricing_minimum_quantity":null,"tiered_pricing_roles_data":[],"tiered_pricing_percentage_rules":[],"tiered_pricing_maximum_quantity":null,"tiered_pricing_quantity_step":null,"_links":{"self":[{"href":"https:\/\/gretasexylingerie.com\/sv\/wp-json\/wp\/v2\/product\/51198","targetHints":{"allow":["GET"]}}],"collection":[{"href":"https:\/\/gretasexylingerie.com\/sv\/wp-json\/wp\/v2\/product"}],"about":[{"href":"https:\/\/gretasexylingerie.com\/sv\/wp-json\/wp\/v2\/types\/product"}],"wp:featuredmedia":[{"embeddable":true,"href":"https:\/\/gretasexylingerie.com\/sv\/wp-json\/wp\/v2\/media\/51193"}],"wp:attachment":[{"href":"https:\/\/gretasexylingerie.com\/sv\/wp-json\/wp\/v2\/media?parent=51198"}],"wp:term":[{"taxonomy":"product_brand","embeddable":true,"href":"https:\/\/gretasexylingerie.com\/sv\/wp-json\/wp\/v2\/product_brand?post=51198"},{"taxonomy":"product_cat","embeddable":true,"href":"https:\/\/gretasexylingerie.com\/sv\/wp-json\/wp\/v2\/product_cat?post=51198"},{"taxonomy":"product_tag","embeddable":true,"href":"https:\/\/gretasexylingerie.com\/sv\/wp-json\/wp\/v2\/product_tag?post=51198"}],"curies":[{"name":"wp","href":"https:\/\/api.w.org\/{rel}","templated":true}]}}