{"id":51191,"date":"2024-07-16T18:40:41","date_gmt":"2024-07-16T10:40:41","guid":{"rendered":"https:\/\/gretasexylingerie.com\/?post_type=product&#038;p=51191"},"modified":"2024-07-16T20:14:30","modified_gmt":"2024-07-16T12:14:30","slug":"grossist-vilda-frestare-leopard-bodystocking","status":"publish","type":"product","link":"https:\/\/gretasexylingerie.com\/sv\/products\/wholesale-wild-temptress-leopard-bodystocking\/","title":{"rendered":"Partihandel Wild Temptress Leopard Bodystocking"},"content":{"rendered":"<p><strong>Exotiskt leopardtryck<\/strong>: Kroppsstrumpan \u00e4r prydd med ett dj\u00e4rvt leopardm\u00f6nster, som erbjuder en lockande twist p\u00e5 det klassiska trycket som \u00e4r b\u00e5de i\u00f6gonfallande och moderikt.<\/p>\n<p><strong>V\u00e5gad \u00f6ppen gren<\/strong>: Tillverkad f\u00f6r dem som v\u00e5gar sticka ut, den \u00f6ppna grendesignen l\u00e4gger till ett lager av intriger och bekv\u00e4mlighet, vilket g\u00f6r den h\u00e4r biten lika provocerande som den \u00e4r praktisk.<\/p>\n<p><strong>Full t\u00e4ckning med en twist<\/strong>: Medan de l\u00e5nga \u00e4rmarna och designen i full l\u00e4ngd ger omfattande t\u00e4ckning, ser det skira n\u00e4tmaterialet till att varje kontur framh\u00e4vs och varje detalj framh\u00e4vs.<\/p>\n<p><strong>M\u00e5ngsidig styling<\/strong>* Den h\u00e4r kroppsstrumpan kan stylas under kv\u00e4llskl\u00e4der f\u00f6r en texturerad look eller b\u00e4ras ensam f\u00f6r att g\u00f6ra ett dj\u00e4rvt uttalande i mer intima milj\u00f6er.<\/p>\n<p><strong>Enkel detaljhandel<\/strong>: Erbjuds genom v\u00e5r <a href=\"https:\/\/gretasexylingerie.com\/sv\/droshpping-underklader-service\/\">drop shipping service<\/a>, denna bodystocking \u00e4r ett perfekt komplement till alla butiker som vill erbjuda unika och v\u00e5gade underkl\u00e4der utan extra kostnader f\u00f6r lagerhantering.<\/p>\n<p>Sl\u00e4pp loss den inre frestaren med <strong>Wild Temptress Leopard Bodystocking<\/strong>. Perfekt f\u00f6r dem som omfamnar sin vilda sida med sj\u00e4lvf\u00f6rtroende och stil. L\u00e4gg till denna fantastiska pj\u00e4s till ditt lager idag och l\u00e5t dina kunder njuta av den dj\u00e4rvhet det ger deras underkl\u00e4deskollektion. Ta kontakt med Greta Sexy Lingerie f\u00f6r att utforska hur denna bodystocking kan f\u00f6r\u00e4ndra dina erbjudanden.<\/p>\n\n\n<p><\/p>","protected":false},"excerpt":{"rendered":"<p>Omfamna det vildas kall med v\u00e5r <strong>leopard bodystocking<\/strong>, med en dj\u00e4rv \u00f6ppen grendesign och l\u00e5nga \u00e4rmar. Denna bodystocking kombinerar fiskn\u00e4tets v\u00e5gade tjusning med leopardtryckets tidl\u00f6sa tilltalande, vilket skapar en look som \u00e4r oemotst\u00e5ndligt f\u00f6rf\u00f6risk.<\/p>","protected":false},"featured_media":51186,"template":"","meta":[],"product_brand":[],"product_cat":[405,407,404],"product_tag":[],"class_list":{"0":"post-51191","1":"product","2":"type-product","3":"status-publish","4":"has-post-thumbnail","6":"product_cat-wholesale-bodystocking","7":"product_cat-wholesale-full-body-stocking","8":"product_cat-sexy-stocking","10":"first","11":"instock","12":"taxable","13":"shipping-taxable","14":"purchasable","15":"product-type-simple"},"tiered_pricing_type":"fixed","tiered_pricing_fixed_rules":[],"tiered_pricing_product_settings":{"layout":"default","base_unit_name":{"singular":null,"plural":null},"default_variation":null},"tiered_pricing_minimum_quantity":null,"tiered_pricing_roles_data":[],"tiered_pricing_percentage_rules":[],"tiered_pricing_maximum_quantity":null,"tiered_pricing_quantity_step":null,"_links":{"self":[{"href":"https:\/\/gretasexylingerie.com\/sv\/wp-json\/wp\/v2\/product\/51191","targetHints":{"allow":["GET"]}}],"collection":[{"href":"https:\/\/gretasexylingerie.com\/sv\/wp-json\/wp\/v2\/product"}],"about":[{"href":"https:\/\/gretasexylingerie.com\/sv\/wp-json\/wp\/v2\/types\/product"}],"wp:featuredmedia":[{"embeddable":true,"href":"https:\/\/gretasexylingerie.com\/sv\/wp-json\/wp\/v2\/media\/51186"}],"wp:attachment":[{"href":"https:\/\/gretasexylingerie.com\/sv\/wp-json\/wp\/v2\/media?parent=51191"}],"wp:term":[{"taxonomy":"product_brand","embeddable":true,"href":"https:\/\/gretasexylingerie.com\/sv\/wp-json\/wp\/v2\/product_brand?post=51191"},{"taxonomy":"product_cat","embeddable":true,"href":"https:\/\/gretasexylingerie.com\/sv\/wp-json\/wp\/v2\/product_cat?post=51191"},{"taxonomy":"product_tag","embeddable":true,"href":"https:\/\/gretasexylingerie.com\/sv\/wp-json\/wp\/v2\/product_tag?post=51191"}],"curies":[{"name":"wp","href":"https:\/\/api.w.org\/{rel}","templated":true}]}}