{"id":51182,"date":"2024-07-15T12:38:30","date_gmt":"2024-07-15T04:38:30","guid":{"rendered":"https:\/\/gretasexylingerie.com\/?post_type=product&#038;p=51182"},"modified":"2024-07-15T13:00:00","modified_gmt":"2024-07-15T05:00:00","slug":"grossist-spektrum-glod-lang-nat-klanning","status":"publish","type":"product","link":"https:\/\/gretasexylingerie.com\/sv\/products\/wholesale-spectrum-glow-long-fishnet-dress\/","title":{"rendered":"Grossist Spectrum Glow Long Fishnet Dress"},"content":{"rendered":"<p><strong>Levande neonpalett<\/strong>: Den h\u00e4r kl\u00e4nningen \u00e4r spr\u00e4ngfylld av ett spektrum av neonnyanser och visar upp en dynamisk blandning av f\u00e4rger som flyter s\u00f6ml\u00f6st \u00f6ver dess l\u00e4ngd, vilket ger en sl\u00e5ende visuell effekt.<\/p>\n\n\n\n<p><strong>Elegant l\u00e5ng design<\/strong>: Den l\u00e5nga, svepande stilen hos denna n\u00e4tkl\u00e4nning ger en touch av glamour och sofistikering, vilket g\u00f6r den l\u00e4mplig f\u00f6r kv\u00e4llsevenemang eller dj\u00e4rv dagtid.<\/p>\n\n\n\n<p><strong>Kroppsanpassande passform<\/strong>: Den h\u00e4r n\u00e4tdesignen \u00e4r utformad f\u00f6r att \u00f6mt\u00e5ligt krama om kurvorna och smickrar inte bara figuren utan m\u00f6jligg\u00f6r ocks\u00e5 andningsf\u00f6rm\u00e5ga och komfort, tack vare det t\u00f6jbara materialet.<\/p>\n\n\n\n<p><strong>Dynamisk m\u00e5ngsidighet<\/strong>: Oavsett om den \u00e4r stylad \u00f6ver en enkel underkl\u00e4nning eller b\u00e4rs ensam f\u00f6r en v\u00e5gad look, detta <strong>n\u00e4tkl\u00e4nning l\u00e5ng<\/strong> erbjuder flera stylingalternativ, vilket g\u00f6r den till ett m\u00e5ngsidigt tillskott till alla moderiktiga garderober.<\/p>\n\n\n\n<p><strong>Enkel detaljhandel<\/strong>: Levereras via v\u00e5r <a href=\"https:\/\/gretasexylingerie.com\/sv\/droshpping-underklader-service\/\">drop shipping service<\/a>, denna fantastiska pj\u00e4s kan l\u00e4ggas till din samling utan kr\u00e5ngel med hantering och f\u00f6rvaring, vilket s\u00e4kerst\u00e4ller att du kan f\u00f6rse dina kunder med trendiga stilar utan anstr\u00e4ngning.<\/p>\n\n\n\n<p>Bl\u00e4nda din kundkrets med <strong>Spectrum Glow l\u00e5ng n\u00e4tkl\u00e4nning<\/strong>. Perfekt f\u00f6r dem som inte \u00e4r r\u00e4dda f\u00f6r att sticka ut och uttrycka sig genom levande, slagkraftigt mode. L\u00e4gg till denna i\u00f6gonfallande del till din butik idag, och l\u00e5t dina kunder lysa i hela spektrat av stil. Ta kontakt med Greta Sexy Lingerie f\u00f6r s\u00f6ml\u00f6s integration och b\u00f6rja g\u00f6ra ett dj\u00e4rvt uttalande nu.<\/p>","protected":false},"excerpt":{"rendered":"<p>Omfamna v\u00e5r livlighet <strong>n\u00e4tkl\u00e4nning neon<\/strong>, ett sk\u00e5despel i full l\u00e4ngd som kombinerar tjusningen av ett n\u00e4tm\u00f6nster med ett upplopp av regnb\u00e5gsf\u00e4rger. Detta <strong>hel body sexig<\/strong> kl\u00e4nningen \u00e4r designad f\u00f6r att v\u00e4nda huvudena och f\u00e5nga uppm\u00e4rksamhet vid alla sociala sammankomster.<\/p>","protected":false},"featured_media":51177,"template":"","meta":[],"product_brand":[],"product_cat":[405,406,404],"product_tag":[],"class_list":{"0":"post-51182","1":"product","2":"type-product","3":"status-publish","4":"has-post-thumbnail","6":"product_cat-wholesale-bodystocking","7":"product_cat-wholesale-fishnet-dress","8":"product_cat-sexy-stocking","10":"first","11":"instock","12":"taxable","13":"shipping-taxable","14":"purchasable","15":"product-type-simple"},"tiered_pricing_type":"fixed","tiered_pricing_fixed_rules":[],"tiered_pricing_product_settings":{"layout":"default","base_unit_name":{"singular":null,"plural":null},"default_variation":null},"tiered_pricing_minimum_quantity":null,"tiered_pricing_roles_data":[],"tiered_pricing_percentage_rules":[],"tiered_pricing_maximum_quantity":null,"tiered_pricing_quantity_step":null,"_links":{"self":[{"href":"https:\/\/gretasexylingerie.com\/sv\/wp-json\/wp\/v2\/product\/51182","targetHints":{"allow":["GET"]}}],"collection":[{"href":"https:\/\/gretasexylingerie.com\/sv\/wp-json\/wp\/v2\/product"}],"about":[{"href":"https:\/\/gretasexylingerie.com\/sv\/wp-json\/wp\/v2\/types\/product"}],"wp:featuredmedia":[{"embeddable":true,"href":"https:\/\/gretasexylingerie.com\/sv\/wp-json\/wp\/v2\/media\/51177"}],"wp:attachment":[{"href":"https:\/\/gretasexylingerie.com\/sv\/wp-json\/wp\/v2\/media?parent=51182"}],"wp:term":[{"taxonomy":"product_brand","embeddable":true,"href":"https:\/\/gretasexylingerie.com\/sv\/wp-json\/wp\/v2\/product_brand?post=51182"},{"taxonomy":"product_cat","embeddable":true,"href":"https:\/\/gretasexylingerie.com\/sv\/wp-json\/wp\/v2\/product_cat?post=51182"},{"taxonomy":"product_tag","embeddable":true,"href":"https:\/\/gretasexylingerie.com\/sv\/wp-json\/wp\/v2\/product_tag?post=51182"}],"curies":[{"name":"wp","href":"https:\/\/api.w.org\/{rel}","templated":true}]}}