{"id":51175,"date":"2024-07-15T12:37:56","date_gmt":"2024-07-15T04:37:56","guid":{"rendered":"https:\/\/gretasexylingerie.com\/?post_type=product&#038;p=51175"},"modified":"2024-07-15T12:59:27","modified_gmt":"2024-07-15T04:59:27","slug":"grossist-klassisk-noir-halter-neck-bodystocking","status":"publish","type":"product","link":"https:\/\/gretasexylingerie.com\/sv\/products\/wholesale-classic-noir-halter-neck-bodystocking\/","title":{"rendered":"Partihandel Classic Noir Halter Neck Bodystocking"},"content":{"rendered":"<p><strong>Fantastisk grimmadesign<\/strong>: Halterringningen p\u00e5 denna bodystocking accentuerar axlarna och nacken och erbjuder en smickrande passform som kombinerar klassisk stil med modern sensualitet.<\/p>\n\n\n\n<p><strong>Hisnande n\u00e4tm\u00f6nster<\/strong>: Intrikata n\u00e4tm\u00f6nster v\u00e4vs \u00f6ver tyget, vilket skapar ett dynamiskt visuellt intresse som f\u00e4ngslar och charmar, vilket s\u00e4kerst\u00e4ller att varje vinkel \u00e4r din b\u00e4sta vinkel.<\/p>\n\n\n\n<p><strong>S\u00f6ml\u00f6s komfort<\/strong>: Konstruerat f\u00f6r komfort s\u00e5v\u00e4l som stil, det stretchiga tyget formar sig efter kroppen, vilket m\u00f6jligg\u00f6r r\u00f6relsefrihet och en skr\u00e4ddarsydd k\u00e4nsla.<\/p>\n\n\n\n<p><strong>M\u00e5ngsidigt tilltalande<\/strong>: Denna bodystocking \u00e4r inte bara f\u00f6r intima tillf\u00e4llen \u2013 det \u00e4r ett m\u00e5ngsidigt plagg som kan stylas under kv\u00e4llskl\u00e4der f\u00f6r en v\u00e5gad look, eller paras ihop med accessoarer f\u00f6r en utekv\u00e4ll.<\/p>\n\n\n\n<p><strong>L\u00e4tt att lagra<\/strong>: Tillg\u00e4nglig via v\u00e5r <a href=\"https:\/\/gretasexylingerie.com\/sv\/droshpping-underklader-service\/\">drop shipping service<\/a>, denna bodystocking \u00e4r ett enkelt till\u00e4gg till dina erbjudanden, vilket g\u00f6r att du kan f\u00e4ngsla dina kunder med minimala investeringar i f\u00f6rv\u00e4g.<\/p>\n\n\n\n<p>F\u00f6rvandla din intima kl\u00e4dkollektion med <strong>Klassisk Noir Halter Neck Bodystocking<\/strong>. Det \u00e4r mer \u00e4n bara underkl\u00e4der; det \u00e4r ett statement som f\u00f6rkroppsligar elegans och erotik. Ta kontakt med Greta Sexy Lingerie nu f\u00f6r att ge denna uts\u00f6kta skapelse till dina kr\u00e4sna kunder.<\/p>","protected":false},"excerpt":{"rendered":"<p>F\u00f6rh\u00f6j din intima kl\u00e4dkollektion med v\u00e5r <strong>halter neck bodystocking<\/strong>, minuti\u00f6st utformad f\u00f6r att blanda lockelse och sofistikering. Detta <strong>svart kroppsstrumpa<\/strong> sveper in siluetten i ett n\u00e4t av f\u00f6rtrollning, perfekt f\u00f6r att l\u00e4gga till en touch av drama till vilken garderob som helst.<\/p>","protected":false},"featured_media":51173,"template":"","meta":[],"product_brand":[],"product_cat":[405,407,404],"product_tag":[],"class_list":{"0":"post-51175","1":"product","2":"type-product","3":"status-publish","4":"has-post-thumbnail","6":"product_cat-wholesale-bodystocking","7":"product_cat-wholesale-full-body-stocking","8":"product_cat-sexy-stocking","10":"first","11":"instock","12":"taxable","13":"shipping-taxable","14":"purchasable","15":"product-type-simple"},"tiered_pricing_type":"fixed","tiered_pricing_fixed_rules":[],"tiered_pricing_product_settings":{"layout":"default","base_unit_name":{"singular":null,"plural":null},"default_variation":null},"tiered_pricing_minimum_quantity":null,"tiered_pricing_roles_data":[],"tiered_pricing_percentage_rules":[],"tiered_pricing_maximum_quantity":null,"tiered_pricing_quantity_step":null,"_links":{"self":[{"href":"https:\/\/gretasexylingerie.com\/sv\/wp-json\/wp\/v2\/product\/51175","targetHints":{"allow":["GET"]}}],"collection":[{"href":"https:\/\/gretasexylingerie.com\/sv\/wp-json\/wp\/v2\/product"}],"about":[{"href":"https:\/\/gretasexylingerie.com\/sv\/wp-json\/wp\/v2\/types\/product"}],"wp:featuredmedia":[{"embeddable":true,"href":"https:\/\/gretasexylingerie.com\/sv\/wp-json\/wp\/v2\/media\/51173"}],"wp:attachment":[{"href":"https:\/\/gretasexylingerie.com\/sv\/wp-json\/wp\/v2\/media?parent=51175"}],"wp:term":[{"taxonomy":"product_brand","embeddable":true,"href":"https:\/\/gretasexylingerie.com\/sv\/wp-json\/wp\/v2\/product_brand?post=51175"},{"taxonomy":"product_cat","embeddable":true,"href":"https:\/\/gretasexylingerie.com\/sv\/wp-json\/wp\/v2\/product_cat?post=51175"},{"taxonomy":"product_tag","embeddable":true,"href":"https:\/\/gretasexylingerie.com\/sv\/wp-json\/wp\/v2\/product_tag?post=51175"}],"curies":[{"name":"wp","href":"https:\/\/api.w.org\/{rel}","templated":true}]}}