{"id":51168,"date":"2024-07-15T12:37:25","date_gmt":"2024-07-15T04:37:25","guid":{"rendered":"https:\/\/gretasexylingerie.com\/?post_type=product&#038;p=51168"},"modified":"2024-07-15T12:58:22","modified_gmt":"2024-07-15T04:58:22","slug":"grossist-neon-spektrum-grenlos-bodystocking","status":"publish","type":"product","link":"https:\/\/gretasexylingerie.com\/sv\/products\/wholesale-neon-spectrum-crotchless-bodystocking\/","title":{"rendered":"Grossist Neon Spectrum Grenl\u00f6s Bodystocking"},"content":{"rendered":"<p><strong>Levande neonsk\u00e4rm<\/strong>: Tillverkad med en briljant upps\u00e4ttning neonf\u00e4rger, den h\u00e4r bodyn \u00e4r en visuell fest, designad f\u00f6r att sticka ut i vilken folkmassa som helst eller under alla ljus, vilket g\u00f6r den n\u00f6dv\u00e4ndig f\u00f6r festliga tillf\u00e4llen eller prestandakl\u00e4der.<\/p>\n\n\n\n<p><strong>v\u00e5gad design<\/strong>: Omfamna kanten med den grenl\u00f6sa funktionen som l\u00e4gger till en extra niv\u00e5 av dj\u00e4rvhet till detta i\u00f6gonfallande plagg, som erbjuder b\u00e5de stil och bekv\u00e4mlighet.<\/p>\n\n\n\n<p><strong>Str\u00e4ckbart fiskn\u00e4t<\/strong>: Tillverkad av t\u00f6jbart n\u00e4tmaterial, den h\u00e4r bodyn kramar om kroppen p\u00e5 alla r\u00e4tt st\u00e4llen och ger en bekv\u00e4m passform som r\u00f6r sig med dig.<\/p>\n\n\n\n<p><strong>Sl\u00e5ende siluett<\/strong>: De intrikata utsk\u00e4rningarna och kroppsbetonande linjerna ser till att varje kurva framh\u00e4vs, vilket skapar en fantastisk siluett som f\u00e4ngslar och charmar.<\/p>\n\n\n\n<p><strong>Enkel integration<\/strong>: Tillg\u00e4nglig f\u00f6r omedelbar \u00e5terf\u00f6rs\u00e4ljning via v\u00e5r <a href=\"https:\/\/gretasexylingerie.com\/sv\/droshpping-underklader-service\/\">drop shipping service<\/a>, den h\u00e4r delen kan vara ett dynamiskt till\u00e4gg till din produktlinje, och erbjuda ett problemfritt s\u00e4tt att leverera sp\u00e4nning och f\u00e4rg till dina kunders garderober.<\/p>\n\n\n\n<p>Piffa upp din butik med <strong>Neon Spectrum Grenl\u00f6s Bodystocking<\/strong>. Perfekt f\u00f6r dig som v\u00e5gar vara annorlunda, den h\u00e4r bodyn lovar att bli en stors\u00e4ljare. Best\u00e4ll nu fr\u00e5n Greta Sexy Lingerie och l\u00e5t dina kunder lysa p\u00e5 det mest levande s\u00e4tt du kan t\u00e4nka dig.<\/p>","protected":false},"excerpt":{"rendered":"<p>T\u00e4nd ett spektrum av intriger med v\u00e5r <strong>bodysuit med fiskn\u00e4t i neon<\/strong>, ett statement som kombinerar v\u00e5gad grenl\u00f6s design med ett kalejdoskop av livfulla f\u00e4rger. Denna kroppsstrumpa \u00e4r perfekt f\u00f6r dem som hyllar dj\u00e4rva uttryck och obotlig stil.<\/p>","protected":false},"featured_media":51163,"template":"","meta":[],"product_brand":[],"product_cat":[405,407,404],"product_tag":[446,866,504],"class_list":{"0":"post-51168","1":"product","2":"type-product","3":"status-publish","4":"has-post-thumbnail","6":"product_cat-wholesale-bodystocking","7":"product_cat-wholesale-full-body-stocking","8":"product_cat-sexy-stocking","9":"product_tag-wholesale-sexy-see-through-lingerie","10":"product_tag-sexy-romper-lingerie","11":"product_tag-ultra-sexy","13":"first","14":"instock","15":"taxable","16":"shipping-taxable","17":"purchasable","18":"product-type-simple"},"tiered_pricing_type":"fixed","tiered_pricing_fixed_rules":[],"tiered_pricing_product_settings":{"layout":"default","base_unit_name":{"singular":null,"plural":null},"default_variation":null},"tiered_pricing_minimum_quantity":null,"tiered_pricing_roles_data":[],"tiered_pricing_percentage_rules":[],"tiered_pricing_maximum_quantity":null,"tiered_pricing_quantity_step":null,"_links":{"self":[{"href":"https:\/\/gretasexylingerie.com\/sv\/wp-json\/wp\/v2\/product\/51168","targetHints":{"allow":["GET"]}}],"collection":[{"href":"https:\/\/gretasexylingerie.com\/sv\/wp-json\/wp\/v2\/product"}],"about":[{"href":"https:\/\/gretasexylingerie.com\/sv\/wp-json\/wp\/v2\/types\/product"}],"wp:featuredmedia":[{"embeddable":true,"href":"https:\/\/gretasexylingerie.com\/sv\/wp-json\/wp\/v2\/media\/51163"}],"wp:attachment":[{"href":"https:\/\/gretasexylingerie.com\/sv\/wp-json\/wp\/v2\/media?parent=51168"}],"wp:term":[{"taxonomy":"product_brand","embeddable":true,"href":"https:\/\/gretasexylingerie.com\/sv\/wp-json\/wp\/v2\/product_brand?post=51168"},{"taxonomy":"product_cat","embeddable":true,"href":"https:\/\/gretasexylingerie.com\/sv\/wp-json\/wp\/v2\/product_cat?post=51168"},{"taxonomy":"product_tag","embeddable":true,"href":"https:\/\/gretasexylingerie.com\/sv\/wp-json\/wp\/v2\/product_tag?post=51168"}],"curies":[{"name":"wp","href":"https:\/\/api.w.org\/{rel}","templated":true}]}}