{"id":51161,"date":"2024-07-15T12:36:46","date_gmt":"2024-07-15T04:36:46","guid":{"rendered":"https:\/\/gretasexylingerie.com\/?post_type=product&#038;p=51161"},"modified":"2024-07-15T13:02:22","modified_gmt":"2024-07-15T05:02:22","slug":"grossist-crimson-web-mesh-och-spets-underklader-trio","status":"publish","type":"product","link":"https:\/\/gretasexylingerie.com\/sv\/products\/wholesale-crimson-web-mesh-and-lace-lingerie-trio\/","title":{"rendered":"Grossist Crimson Web Mesh och Lace Underkl\u00e4der Trio"},"content":{"rendered":"<p><strong>F\u00f6rf\u00f6risk Mesh Design<\/strong>: Det h\u00e4r setet har en kroppsstrumpa gjord av svart n\u00e4t, som ger en lockande inblick av vad som finns under samtidigt som den ger t\u00e4ckning som retar och tillfredsst\u00e4ller.<\/p>\n\n\n\n<p><strong>Sl\u00e5ende r\u00f6da accenter<\/strong>: Dj\u00e4rva r\u00f6da spetsdetaljer lyfter ensemblen, sp\u00e5rar uts\u00f6kta m\u00f6nster l\u00e4ngs livstycket och h\u00f6fterna, vilket skapar en visuellt fantastisk kontrast som f\u00e5ngar \u00f6gat.<\/p>\n\n\n\n<p><strong>Komplett ensemble<\/strong>: Den <strong>set i tre delar<\/strong> inkluderar huvudstrumpan i mesh, kompletterad med en r\u00f6d spets strumpeband och matchande l\u00e5r-high-high, vilket s\u00e4kerst\u00e4ller en sammanh\u00e5llen och polerad look.<\/p>\n\n\n\n<p><strong>M\u00e5ngsidigt tilltalande<\/strong>: Perfekt f\u00f6r en utekv\u00e4ll p\u00e5 ett rave eller en intim kv\u00e4ll hemma, det h\u00e4r setet \u00e4r designat f\u00f6r att vara lika m\u00e5ngsidigt som det \u00e4r sl\u00e5ende, anpassningsbart till alla milj\u00f6er d\u00e4r det \u00e4r viktigt att g\u00f6ra intryck.<\/p>\n\n\n\n<p><strong>Enkel integration<\/strong>: Tillg\u00e4ngligt via v\u00e5r drop shipping-tj\u00e4nst, detta underkl\u00e4desset \u00e4r ett problemfritt till\u00e4gg till ditt lager, vilket g\u00f6r att du kan erbjuda h\u00f6ginflytande mode med minimala kostnader.<\/p>\n\n\n\n<p>Dyk ner i beg\u00e4rets djup med v\u00e5r <strong>Crimson Web Mesh och Lace Underkl\u00e4der Trio<\/strong>. Perfekt f\u00f6r dem som \u00e4lskar att sticka ut, det h\u00e4r setet lovar att bli en showstopper. L\u00e4gg till den h\u00e4r ensemblen till dina erbjudanden och se hur dina kunder omfamnar sin dj\u00e4rva sida med tillf\u00f6rsikt. Ta kontakt med Greta Sexy Lingerie idag f\u00f6r att b\u00f6rja erbjuda detta fascinerande set.<\/p>","protected":false},"excerpt":{"rendered":"<p>Njut av den v\u00e5gade elegansen i v\u00e5r svarta mesh-rave-outfit, f\u00f6rst\u00e4rkt med r\u00f6da spetsaccenter. Detta tredelade underkl\u00e4desset kombinerar en kroppsstrumpa med intrikata detaljer f\u00f6r att erbjuda en otryggt dj\u00e4rv look.<\/p>","protected":false},"featured_media":51156,"template":"","meta":[],"product_brand":[],"product_cat":[405,404,409],"product_tag":[507,446,453],"class_list":{"0":"post-51161","1":"product","2":"type-product","3":"status-publish","4":"has-post-thumbnail","6":"product_cat-wholesale-bodystocking","7":"product_cat-sexy-stocking","8":"product_cat-wholesale-stocking-bodysuit","9":"product_tag-three-pcs-set","10":"product_tag-wholesale-sexy-see-through-lingerie","11":"product_tag-wholesale-sexy-naughty-lingerie","13":"first","14":"instock","15":"taxable","16":"shipping-taxable","17":"purchasable","18":"product-type-simple"},"tiered_pricing_type":"fixed","tiered_pricing_fixed_rules":[],"tiered_pricing_product_settings":{"layout":"default","base_unit_name":{"singular":null,"plural":null},"default_variation":null},"tiered_pricing_minimum_quantity":null,"tiered_pricing_roles_data":[],"tiered_pricing_percentage_rules":[],"tiered_pricing_maximum_quantity":null,"tiered_pricing_quantity_step":null,"_links":{"self":[{"href":"https:\/\/gretasexylingerie.com\/sv\/wp-json\/wp\/v2\/product\/51161","targetHints":{"allow":["GET"]}}],"collection":[{"href":"https:\/\/gretasexylingerie.com\/sv\/wp-json\/wp\/v2\/product"}],"about":[{"href":"https:\/\/gretasexylingerie.com\/sv\/wp-json\/wp\/v2\/types\/product"}],"wp:featuredmedia":[{"embeddable":true,"href":"https:\/\/gretasexylingerie.com\/sv\/wp-json\/wp\/v2\/media\/51156"}],"wp:attachment":[{"href":"https:\/\/gretasexylingerie.com\/sv\/wp-json\/wp\/v2\/media?parent=51161"}],"wp:term":[{"taxonomy":"product_brand","embeddable":true,"href":"https:\/\/gretasexylingerie.com\/sv\/wp-json\/wp\/v2\/product_brand?post=51161"},{"taxonomy":"product_cat","embeddable":true,"href":"https:\/\/gretasexylingerie.com\/sv\/wp-json\/wp\/v2\/product_cat?post=51161"},{"taxonomy":"product_tag","embeddable":true,"href":"https:\/\/gretasexylingerie.com\/sv\/wp-json\/wp\/v2\/product_tag?post=51161"}],"curies":[{"name":"wp","href":"https:\/\/api.w.org\/{rel}","templated":true}]}}