{"id":51154,"date":"2024-07-15T12:36:09","date_gmt":"2024-07-15T04:36:09","guid":{"rendered":"https:\/\/gretasexylingerie.com\/?post_type=product&#038;p=51154"},"modified":"2024-07-15T12:56:52","modified_gmt":"2024-07-15T04:56:52","slug":"grossist-kvav-web-helkroppsfisknat-kostym","status":"publish","type":"product","link":"https:\/\/gretasexylingerie.com\/sv\/products\/wholesale-sultry-web-full-body-fishnet-suit\/","title":{"rendered":"Partihandel Sultry Web Full Body Fishnet Suit"},"content":{"rendered":"<p><strong>Lockande t\u00e4ckning<\/strong>: Tillverkad med ett fint n\u00e4tmaterial, denna dr\u00e4kt omsluter kroppen i en f\u00f6rf\u00f6risk v\u00e4v, och erbjuder en lockande titt samtidigt som den t\u00e4cker men accentuerar varje kurva.<\/p>\n\n\n\n<p><strong>Elegant l\u00e5ng\u00e4rmad<\/strong>: Den l\u00e5ng\u00e4rmade designen f\u00f6rl\u00e4nger n\u00e4tn\u00e4tets lockelse fr\u00e5n axel till handled, vilket ger en sofistikerad touch till den dj\u00e4rva kroppst\u00e4ckningen.<\/p>\n\n\n\n<p><strong>Strategisk design<\/strong>: Integrerad med en inbyggd bh och underkl\u00e4der, detta <strong>kroppsstrumpa f\u00f6r fiskn\u00e4t<\/strong> ger komfort och st\u00f6d, vilket g\u00f6r det lika praktiskt som det \u00e4r provocerande.<\/p>\n\n\n\n<p><strong>M\u00e5ngsidigt tilltalande<\/strong>: Idealisk f\u00f6r lager under kv\u00e4llskl\u00e4der eller som ett frist\u00e5ende statement, den h\u00e4r bodyn anpassar sig till b\u00e5de v\u00e5gade utekv\u00e4llar och intima tillf\u00e4llen.<\/p>\n\n\n\n<p><strong>Slutf\u00f6r utseendet<\/strong>: Levereras med matchande n\u00e4tstrumpor som ansluts via snygga h\u00e4ngselkl\u00e4mmor, som kompletterar den fantastiska silhuetten fr\u00e5n topp till t\u00e5.<\/p>\n\n\n\n<p><strong>S\u00f6ml\u00f6s shoppingupplevelse<\/strong>: Tillg\u00e4nglig f\u00f6r omedelbar inkludering i din butik via v\u00e5r <a href=\"https:\/\/gretasexylingerie.com\/sv\/droshpping-underklader-service\/\">drop shipping service<\/a>, vilket s\u00e4kerst\u00e4ller ett problemfritt s\u00e4tt att erbjuda detta i\u00f6gonfallande f\u00f6rem\u00e5l utan behov av lagerhantering.<\/p>\n\n\n\n<p>Bjud in dina kunder att dyka ner i djupet av deras v\u00e5gade sida med Sultry Web Full Body Fishnet Suit. Perfekt f\u00f6r dem som befaller uppm\u00e4rksamhet och firar sin dj\u00e4rvhet. L\u00e4gg till detta fascinerande f\u00f6rem\u00e5l till din samling idag och se hur det f\u00f6rvandlar det vanliga till det extraordin\u00e4ra. Ta kontakt med Greta Sexy Lingerie f\u00f6r s\u00f6ml\u00f6s integration i din sofistikerade lineup.<\/p>","protected":false},"excerpt":{"rendered":"<p>Sl\u00e4pp l\u00f6s v\u00e5gad elegans med v\u00e5r helkroppsn\u00e4tsdr\u00e4kt, en f\u00e4ngslande ensemble som blandar dj\u00e4rva linjer och ren t\u00e4ckning. Detta <strong>mesh bh och underkl\u00e4der set<\/strong> \u00e4r designad f\u00f6r att inspirera till f\u00f6rtroende och locka med sin omfattande, kroppsn\u00e4ra design.<\/p>","protected":false},"featured_media":51149,"template":"","meta":[],"product_brand":[],"product_cat":[405,404,409],"product_tag":[507,446,453],"class_list":{"0":"post-51154","1":"product","2":"type-product","3":"status-publish","4":"has-post-thumbnail","6":"product_cat-wholesale-bodystocking","7":"product_cat-sexy-stocking","8":"product_cat-wholesale-stocking-bodysuit","9":"product_tag-three-pcs-set","10":"product_tag-wholesale-sexy-see-through-lingerie","11":"product_tag-wholesale-sexy-naughty-lingerie","13":"first","14":"instock","15":"taxable","16":"shipping-taxable","17":"purchasable","18":"product-type-simple"},"tiered_pricing_type":"fixed","tiered_pricing_fixed_rules":[],"tiered_pricing_product_settings":{"layout":"default","base_unit_name":{"singular":null,"plural":null},"default_variation":null},"tiered_pricing_minimum_quantity":null,"tiered_pricing_roles_data":[],"tiered_pricing_percentage_rules":[],"tiered_pricing_maximum_quantity":null,"tiered_pricing_quantity_step":null,"_links":{"self":[{"href":"https:\/\/gretasexylingerie.com\/sv\/wp-json\/wp\/v2\/product\/51154","targetHints":{"allow":["GET"]}}],"collection":[{"href":"https:\/\/gretasexylingerie.com\/sv\/wp-json\/wp\/v2\/product"}],"about":[{"href":"https:\/\/gretasexylingerie.com\/sv\/wp-json\/wp\/v2\/types\/product"}],"wp:featuredmedia":[{"embeddable":true,"href":"https:\/\/gretasexylingerie.com\/sv\/wp-json\/wp\/v2\/media\/51149"}],"wp:attachment":[{"href":"https:\/\/gretasexylingerie.com\/sv\/wp-json\/wp\/v2\/media?parent=51154"}],"wp:term":[{"taxonomy":"product_brand","embeddable":true,"href":"https:\/\/gretasexylingerie.com\/sv\/wp-json\/wp\/v2\/product_brand?post=51154"},{"taxonomy":"product_cat","embeddable":true,"href":"https:\/\/gretasexylingerie.com\/sv\/wp-json\/wp\/v2\/product_cat?post=51154"},{"taxonomy":"product_tag","embeddable":true,"href":"https:\/\/gretasexylingerie.com\/sv\/wp-json\/wp\/v2\/product_tag?post=51154"}],"curies":[{"name":"wp","href":"https:\/\/api.w.org\/{rel}","templated":true}]}}