{"id":51050,"date":"2024-04-24T20:44:27","date_gmt":"2024-04-24T12:44:27","guid":{"rendered":"https:\/\/gretasexylingerie.com\/?post_type=product&#038;p=51050"},"modified":"2024-04-25T16:35:55","modified_gmt":"2024-04-25T08:35:55","slug":"grossist-romantisk-siden-aterhallsamhet-set-med-krage","status":"publish","type":"product","link":"https:\/\/gretasexylingerie.com\/sv\/products\/wholesale-romantic-silk-restraint-set-with-collar\/","title":{"rendered":"Grossistf\u00f6rs\u00e4ljning av romantisk sidenh\u00e5llare med krage"},"content":{"rendered":"<p><strong>Elegant inl\u00e4mning<\/strong>: Tillverkad med lyxigt siden och prydd med lekfulla volanger, detta <strong>snygg underkrage<\/strong> och manschettset erbjuder ett h\u00e4rligt alternativ till traditionella begr\u00e4nsningar, som blandar estetik med n\u00f6je.<\/p>\n\n\n\n<p><strong>Charmiga detaljer<\/strong>: Varje pj\u00e4s \u00e4r utsmyckad med en hj\u00e4rtformad accent, som symboliserar den tillit och tillgivenhet som \u00e4r inneboende i varje samf\u00f6rst\u00e5ndsutbyte. Kontrasten av dj\u00e4rvt r\u00f6tt och svart ger en visuellt sl\u00e5ende dimension.<\/p>\n\n\n\n<p><strong>Komfort i tv\u00e5ng<\/strong>: Silkesmaterialets mjukhet s\u00e4kerst\u00e4ller ett bekv\u00e4mt b\u00e4rande, medan den robusta designen av begr\u00e4nsningarna s\u00e4kerst\u00e4ller tillf\u00f6rlitlighet utan att ge avkall p\u00e5 stil, vilket g\u00f6r dem perfekta f\u00f6r <strong>handledsskydd i siden<\/strong>.<\/p>\n\n\n\n<p><strong>M\u00e5ngsidigt slitage<\/strong>: Oavsett om det anv\u00e4nds f\u00f6r en lekfull kv\u00e4ll i eller som ett fashion statement, \u00e4r det h\u00e4r setet tillr\u00e4ckligt m\u00e5ngsidigt f\u00f6r att passa olika scenarier och preferenser.<\/p>\n\n\n\n<p><strong>S\u00f6ml\u00f6s f\u00f6rs\u00e4ljning<\/strong>: Tillg\u00e4nglig via v\u00e5r <a href=\"https:\/\/gretasexylingerie.com\/sv\/droshpping-underklader-service\/\">dropshipping-tj\u00e4nst<\/a>, detta set \u00e4r ett problemfritt till\u00e4gg till ditt lager, vilket m\u00f6jligg\u00f6r ett enkelt s\u00e4tt att tillfredsst\u00e4lla dem som letar efter en skonsam introduktion till \u00e5terh\u00e5llsam lek.<\/p>\n\n\n\n<p>F\u00f6rb\u00e4ttra din samling med denna f\u00f6rtrollande <strong>krage och handbojor set<\/strong>, perfekt f\u00f6r par som utforskar en mjukare sida av dominans och underkastelse. Ta kontakt med Greta Sexy Lingerie f\u00f6r att ge dina kunder en lockande blandning av komfort och kontroll.<\/p>","protected":false},"excerpt":{"rendered":"<p>\u00c5beropa en blandning av sk\u00f6nhet och \u00e5terh\u00e5llsamhet med denna lyxiga <strong>krage och handbojor set<\/strong>. Med delikat siden och charmiga accenter \u00e4r detta set designat f\u00f6r dem som uppskattar en mjukare, mer sensuell inst\u00e4llning till underkastelse.<\/p>","protected":false},"featured_media":51039,"template":"","meta":[],"product_brand":[],"product_cat":[1059,1066],"product_tag":[],"class_list":{"0":"post-51050","1":"product","2":"type-product","3":"status-publish","4":"has-post-thumbnail","6":"product_cat-wholesale-bondage-equipment","7":"product_cat-handcuffs-bondage-collars-ankle-strap","8":"pa_color-black","9":"pa_size-free","11":"first","12":"instock","13":"taxable","14":"shipping-taxable","15":"purchasable","16":"product-type-variable"},"tiered_pricing_type":"fixed","tiered_pricing_fixed_rules":[],"tiered_pricing_product_settings":{"layout":"default","base_unit_name":{"singular":null,"plural":null},"default_variation":null},"tiered_pricing_minimum_quantity":null,"tiered_pricing_roles_data":[],"tiered_pricing_percentage_rules":[],"tiered_pricing_maximum_quantity":null,"tiered_pricing_quantity_step":null,"_links":{"self":[{"href":"https:\/\/gretasexylingerie.com\/sv\/wp-json\/wp\/v2\/product\/51050","targetHints":{"allow":["GET"]}}],"collection":[{"href":"https:\/\/gretasexylingerie.com\/sv\/wp-json\/wp\/v2\/product"}],"about":[{"href":"https:\/\/gretasexylingerie.com\/sv\/wp-json\/wp\/v2\/types\/product"}],"wp:featuredmedia":[{"embeddable":true,"href":"https:\/\/gretasexylingerie.com\/sv\/wp-json\/wp\/v2\/media\/51039"}],"wp:attachment":[{"href":"https:\/\/gretasexylingerie.com\/sv\/wp-json\/wp\/v2\/media?parent=51050"}],"wp:term":[{"taxonomy":"product_brand","embeddable":true,"href":"https:\/\/gretasexylingerie.com\/sv\/wp-json\/wp\/v2\/product_brand?post=51050"},{"taxonomy":"product_cat","embeddable":true,"href":"https:\/\/gretasexylingerie.com\/sv\/wp-json\/wp\/v2\/product_cat?post=51050"},{"taxonomy":"product_tag","embeddable":true,"href":"https:\/\/gretasexylingerie.com\/sv\/wp-json\/wp\/v2\/product_tag?post=51050"}],"curies":[{"name":"wp","href":"https:\/\/api.w.org\/{rel}","templated":true}]}}