{"id":51037,"date":"2024-04-24T20:43:29","date_gmt":"2024-04-24T12:43:29","guid":{"rendered":"https:\/\/gretasexylingerie.com\/?post_type=product&#038;p=51037"},"modified":"2024-04-25T16:32:13","modified_gmt":"2024-04-25T08:32:13","slug":"grossist-lyxiga-spets-ogonbindel-och-handfangsel-set","status":"publish","type":"product","link":"https:\/\/gretasexylingerie.com\/sv\/products\/wholesale-luxe-lace-blindfold-and-handcuff-set\/","title":{"rendered":"Grossist Luxe Spets \u00d6gonbindel och handf\u00e4ngsel Set"},"content":{"rendered":"<p><strong>Uts\u00f6kt sensoriskt spel<\/strong>: F\u00f6rb\u00e4ttra den sensoriska upplevelsen med detta set som inneh\u00e5ller en mjuk spetsdetaljer <strong>\u00f6gonbindel av l\u00e4der<\/strong> och matchande handbojor, designade f\u00f6r en lyxig och bekv\u00e4m lek.<\/p>\n\n\n\n<p><strong>P\u00e5kostade spetsdetaljer<\/strong>: B\u00e5de \u00f6gonbindeln och handbojorna \u00e4r utsmyckade med intrikata spetsar, vilket ger en visuellt fantastisk tilltalande som inte kompromissar med sp\u00e4nningen i <strong>handbojor sexiga<\/strong> spel.<\/p>\n\n\n\n<p><strong>Mjuk men \u00e4nd\u00e5 s\u00e4ker<\/strong>: Tillverkade av premiummaterial ger dessa tillbeh\u00f6r en mjuk ber\u00f6ring mot huden samtidigt som de s\u00e4kerst\u00e4ller ett stadigt grepp, vilket m\u00f6jligg\u00f6r enkel r\u00f6relse och tillf\u00f6rlitlighet under anv\u00e4ndning.<\/p>\n\n\n\n<p><strong>Justerbar f\u00f6r alla<\/strong>Handbojor kommer med justerbara remmar, vilket g\u00f6r dem l\u00e4mpliga f\u00f6r olika storlekar och s\u00e4kerst\u00e4ller att alla kan hitta sin perfekta passform f\u00f6r en natt av sp\u00e4nning.<\/p>\n\n\n\n<p><strong>L\u00e4tt att lagra och s\u00e4lja<\/strong>: Som en del av v\u00e5r <a href=\"https:\/\/gretasexylingerie.com\/sv\/grossist-underklader\/\">grossisttj\u00e4nst<\/a>, detta set \u00e4r tillg\u00e4ngligt utan minsta best\u00e4llningskvantitet, vilket g\u00f6r det till ett problemfritt tillskott till din butik eller onlinebutik.<\/p>\n\n\n\n<p>Skapa ett of\u00f6rgl\u00f6mligt \u00e4ventyr f\u00f6r dina kunder med v\u00e5r <strong>\u00f6gonbindel och handbojor<\/strong> upps\u00e4ttning. Perfekt f\u00f6r dem som v\u00e4rnar om b\u00e5de komfort och kontroll, denna duo v\u00e4ntar p\u00e5 att l\u00e5sa upp en v\u00e4rld av m\u00f6jligheter. Kom i kontakt med Greta Sexy Lingerie idag och ta med ett inslag av sofistikerad tease till din samling.<\/p>","protected":false},"excerpt":{"rendered":"<p>Dyk in i mystikens lockelse med denna eleganta <strong>\u00f6gonbindel och handbojor<\/strong> upps\u00e4ttning. Den h\u00e4r duon kombinerar den smidiga k\u00e4nslan av l\u00e4der med delikat spets, och \u00e4r perfekt f\u00f6r dem som vill l\u00e4gga till en touch av sexig sofistikering till sin repertoar.<\/p>","protected":false},"featured_media":51036,"template":"","meta":[],"product_brand":[],"product_cat":[1063,1059,1066],"product_tag":[],"class_list":{"0":"post-51037","1":"product","2":"type-product","3":"status-publish","4":"has-post-thumbnail","6":"product_cat-wholesale-bdsm-mask-blindfold","7":"product_cat-wholesale-bondage-equipment","8":"product_cat-handcuffs-bondage-collars-ankle-strap","9":"pa_color-black","10":"pa_size-free","12":"first","13":"instock","14":"taxable","15":"shipping-taxable","16":"purchasable","17":"product-type-variable"},"tiered_pricing_type":"fixed","tiered_pricing_fixed_rules":[],"tiered_pricing_product_settings":{"layout":"default","base_unit_name":{"singular":null,"plural":null},"default_variation":null},"tiered_pricing_minimum_quantity":null,"tiered_pricing_roles_data":[],"tiered_pricing_percentage_rules":[],"tiered_pricing_maximum_quantity":null,"tiered_pricing_quantity_step":null,"_links":{"self":[{"href":"https:\/\/gretasexylingerie.com\/sv\/wp-json\/wp\/v2\/product\/51037","targetHints":{"allow":["GET"]}}],"collection":[{"href":"https:\/\/gretasexylingerie.com\/sv\/wp-json\/wp\/v2\/product"}],"about":[{"href":"https:\/\/gretasexylingerie.com\/sv\/wp-json\/wp\/v2\/types\/product"}],"wp:featuredmedia":[{"embeddable":true,"href":"https:\/\/gretasexylingerie.com\/sv\/wp-json\/wp\/v2\/media\/51036"}],"wp:attachment":[{"href":"https:\/\/gretasexylingerie.com\/sv\/wp-json\/wp\/v2\/media?parent=51037"}],"wp:term":[{"taxonomy":"product_brand","embeddable":true,"href":"https:\/\/gretasexylingerie.com\/sv\/wp-json\/wp\/v2\/product_brand?post=51037"},{"taxonomy":"product_cat","embeddable":true,"href":"https:\/\/gretasexylingerie.com\/sv\/wp-json\/wp\/v2\/product_cat?post=51037"},{"taxonomy":"product_tag","embeddable":true,"href":"https:\/\/gretasexylingerie.com\/sv\/wp-json\/wp\/v2\/product_tag?post=51037"}],"curies":[{"name":"wp","href":"https:\/\/api.w.org\/{rel}","templated":true}]}}