{"id":51029,"date":"2024-04-24T20:42:56","date_gmt":"2024-04-24T12:42:56","guid":{"rendered":"https:\/\/gretasexylingerie.com\/?post_type=product&#038;p=51029"},"modified":"2024-04-25T16:29:58","modified_gmt":"2024-04-25T08:29:58","slug":"grossist-blandande-bling-tofs-flogger","status":"publish","type":"product","link":"https:\/\/gretasexylingerie.com\/sv\/products\/wholesale-dazzling-bling-tassel-flogger\/","title":{"rendered":"Partihandel Bl\u00e4ndande Bling Tofs Flogger"},"content":{"rendered":"<p><strong>Glamor\u00f6s design<\/strong>: Denna flogger har ett skimrande handtag som ger en touch av glamour till din disciplin. Den gnistrande effekten lovar att f\u00e5nga \u00f6gat och locka sinnena.<\/p>\n\n\n\n<p><strong>Sp\u00e4nnande tofsar<\/strong>: Med sina frodiga svarta tofsar, detta <strong>tofs flogger<\/strong> \u00e4r utformad f\u00f6r dem som uppskattar den k\u00e4nsliga balansen mellan njutning och sm\u00e4rta, som ger en mjuk smekning eller ett skarpt stick med ett enkelt sn\u00e4rt med handleden.<\/p>\n\n\n\n<p><strong>M\u00e5ngsidig dynamik<\/strong>: Oavsett om den anv\u00e4nds som en mild teaser eller en fast bestraffare, kan den h\u00e4r floggarens flexibla tr\u00e5dar leverera ett brett spektrum av sensationer, vilket g\u00f6r den till ett m\u00e5ngsidigt verktyg i vuxenlekens rike.<\/p>\n\n\n\n<p><strong>H\u00e5llbart hantverk<\/strong>: Konstruerad med robusta material, detta <strong>vuxen spanking paddel<\/strong> \u00e4r byggd f\u00f6r att h\u00e5lla, uth\u00e4rda p\u00e5frestningar av alla \u00e4ventyrliga eskapad.<\/p>\n\n\n\n<p><strong>Tillg\u00e4nglighet i grossistledet<\/strong>: Finns f\u00f6r massk\u00f6p via v\u00e5r <a href=\"https:\/\/gretasexylingerie.com\/sv\/oem-tjanst\/\">OEM-tj\u00e4nst<\/a>, denna bl\u00e4ndande flogger erbjuds utan MOQ, vilket underl\u00e4ttar enkel lagerhantering och snabb uppfyllelse av kundens \u00f6nskem\u00e5l.<\/p>\n\n\n\n<p>Lyft ditt sortiment med denna uts\u00f6kta <strong>bling flogger<\/strong>, och f\u00f6rse din kundkrets med en touch av lyx i sina utforskande anstr\u00e4ngningar. L\u00e4gg din best\u00e4llning hos Greta Sexy Lingerie idag och l\u00e5t gnistorna flyga med stil.<\/p>","protected":false},"excerpt":{"rendered":"<p>Sl\u00e4pp l\u00f6s en v\u00e4rld av \u00f6verd\u00e5dig disciplin med detta <strong>bling flogger<\/strong>, ett lyxigt tillskott till alla vuxenkollektioner. Denna flogger kombinerar tofsens sl\u00e5ende tjusning med den sp\u00e4nnande potentialen hos en spanking paddel.<\/p>","protected":false},"featured_media":51023,"template":"","meta":[],"product_brand":[],"product_cat":[1059,1067],"product_tag":[],"class_list":{"0":"post-51029","1":"product","2":"type-product","3":"status-publish","4":"has-post-thumbnail","6":"product_cat-wholesale-bondage-equipment","7":"product_cat-wholesale-spanking-whips-paddles","8":"pa_color-black","9":"pa_color-pink-women-sexy-lingerie","10":"pa_size-free","12":"first","13":"instock","14":"taxable","15":"shipping-taxable","16":"purchasable","17":"product-type-variable"},"tiered_pricing_type":"fixed","tiered_pricing_fixed_rules":[],"tiered_pricing_product_settings":{"layout":"default","base_unit_name":{"singular":null,"plural":null},"default_variation":null},"tiered_pricing_minimum_quantity":null,"tiered_pricing_roles_data":[],"tiered_pricing_percentage_rules":[],"tiered_pricing_maximum_quantity":null,"tiered_pricing_quantity_step":null,"_links":{"self":[{"href":"https:\/\/gretasexylingerie.com\/sv\/wp-json\/wp\/v2\/product\/51029","targetHints":{"allow":["GET"]}}],"collection":[{"href":"https:\/\/gretasexylingerie.com\/sv\/wp-json\/wp\/v2\/product"}],"about":[{"href":"https:\/\/gretasexylingerie.com\/sv\/wp-json\/wp\/v2\/types\/product"}],"wp:featuredmedia":[{"embeddable":true,"href":"https:\/\/gretasexylingerie.com\/sv\/wp-json\/wp\/v2\/media\/51023"}],"wp:attachment":[{"href":"https:\/\/gretasexylingerie.com\/sv\/wp-json\/wp\/v2\/media?parent=51029"}],"wp:term":[{"taxonomy":"product_brand","embeddable":true,"href":"https:\/\/gretasexylingerie.com\/sv\/wp-json\/wp\/v2\/product_brand?post=51029"},{"taxonomy":"product_cat","embeddable":true,"href":"https:\/\/gretasexylingerie.com\/sv\/wp-json\/wp\/v2\/product_cat?post=51029"},{"taxonomy":"product_tag","embeddable":true,"href":"https:\/\/gretasexylingerie.com\/sv\/wp-json\/wp\/v2\/product_tag?post=51029"}],"curies":[{"name":"wp","href":"https:\/\/api.w.org\/{rel}","templated":true}]}}