{"id":51017,"date":"2024-04-24T20:42:10","date_gmt":"2024-04-24T12:42:10","guid":{"rendered":"https:\/\/gretasexylingerie.com\/?post_type=product&#038;p=51017"},"modified":"2024-04-25T16:27:21","modified_gmt":"2024-04-25T08:27:21","slug":"grossist-intrepid-studded-lader-bdsm-paddel","status":"publish","type":"product","link":"https:\/\/gretasexylingerie.com\/sv\/products\/wholesale-intrepid-studded-leather-bdsm-paddle\/","title":{"rendered":"Partihandel Intrepid Dubbade L\u00e4der BDSM Paddle"},"content":{"rendered":"<p><strong>Imponerande estetik<\/strong>: Det h\u00e4r <strong>dubbpaddla BDSM<\/strong> Essential \u00e4r inte bara funktionell utan ocks\u00e5 visuellt sl\u00e5ende, med ett dj\u00e4rvt utbud av metalliska nitar som lovar en of\u00f6rgl\u00f6mlig effekt.<\/p>\n\n\n\n<p><strong>Exakt kontroll<\/strong>: Konstruerat f\u00f6r balans och kontroll, ger det robusta handtaget ett fast grepp, vilket m\u00f6jligg\u00f6r uppm\u00e4tta och avsiktliga slag som tillgodoser den rutinerade entusiasten.<\/p>\n\n\n\n<p><strong>Orubbligt hantverk<\/strong>: Tillverkad med h\u00f6gkvalitativt l\u00e4der, detta <strong>spetsad BDSM-paddel<\/strong> \u00e4r byggd f\u00f6r att t\u00e5la den mest kr\u00e4vande anv\u00e4ndningen samtidigt som den beh\u00e5ller sitt formidabla utseende.<\/p>\n\n\n\n<p><strong>Sp\u00e4nnande f\u00f6rnimmelser<\/strong>: Paddelns strukturerade yta \u00e4r designad f\u00f6r att ge en m\u00e4ngd olika sensationer, och erbjuder en dynamisk upplevelse som kan skr\u00e4ddarsys f\u00f6r alla anv\u00e4ndares preferenser.<\/p>\n\n\n\n<p><strong>Redo f\u00f6r detaljhandel<\/strong>: Som en del av v\u00e5r m\u00e5ngsidiga <a href=\"https:\/\/gretasexylingerie.com\/sv\/grossist-underklader\/\">grossisttj\u00e4nst<\/a>, denna paddel erbjuds med bekv\u00e4mligheten av ingen MOQ, vilket m\u00f6jligg\u00f6r enkel lagerh\u00e5llning och kundtillfredsst\u00e4llelse.<\/p>\n\n\n\n<p>Diversifiera ditt erbjudande med detta yttersta <strong>dubbade spanking paddel<\/strong>, ett m\u00e5ste f\u00f6r aficionados som vill h\u00f6ja sitt spel. Samarbeta med Greta Sexy Lingerie f\u00f6r att f\u00f6rse dina kunder med h\u00f6jdpunkten av njutning och sm\u00e4rta, d\u00e4r hantverk m\u00f6ter v\u00e5gat beg\u00e4r.<\/p>","protected":false},"excerpt":{"rendered":"<p>Kliv in i intensitetens omr\u00e5de med detta <strong>dubbade spanking paddel<\/strong>, designad f\u00f6r den v\u00e5gade. Med sina imponerande spetsade accenter \u00e4r denna paddel ett uttalande i alla <strong>BDSM<\/strong> samling.<\/p>","protected":false},"featured_media":51010,"template":"","meta":[],"product_brand":[],"product_cat":[1059,1067],"product_tag":[],"class_list":{"0":"post-51017","1":"product","2":"type-product","3":"status-publish","4":"has-post-thumbnail","6":"product_cat-wholesale-bondage-equipment","7":"product_cat-wholesale-spanking-whips-paddles","8":"pa_color-black","9":"pa_size-free","11":"first","12":"instock","13":"taxable","14":"shipping-taxable","15":"purchasable","16":"product-type-variable"},"tiered_pricing_type":"fixed","tiered_pricing_fixed_rules":[],"tiered_pricing_product_settings":{"layout":"default","base_unit_name":{"singular":null,"plural":null},"default_variation":null},"tiered_pricing_minimum_quantity":null,"tiered_pricing_roles_data":[],"tiered_pricing_percentage_rules":[],"tiered_pricing_maximum_quantity":null,"tiered_pricing_quantity_step":null,"_links":{"self":[{"href":"https:\/\/gretasexylingerie.com\/sv\/wp-json\/wp\/v2\/product\/51017","targetHints":{"allow":["GET"]}}],"collection":[{"href":"https:\/\/gretasexylingerie.com\/sv\/wp-json\/wp\/v2\/product"}],"about":[{"href":"https:\/\/gretasexylingerie.com\/sv\/wp-json\/wp\/v2\/types\/product"}],"wp:featuredmedia":[{"embeddable":true,"href":"https:\/\/gretasexylingerie.com\/sv\/wp-json\/wp\/v2\/media\/51010"}],"wp:attachment":[{"href":"https:\/\/gretasexylingerie.com\/sv\/wp-json\/wp\/v2\/media?parent=51017"}],"wp:term":[{"taxonomy":"product_brand","embeddable":true,"href":"https:\/\/gretasexylingerie.com\/sv\/wp-json\/wp\/v2\/product_brand?post=51017"},{"taxonomy":"product_cat","embeddable":true,"href":"https:\/\/gretasexylingerie.com\/sv\/wp-json\/wp\/v2\/product_cat?post=51017"},{"taxonomy":"product_tag","embeddable":true,"href":"https:\/\/gretasexylingerie.com\/sv\/wp-json\/wp\/v2\/product_tag?post=51017"}],"curies":[{"name":"wp","href":"https:\/\/api.w.org\/{rel}","templated":true}]}}