{"id":50945,"date":"2024-04-20T21:26:28","date_gmt":"2024-04-20T13:26:28","guid":{"rendered":"https:\/\/gretasexylingerie.com\/?post_type=product&#038;p=50945"},"modified":"2024-04-21T12:25:18","modified_gmt":"2024-04-21T04:25:18","slug":"grossist-inledande-ball-gag-set","status":"publish","type":"product","link":"https:\/\/gretasexylingerie.com\/sv\/products\/wholesale-introductory-ball-gag-set\/","title":{"rendered":"Partihandel inledande Ball Gag Set"},"content":{"rendered":"<p><strong>Nyb\u00f6rjarv\u00e4nlig design<\/strong>: V\u00e5rt <strong>ball gag set<\/strong> \u00e4r skr\u00e4ddarsydd f\u00f6r de som \u00e4r nyb\u00f6rjare i gag-spel, med en benformad boll som andas som g\u00f6r det l\u00e4tt att anv\u00e4nda samtidigt som det uppfyller \u00f6nskan om d\u00e4mpat tal.<\/p>\n\n\n\n<p><strong>Mild \u00e5terh\u00e5llsamhet<\/strong>: Det mjuka, b\u00f6jliga materialet i gaggen s\u00e4kerst\u00e4ller ett bekv\u00e4mt bett, medan de justerbara remmarna erbjuder en s\u00e4ker passform utan att \u00f6verv\u00e4ldiga b\u00e4raren, vilket g\u00f6r den till en idealisk <strong>boll gag f\u00f6r nyb\u00f6rjare<\/strong>.<\/p>\n\n\n\n<p><strong>S\u00e4ker och justerbar<\/strong>: Rej\u00e4la sp\u00e4nnen och remmar ger den n\u00f6dv\u00e4ndiga s\u00e4kerheten, vilket s\u00e4kerst\u00e4ller att gaggen stannar p\u00e5 plats, samtidigt som de erbjuder flexibiliteten att anpassa sig till ett brett utbud av storlekar och preferenser.<\/p>\n\n\n\n<p><strong>Subtil estetik<\/strong>: Tillverkad med en minimalistisk design, den h\u00e4r upps\u00e4ttningen ger ett elegant, diskret utseende, vilket g\u00f6r att det blir en mjuk introduktion till gag-spel.<\/p>\n\n\n\n<p><strong>Kvalitetskonstruktion<\/strong>: Tillverkad av h\u00f6gkvalitativa material, denna gag \u00e4r byggd f\u00f6r att t\u00e5la tidens tand och lek, och erbjuder ett h\u00e5llbart alternativ f\u00f6r \u00e5terf\u00f6rs\u00e4ljare.<\/p>\n\n\n\n<p>Skapa ett nyb\u00f6rjarv\u00e4nligt urval i din butik med v\u00e5r <strong>Inledande Ball Gag Set<\/strong>. Finns att best\u00e4lla via v\u00e5r <a href=\"https:\/\/gretasexylingerie.com\/sv\/droshpping-underklader-service\/\">drop shipping service<\/a>, ger ett s\u00e4kert och inbjudande alternativ f\u00f6r dem som \u00e4r nyfikna p\u00e5 att f\u00f6rb\u00e4ttra sina sensoriska upplevelser. Erbjud sp\u00e4nningen av d\u00e4mpade viskningar och kontrollerade andetag; l\u00e4gg till detta v\u00e4sentliga till dina erbjudanden idag.<\/p>","protected":false},"excerpt":{"rendered":"<p>V\u00e4lkommen nykomlingar till en v\u00e4rld av \u00e5terh\u00e5llsamhet, lek med detta <strong>boll gag f\u00f6r nyb\u00f6rjare<\/strong>. Designad f\u00f6r komfort och kontroll, denna gag \u00e4r en stapelvara f\u00f6r dem som b\u00f6rjar sin utforskande resa.<\/p>","protected":false},"featured_media":50944,"template":"","meta":[],"product_brand":[],"product_cat":[1059,1064],"product_tag":[],"class_list":{"0":"post-50945","1":"product","2":"type-product","3":"status-publish","4":"has-post-thumbnail","6":"product_cat-wholesale-bondage-equipment","7":"product_cat-wholesale-gag-gifts","8":"pa_color-black","9":"pa_size-free","11":"first","12":"instock","13":"taxable","14":"shipping-taxable","15":"purchasable","16":"product-type-variable"},"tiered_pricing_type":"fixed","tiered_pricing_fixed_rules":[],"tiered_pricing_product_settings":{"layout":"table","base_unit_name":{"singular":null,"plural":null},"default_variation":null},"tiered_pricing_minimum_quantity":null,"tiered_pricing_roles_data":[],"tiered_pricing_percentage_rules":[],"tiered_pricing_maximum_quantity":null,"tiered_pricing_quantity_step":null,"_links":{"self":[{"href":"https:\/\/gretasexylingerie.com\/sv\/wp-json\/wp\/v2\/product\/50945","targetHints":{"allow":["GET"]}}],"collection":[{"href":"https:\/\/gretasexylingerie.com\/sv\/wp-json\/wp\/v2\/product"}],"about":[{"href":"https:\/\/gretasexylingerie.com\/sv\/wp-json\/wp\/v2\/types\/product"}],"wp:featuredmedia":[{"embeddable":true,"href":"https:\/\/gretasexylingerie.com\/sv\/wp-json\/wp\/v2\/media\/50944"}],"wp:attachment":[{"href":"https:\/\/gretasexylingerie.com\/sv\/wp-json\/wp\/v2\/media?parent=50945"}],"wp:term":[{"taxonomy":"product_brand","embeddable":true,"href":"https:\/\/gretasexylingerie.com\/sv\/wp-json\/wp\/v2\/product_brand?post=50945"},{"taxonomy":"product_cat","embeddable":true,"href":"https:\/\/gretasexylingerie.com\/sv\/wp-json\/wp\/v2\/product_cat?post=50945"},{"taxonomy":"product_tag","embeddable":true,"href":"https:\/\/gretasexylingerie.com\/sv\/wp-json\/wp\/v2\/product_tag?post=50945"}],"curies":[{"name":"wp","href":"https:\/\/api.w.org\/{rel}","templated":true}]}}