{"id":50935,"date":"2024-04-20T21:25:57","date_gmt":"2024-04-20T13:25:57","guid":{"rendered":"https:\/\/gretasexylingerie.com\/?post_type=product&#038;p=50935"},"modified":"2024-04-20T21:42:45","modified_gmt":"2024-04-20T13:42:45","slug":"grossist-gatfulla-fjaderklippta-spetsunderklader-set","status":"publish","type":"product","link":"https:\/\/gretasexylingerie.com\/sv\/products\/wholesale-enigmatic-feather-trimmed-lace-lingerie-set\/","title":{"rendered":"Enigmatic, fj\u00e4dertrimmad spetsunderkl\u00e4der i grossistledet"},"content":{"rendered":"<p><strong>Lyxiga fj\u00e4deraccenter<\/strong>: Den <strong>fj\u00e4derunderkl\u00e4der set<\/strong> ger en touch av teatralisk glamour till klassiska underkl\u00e4der, med k\u00e4nsliga fj\u00e4drar som viskar mot huden och skapar en aura av mystik.<\/p>\n\n\n\n<p><strong>Gl\u00e4nsande detaljer<\/strong>: Den h\u00e4r ensemblen tillh\u00f6r v\u00e5r <strong>lysande bh och trosor set<\/strong>, som visar upp uts\u00f6kt spetshantverk och skimrande utsmyckningar som f\u00e5ngar ljuset \u2013 och \u00f6gat.<\/p>\n\n\n\n<p><strong>Skulpterad siluett<\/strong>: Den <strong>svart bh-set med h\u00f6g midja i spets<\/strong> \u00e4r designad f\u00f6r att skulptera och smickra figuren, med den h\u00f6gmidjade trosan som ger en elegant kontur och BH:n ger ett st\u00f6djande lyft.<\/p>\n\n\n\n<p><strong>Tidl\u00f6s elegans<\/strong>: Med sin klassiska svarta spets \u00f6verskrider detta set trender, vilket s\u00e4kerst\u00e4ller att det f\u00f6rblir en nyckeldel i alla intima kl\u00e4dkollektioner i m\u00e5nga \u00e5r fram\u00f6ver.<\/p>\n\n\n\n<p><strong>Dramatisk tjusning<\/strong>: Perfekt f\u00f6r dem som vill g\u00f6ra ett uttalande i sin boudoarkl\u00e4dsel, det h\u00e4r setet lovar en of\u00f6rgl\u00f6mlig visuell effekt, fr\u00e5n den privata kammaren till scenens rampljus.<\/p>\n\n\n\n<p>V\u00e4lj <strong>G\u00e5tfull fj\u00e4derkantad spetsunderkl\u00e4derset<\/strong> f\u00f6r din butik och erbjuda dina kunder en pj\u00e4s som \u00e4r lika f\u00e4ngslande som lyxig. Tillg\u00e4nglig via v\u00e5r <a href=\"https:\/\/gretasexylingerie.com\/sv\/droshpping-underklader-service\/\">drop shipping service<\/a>, tillgodose de raffinerade smakerna hos din kundkrets utan komplexiteten med lagerhantering. Bjud in elegans till din samling idag.<\/p>\n\n\n\n<figure class=\"wp-block-table\">\n<table>\n<tbody>\n<tr>\n<td class=\"has-text-align-center\" colspan=\"7\" data-align=\"center\"><strong>Storlekstabell (CM)<\/strong><\/td>\n<\/tr>\n<tr>\n<td class=\"has-text-align-center\" data-align=\"center\"><strong>Storlek<\/strong><\/td>\n<td class=\"has-text-align-center\" data-align=\"center\"><strong>Kopph\u00f6jd (cm)<\/strong><\/td>\n<td class=\"has-text-align-center\" data-align=\"center\"><strong>Under byst (cm)<\/strong><\/td>\n<td class=\"has-text-align-center\" data-align=\"center\"><strong>Strumpeband midja (cm)<\/strong><\/td>\n<td class=\"has-text-align-center\" data-align=\"center\"><strong>Trosa midja (cm)<\/strong><\/td>\n<td class=\"has-text-align-center\" data-align=\"center\"><strong>Trosan L\u00e4ngd (cm)<\/strong><\/td>\n<\/tr>\n<tr>\n<td class=\"has-text-align-center\" data-align=\"center\">S<\/td>\n<td class=\"has-text-align-center\" data-align=\"center\">15<\/td>\n<td class=\"has-text-align-center\" data-align=\"center\">64-90<\/td>\n<td class=\"has-text-align-center\" data-align=\"center\">66-78<\/td>\n<td class=\"has-text-align-center\" data-align=\"center\">66-86<\/td>\n<td class=\"has-text-align-center\" data-align=\"center\">21<\/td>\n<\/tr>\n<tr>\n<td class=\"has-text-align-center\" data-align=\"center\">M<\/td>\n<td class=\"has-text-align-center\" data-align=\"center\">16<\/td>\n<td class=\"has-text-align-center\" data-align=\"center\">68-94<\/td>\n<td class=\"has-text-align-center\" data-align=\"center\">68-80<\/td>\n<td class=\"has-text-align-center\" data-align=\"center\">68-90<\/td>\n<td class=\"has-text-align-center\" data-align=\"center\">22<\/td>\n<\/tr>\n<tr>\n<td class=\"has-text-align-center\" data-align=\"center\">L<\/td>\n<td class=\"has-text-align-center\" data-align=\"center\">17<\/td>\n<td class=\"has-text-align-center\" data-align=\"center\">72-98<\/td>\n<td class=\"has-text-align-center\" data-align=\"center\">70-82<\/td>\n<td class=\"has-text-align-center\" data-align=\"center\">72-94<\/td>\n<td class=\"has-text-align-center\" data-align=\"center\">23<\/td>\n<\/tr>\n<\/tbody>\n<\/table>\n<\/figure>\n\n\n\n<figure class=\"wp-block-table\">\n<table>\n<tbody>\n<tr>\n<td class=\"has-text-align-center\" colspan=\"7\" data-align=\"center\"><strong>Storlekstabell (INCH)<\/strong><\/td>\n<\/tr>\n<tr>\n<td class=\"has-text-align-center\" data-align=\"center\"><strong>Storlek<\/strong><\/td>\n<td class=\"has-text-align-center\" data-align=\"center\"><strong>Kopph\u00f6jd (in)<\/strong><\/td>\n<td class=\"has-text-align-center\" data-align=\"center\"><strong>Under byst (in)<\/strong><\/td>\n<td class=\"has-text-align-center\" data-align=\"center\"><strong>Strumpeband midja (in)<\/strong><\/td>\n<td class=\"has-text-align-center\" data-align=\"center\"><strong>Trosa midja (in)<\/strong><\/td>\n<td class=\"has-text-align-center\" data-align=\"center\"><strong>Trosan L\u00e4ngd (in)<\/strong><\/td>\n<\/tr>\n<tr>\n<td class=\"has-text-align-center\" data-align=\"center\">S<\/td>\n<td class=\"has-text-align-center\" data-align=\"center\">5.9<\/td>\n<td class=\"has-text-align-center\" data-align=\"center\">25.2-35.4<\/td>\n<td class=\"has-text-align-center\" data-align=\"center\">26.0-30.7<\/td>\n<td class=\"has-text-align-center\" data-align=\"center\">26.0-33.9<\/td>\n<td class=\"has-text-align-center\" data-align=\"center\">8.3<\/td>\n<\/tr>\n<tr>\n<td class=\"has-text-align-center\" data-align=\"center\">M<\/td>\n<td class=\"has-text-align-center\" data-align=\"center\">6.3<\/td>\n<td class=\"has-text-align-center\" data-align=\"center\">26.8-37.0<\/td>\n<td class=\"has-text-align-center\" data-align=\"center\">26.8-31.5<\/td>\n<td class=\"has-text-align-center\" data-align=\"center\">26.8-35.4<\/td>\n<td class=\"has-text-align-center\" data-align=\"center\">8.7<\/td>\n<\/tr>\n<tr>\n<td class=\"has-text-align-center\" data-align=\"center\">L<\/td>\n<td class=\"has-text-align-center\" data-align=\"center\">6.7<\/td>\n<td class=\"has-text-align-center\" data-align=\"center\">28.3-38.6<\/td>\n<td class=\"has-text-align-center\" data-align=\"center\">27.6-32.3<\/td>\n<td class=\"has-text-align-center\" data-align=\"center\">28.3-37.0<\/td>\n<td class=\"has-text-align-center\" data-align=\"center\">9.1<\/td>\n<\/tr>\n<\/tbody>\n<\/table>\n<\/figure>","protected":false},"excerpt":{"rendered":"<p>Njut av v\u00e5r \u00f6verfl\u00f6d <strong>fj\u00e4derunderkl\u00e4der set<\/strong>, d\u00e4r p\u00e5kostade detaljer m\u00f6ter tidl\u00f6s elegans. Detta <strong>svart bh-set med h\u00f6g midja i spets<\/strong> \u00e4r prydd med fj\u00e4deraccenter, f\u00f6renar sofistikering med en flirtig kant.<\/p>","protected":false},"featured_media":50929,"template":"","meta":[],"product_brand":[],"product_cat":[368,369,367],"product_tag":[507,861,875,865],"class_list":{"0":"post-50935","1":"product","2":"type-product","3":"status-publish","4":"has-post-thumbnail","6":"product_cat-bra-panty-set","7":"product_cat-wholesale-lace-bra-and-panty-sets","8":"product_cat-sexy-lingerie","9":"product_tag-three-pcs-set","10":"product_tag-brunette-lingerie","11":"product_tag-lace-sexy-lingerie","12":"product_tag-sexy-skimpy-lingerie","13":"pa_color-black","14":"pa_size-wholesale-large-size-women-sexy-lingerie","15":"pa_size-wholesale-medium-size-women-sexy-lingerie","16":"pa_size-wholesale-small-size-sexy-lingerie","18":"first","19":"instock","20":"taxable","21":"shipping-taxable","22":"purchasable","23":"product-type-variable"},"tiered_pricing_type":"fixed","tiered_pricing_fixed_rules":[],"tiered_pricing_product_settings":{"layout":"table","base_unit_name":{"singular":null,"plural":null},"default_variation":null},"tiered_pricing_minimum_quantity":null,"tiered_pricing_roles_data":[],"tiered_pricing_percentage_rules":[],"tiered_pricing_maximum_quantity":null,"tiered_pricing_quantity_step":null,"_links":{"self":[{"href":"https:\/\/gretasexylingerie.com\/sv\/wp-json\/wp\/v2\/product\/50935","targetHints":{"allow":["GET"]}}],"collection":[{"href":"https:\/\/gretasexylingerie.com\/sv\/wp-json\/wp\/v2\/product"}],"about":[{"href":"https:\/\/gretasexylingerie.com\/sv\/wp-json\/wp\/v2\/types\/product"}],"wp:featuredmedia":[{"embeddable":true,"href":"https:\/\/gretasexylingerie.com\/sv\/wp-json\/wp\/v2\/media\/50929"}],"wp:attachment":[{"href":"https:\/\/gretasexylingerie.com\/sv\/wp-json\/wp\/v2\/media?parent=50935"}],"wp:term":[{"taxonomy":"product_brand","embeddable":true,"href":"https:\/\/gretasexylingerie.com\/sv\/wp-json\/wp\/v2\/product_brand?post=50935"},{"taxonomy":"product_cat","embeddable":true,"href":"https:\/\/gretasexylingerie.com\/sv\/wp-json\/wp\/v2\/product_cat?post=50935"},{"taxonomy":"product_tag","embeddable":true,"href":"https:\/\/gretasexylingerie.com\/sv\/wp-json\/wp\/v2\/product_tag?post=50935"}],"curies":[{"name":"wp","href":"https:\/\/api.w.org\/{rel}","templated":true}]}}