{"id":50917,"date":"2024-04-20T21:24:47","date_gmt":"2024-04-20T13:24:47","guid":{"rendered":"https:\/\/gretasexylingerie.com\/?post_type=product&#038;p=50917"},"modified":"2024-04-20T21:39:10","modified_gmt":"2024-04-20T13:39:10","slug":"grossist-nautisk-charm-push-up-bh-och-trosor-set","status":"publish","type":"product","link":"https:\/\/gretasexylingerie.com\/sv\/products\/wholesale-nautical-charm-push-up-bra-and-panties-set\/","title":{"rendered":"Partihandel Nautical Charm Push-Up BH och trosor Set"},"content":{"rendered":"<p><strong>Maritim elegans<\/strong>: Den h\u00e4r djupa marinbl\u00e5 nyansen <strong>bl\u00e5 bh-set<\/strong> p\u00e5minner om oceaniska djup och erbjuder en k\u00e4nsla av mystik och \u00e4ventyr med varje del.<\/p>\n\n\n\n<p><strong>Lyft och locka<\/strong>: Den <strong>push-up bh<\/strong> st\u00e5tar med kupor som ger exceptionell lyftning och form, vilket s\u00e4kerst\u00e4ller en fantastisk siluett under alla plagg.<\/p>\n\n\n\n<p><strong>Bond of Beauty<\/strong>: F\u00e4ngslande <strong>uppbundna bh-trosor<\/strong> har nautiskt inspirerade detaljer, med repliknande slipsar som ber om att trasslas ut, vilket l\u00e4gger till ett interaktivt element till ensemblen.<\/p>\n\n\n\n<p><strong>Underkl\u00e4der som ytterkl\u00e4der<\/strong>: M\u00e5ngsidig nog f\u00f6r lager eller som frist\u00e5ende delar, den h\u00e4r upps\u00e4ttningens design l\u00e4mpar sig f\u00f6r en m\u00e4ngd olika stilar, fr\u00e5n boudoiren till huvudgatan.<\/p>\n\n\n\n<p><strong>Sofistikerad detaljering<\/strong>: H\u00e5rdvara i guldton ger en touch av klass till det marinbl\u00e5 tyget, medan de strategiska skira panelerna spelar en omg\u00e5ng av avsl\u00f6ja och d\u00f6lja.<\/p>\n\n\n\n<p>Navigera din butik till nya horisonter med v\u00e5r <strong>push-up bh underkl\u00e4der set<\/strong>. Erbjud denna maritima fantasi till dem som uppskattar tjusningen av det djupbl\u00e5, tillsammans med en \u00f6nskan om lekfull, men \u00e4nd\u00e5 sofistikerad design. Finns nu via v\u00e5r <a href=\"https:\/\/gretasexylingerie.com\/sv\/droshpping-underklader-service\/\">drop shipping service<\/a>, denna upps\u00e4ttning kan vara din att presentera utan minsta best\u00e4llning. Planera en kurs mot f\u00f6rh\u00f6jd elegans och ordning idag.<\/p>\n\n\n\n<figure class=\"wp-block-table\">\n<table>\n<tbody>\n<tr>\n<td class=\"has-text-align-center\" colspan=\"6\" data-align=\"center\"><strong>Storlekstabell (CM)<\/strong><\/td>\n<\/tr>\n<tr>\n<td class=\"has-text-align-center\" data-align=\"center\"><strong>Storlek<\/strong><\/td>\n<td class=\"has-text-align-center\" data-align=\"center\"><strong>Byst (cm)<\/strong><\/td>\n<td class=\"has-text-align-center\" data-align=\"center\"><strong>L\u00e4ngd (cm)<\/strong><\/td>\n<td class=\"has-text-align-center\" data-align=\"center\"><strong>Midja (cm)<\/strong><\/td>\n<td class=\"has-text-align-center\" data-align=\"center\"><strong>Byxans l\u00e4ngd (cm)<\/strong><\/td>\n<td class=\"has-text-align-center\" data-align=\"center\"><strong>Strumpebands midja (cm)<\/strong><\/td>\n<\/tr>\n<tr>\n<td class=\"has-text-align-center\" data-align=\"center\">S<\/td>\n<td class=\"has-text-align-center\" data-align=\"center\">68-86<\/td>\n<td class=\"has-text-align-center\" data-align=\"center\">15.5<\/td>\n<td class=\"has-text-align-center\" data-align=\"center\">68-96<\/td>\n<td class=\"has-text-align-center\" data-align=\"center\">24.5<\/td>\n<td class=\"has-text-align-center\" data-align=\"center\">64-86<\/td>\n<\/tr>\n<tr>\n<td class=\"has-text-align-center\" data-align=\"center\">M<\/td>\n<td class=\"has-text-align-center\" data-align=\"center\">72-90<\/td>\n<td class=\"has-text-align-center\" data-align=\"center\">16.5<\/td>\n<td class=\"has-text-align-center\" data-align=\"center\">72-100<\/td>\n<td class=\"has-text-align-center\" data-align=\"center\">25.5<\/td>\n<td class=\"has-text-align-center\" data-align=\"center\">68-90<\/td>\n<\/tr>\n<tr>\n<td class=\"has-text-align-center\" data-align=\"center\">L<\/td>\n<td class=\"has-text-align-center\" data-align=\"center\">76-94<\/td>\n<td class=\"has-text-align-center\" data-align=\"center\">17.5<\/td>\n<td class=\"has-text-align-center\" data-align=\"center\">76-104<\/td>\n<td class=\"has-text-align-center\" data-align=\"center\">26.5<\/td>\n<td class=\"has-text-align-center\" data-align=\"center\">72-94<\/td>\n<\/tr>\n<\/tbody>\n<\/table>\n<\/figure>\n\n\n\n<figure class=\"wp-block-table\">\n<table>\n<tbody>\n<tr>\n<td class=\"has-text-align-center\" colspan=\"6\" data-align=\"center\"><strong>Storlekstabell (INCH)<\/strong><\/td>\n<\/tr>\n<tr>\n<td class=\"has-text-align-center\" data-align=\"center\"><strong>Storlek<\/strong><\/td>\n<td class=\"has-text-align-center\" data-align=\"center\"><strong>Byst (in)<\/strong><\/td>\n<td class=\"has-text-align-center\" data-align=\"center\"><strong>L\u00e4ngd (tum)<\/strong><\/td>\n<td class=\"has-text-align-center\" data-align=\"center\"><strong>Midja (in)<\/strong><\/td>\n<td class=\"has-text-align-center\" data-align=\"center\"><strong>Byxans l\u00e4ngd (in)<\/strong><\/td>\n<td class=\"has-text-align-center\" data-align=\"center\"><strong>Strumpebandsmidja (in)<\/strong><\/td>\n<\/tr>\n<tr>\n<td class=\"has-text-align-center\" data-align=\"center\">S<\/td>\n<td class=\"has-text-align-center\" data-align=\"center\">26.8-33.9<\/td>\n<td class=\"has-text-align-center\" data-align=\"center\">6.1<\/td>\n<td class=\"has-text-align-center\" data-align=\"center\">26.8-37.8<\/td>\n<td class=\"has-text-align-center\" data-align=\"center\">9.6<\/td>\n<td class=\"has-text-align-center\" data-align=\"center\">25.2-33.9<\/td>\n<\/tr>\n<tr>\n<td class=\"has-text-align-center\" data-align=\"center\">M<\/td>\n<td class=\"has-text-align-center\" data-align=\"center\">28.3-35.4<\/td>\n<td class=\"has-text-align-center\" data-align=\"center\">6.5<\/td>\n<td class=\"has-text-align-center\" data-align=\"center\">28.3-39.4<\/td>\n<td class=\"has-text-align-center\" data-align=\"center\">10.0<\/td>\n<td class=\"has-text-align-center\" data-align=\"center\">26.8-35.4<\/td>\n<\/tr>\n<tr>\n<td class=\"has-text-align-center\" data-align=\"center\">L<\/td>\n<td class=\"has-text-align-center\" data-align=\"center\">29.9-37.0<\/td>\n<td class=\"has-text-align-center\" data-align=\"center\">6.9<\/td>\n<td class=\"has-text-align-center\" data-align=\"center\">29.9-40.9<\/td>\n<td class=\"has-text-align-center\" data-align=\"center\">10.4<\/td>\n<td class=\"has-text-align-center\" data-align=\"center\">28.3-37.0<\/td>\n<\/tr>\n<\/tbody>\n<\/table>\n<\/figure>","protected":false},"excerpt":{"rendered":"<p>Segel p\u00e5 ett hav av stil med denna lockande <strong>bl\u00e5 bh-set<\/strong>, med en push-up-design som h\u00f6jer och accentuerar. Detta <strong>uppbundna bh-trosor<\/strong> kombination \u00e4r en hyllning till form och funktion.<\/p>","protected":false},"featured_media":50916,"template":"","meta":[],"product_brand":[],"product_cat":[368,367,375],"product_tag":[868,448,518],"class_list":{"0":"post-50917","1":"product","2":"type-product","3":"status-publish","4":"has-post-thumbnail","6":"product_cat-bra-panty-set","7":"product_cat-sexy-lingerie","8":"product_cat-whoelsale-sheer-bra-and-panty-sets","9":"product_tag-4-piece-lingerie-set","10":"product_tag-wholesale-elegant-sexy-lingerie","11":"product_tag-mesh-lingerie","12":"pa_color-blue-women-sexy-lingerie","13":"pa_size-wholesale-large-size-women-sexy-lingerie","14":"pa_size-wholesale-medium-size-women-sexy-lingerie","15":"pa_size-wholesale-small-size-sexy-lingerie","17":"first","18":"instock","19":"taxable","20":"shipping-taxable","21":"purchasable","22":"product-type-variable"},"tiered_pricing_type":"fixed","tiered_pricing_fixed_rules":[],"tiered_pricing_product_settings":{"layout":"table","base_unit_name":{"singular":null,"plural":null},"default_variation":null},"tiered_pricing_minimum_quantity":null,"tiered_pricing_roles_data":[],"tiered_pricing_percentage_rules":[],"tiered_pricing_maximum_quantity":null,"tiered_pricing_quantity_step":null,"_links":{"self":[{"href":"https:\/\/gretasexylingerie.com\/sv\/wp-json\/wp\/v2\/product\/50917","targetHints":{"allow":["GET"]}}],"collection":[{"href":"https:\/\/gretasexylingerie.com\/sv\/wp-json\/wp\/v2\/product"}],"about":[{"href":"https:\/\/gretasexylingerie.com\/sv\/wp-json\/wp\/v2\/types\/product"}],"wp:featuredmedia":[{"embeddable":true,"href":"https:\/\/gretasexylingerie.com\/sv\/wp-json\/wp\/v2\/media\/50916"}],"wp:attachment":[{"href":"https:\/\/gretasexylingerie.com\/sv\/wp-json\/wp\/v2\/media?parent=50917"}],"wp:term":[{"taxonomy":"product_brand","embeddable":true,"href":"https:\/\/gretasexylingerie.com\/sv\/wp-json\/wp\/v2\/product_brand?post=50917"},{"taxonomy":"product_cat","embeddable":true,"href":"https:\/\/gretasexylingerie.com\/sv\/wp-json\/wp\/v2\/product_cat?post=50917"},{"taxonomy":"product_tag","embeddable":true,"href":"https:\/\/gretasexylingerie.com\/sv\/wp-json\/wp\/v2\/product_tag?post=50917"}],"curies":[{"name":"wp","href":"https:\/\/api.w.org\/{rel}","templated":true}]}}