{"id":50902,"date":"2024-04-20T21:23:38","date_gmt":"2024-04-20T13:23:38","guid":{"rendered":"https:\/\/gretasexylingerie.com\/?post_type=product&#038;p=50902"},"modified":"2024-04-20T21:35:46","modified_gmt":"2024-04-20T13:35:46","slug":"grossist-azurbla-polka-dot-ren-bralette-ensemble","status":"publish","type":"product","link":"https:\/\/gretasexylingerie.com\/sv\/products\/wholesale-azure-polka-dot-sheer-bralette-ensemble\/","title":{"rendered":"Grossist Azure Polka Dot Sheer Bralette Ensemble"},"content":{"rendered":"<p><strong>Eterisk charm<\/strong>: Den <strong>prickiga bh-set<\/strong> har nyckfulla prickar str\u00f6dda \u00f6ver en ren bakgrund, gifter sig med oskuld med en antydan av bus.<\/p>\n\n\n\n<p><strong>Ren sofistikering<\/strong>: Tillverkad f\u00f6r det v\u00e5gade, det genomskinliga tyget <strong>genomskinlig braletteset<\/strong> ger en glimt av lockelse, medan det fulla prickiga m\u00f6nstret bibeh\u00e5ller en luft av lekfull elegans.<\/p>\n\n\n\n<p><strong>Safirf\u00f6rf\u00f6relse<\/strong>: Insvept i ett rikt bl\u00e5tt, detta <strong>bl\u00e5 bh och trosor set<\/strong> \u00e4r en vink till b\u00e5de klassisk stil och modern sensualitet, vilket g\u00f6r den till ett m\u00e5ngsidigt komplement till alla underkl\u00e4deskollektioner.<\/p>\n\n\n\n<p><strong>Flirtig grunder<\/strong>: Setets bralette och trosa har ett k\u00e4nsligt tyg som k\u00e4nns som en andra hud, vilket garanterar komfort utan att kompromissa med den f\u00f6rf\u00f6riska dragningen.<\/p>\n\n\n\n<p><strong>Retail-Read<\/strong>: Kom beredd att f\u00e4ngsla din kundkrets med detta set, tack vare v\u00e5r <a href=\"https:\/\/gretasexylingerie.com\/sv\/droshpping-underklader-service\/\">drop shipping service<\/a> som erbjuder enkla lagerl\u00f6sningar utan minsta best\u00e4llningskvantitet.<\/p>\n\n\n\n<p>L\u00e4gg till en skv\u00e4tt lekfull tjusning till ditt urval med v\u00e5r <strong>Azure Polka Dot Sheer Bralette Ensemble<\/strong>. Bjud in dina kunder att omfamna deras flirtig sida med en touch av transparens. L\u00e4gg din best\u00e4llning idag och l\u00e5t spelet kika-a-bo b\u00f6rja med sofistikering och stil.<\/p>\n\n\n\n<figure class=\"wp-block-table\">\n<table>\n<tbody>\n<tr>\n<td class=\"has-text-align-center\" colspan=\"5\" data-align=\"center\"><strong>Storlekstabell (CM)<\/strong><\/td>\n<\/tr>\n<tr>\n<td class=\"has-text-align-center\" data-align=\"center\"><strong>Storlek<\/strong><\/td>\n<td class=\"has-text-align-center\" data-align=\"center\"><strong>Under byst (cm)<\/strong><\/td>\n<td class=\"has-text-align-center\" data-align=\"center\"><strong>Strumpeband midja (cm)<\/strong><\/td>\n<td class=\"has-text-align-center\" data-align=\"center\"><strong>Trosor midja (cm)<\/strong><\/td>\n<td class=\"has-text-align-center\" data-align=\"center\"><strong>Trosan L\u00e4ngd (cm)<\/strong><\/td>\n<\/tr>\n<tr>\n<td class=\"has-text-align-center\" data-align=\"center\">S<\/td>\n<td class=\"has-text-align-center\" data-align=\"center\">60-76<\/td>\n<td class=\"has-text-align-center\" data-align=\"center\">60<\/td>\n<td class=\"has-text-align-center\" data-align=\"center\">64<\/td>\n<td class=\"has-text-align-center\" data-align=\"center\">20<\/td>\n<\/tr>\n<tr>\n<td class=\"has-text-align-center\" data-align=\"center\">M<\/td>\n<td class=\"has-text-align-center\" data-align=\"center\">64-80<\/td>\n<td class=\"has-text-align-center\" data-align=\"center\">64<\/td>\n<td class=\"has-text-align-center\" data-align=\"center\">68<\/td>\n<td class=\"has-text-align-center\" data-align=\"center\">21<\/td>\n<\/tr>\n<tr>\n<td class=\"has-text-align-center\" data-align=\"center\">L<\/td>\n<td class=\"has-text-align-center\" data-align=\"center\">68-84<\/td>\n<td class=\"has-text-align-center\" data-align=\"center\">68<\/td>\n<td class=\"has-text-align-center\" data-align=\"center\">72<\/td>\n<td class=\"has-text-align-center\" data-align=\"center\">22<\/td>\n<\/tr>\n<\/tbody>\n<\/table>\n<\/figure>\n\n\n\n<figure class=\"wp-block-table\">\n<table>\n<tbody>\n<tr>\n<td class=\"has-text-align-center\" colspan=\"5\" data-align=\"center\"><strong>Storlekstabell (INCH)<\/strong><\/td>\n<\/tr>\n<tr>\n<td class=\"has-text-align-center\" data-align=\"center\"><strong>Storlek<\/strong><\/td>\n<td class=\"has-text-align-center\" data-align=\"center\"><strong>Under byst (in)<\/strong><\/td>\n<td class=\"has-text-align-center\" data-align=\"center\"><strong>Strumpeband midja (in)<\/strong><\/td>\n<td class=\"has-text-align-center\" data-align=\"center\"><strong>Trosor midja (in)<\/strong><\/td>\n<td class=\"has-text-align-center\" data-align=\"center\"><strong>Trosan L\u00e4ngd (in)<\/strong><\/td>\n<\/tr>\n<tr>\n<td class=\"has-text-align-center\" data-align=\"center\">S<\/td>\n<td class=\"has-text-align-center\" data-align=\"center\">23.6-29.9<\/td>\n<td class=\"has-text-align-center\" data-align=\"center\">23.6<\/td>\n<td class=\"has-text-align-center\" data-align=\"center\">25.2<\/td>\n<td class=\"has-text-align-center\" data-align=\"center\">7.9<\/td>\n<\/tr>\n<tr>\n<td class=\"has-text-align-center\" data-align=\"center\">M<\/td>\n<td class=\"has-text-align-center\" data-align=\"center\">25.2-31.5<\/td>\n<td class=\"has-text-align-center\" data-align=\"center\">25.2<\/td>\n<td class=\"has-text-align-center\" data-align=\"center\">26.8<\/td>\n<td class=\"has-text-align-center\" data-align=\"center\">8.3<\/td>\n<\/tr>\n<tr>\n<td class=\"has-text-align-center\" data-align=\"center\">L<\/td>\n<td class=\"has-text-align-center\" data-align=\"center\">26.8-33.1<\/td>\n<td class=\"has-text-align-center\" data-align=\"center\">26.8<\/td>\n<td class=\"has-text-align-center\" data-align=\"center\">28.3<\/td>\n<td class=\"has-text-align-center\" data-align=\"center\">8.7<\/td>\n<\/tr>\n<\/tbody>\n<\/table>\n<\/figure>","protected":false},"excerpt":{"rendered":"<p>Dyk in i en lekfull men \u00e4nd\u00e5 provocerande estetik med v\u00e5r <strong>prickiga bh-set<\/strong>. Detta lockande <strong>genomskinlig braletteset<\/strong> i en h\u00e4rlig bl\u00e5 nyans kombinerar tidl\u00f6sa m\u00f6nster med en v\u00e5gad modern twist.<\/p>","protected":false},"featured_media":50899,"template":"","meta":[],"product_brand":[],"product_cat":[368,367,375],"product_tag":[507,518,446,865],"class_list":{"0":"post-50902","1":"product","2":"type-product","3":"status-publish","4":"has-post-thumbnail","6":"product_cat-bra-panty-set","7":"product_cat-sexy-lingerie","8":"product_cat-whoelsale-sheer-bra-and-panty-sets","9":"product_tag-three-pcs-set","10":"product_tag-mesh-lingerie","11":"product_tag-wholesale-sexy-see-through-lingerie","12":"product_tag-sexy-skimpy-lingerie","13":"pa_color-blue-women-sexy-lingerie","14":"pa_size-wholesale-large-size-women-sexy-lingerie","15":"pa_size-wholesale-medium-size-women-sexy-lingerie","16":"pa_size-wholesale-small-size-sexy-lingerie","18":"first","19":"instock","20":"taxable","21":"shipping-taxable","22":"purchasable","23":"product-type-variable"},"tiered_pricing_type":"fixed","tiered_pricing_fixed_rules":[],"tiered_pricing_product_settings":{"layout":"table","base_unit_name":{"singular":null,"plural":null},"default_variation":null},"tiered_pricing_minimum_quantity":null,"tiered_pricing_roles_data":[],"tiered_pricing_percentage_rules":[],"tiered_pricing_maximum_quantity":null,"tiered_pricing_quantity_step":null,"_links":{"self":[{"href":"https:\/\/gretasexylingerie.com\/sv\/wp-json\/wp\/v2\/product\/50902","targetHints":{"allow":["GET"]}}],"collection":[{"href":"https:\/\/gretasexylingerie.com\/sv\/wp-json\/wp\/v2\/product"}],"about":[{"href":"https:\/\/gretasexylingerie.com\/sv\/wp-json\/wp\/v2\/types\/product"}],"wp:featuredmedia":[{"embeddable":true,"href":"https:\/\/gretasexylingerie.com\/sv\/wp-json\/wp\/v2\/media\/50899"}],"wp:attachment":[{"href":"https:\/\/gretasexylingerie.com\/sv\/wp-json\/wp\/v2\/media?parent=50902"}],"wp:term":[{"taxonomy":"product_brand","embeddable":true,"href":"https:\/\/gretasexylingerie.com\/sv\/wp-json\/wp\/v2\/product_brand?post=50902"},{"taxonomy":"product_cat","embeddable":true,"href":"https:\/\/gretasexylingerie.com\/sv\/wp-json\/wp\/v2\/product_cat?post=50902"},{"taxonomy":"product_tag","embeddable":true,"href":"https:\/\/gretasexylingerie.com\/sv\/wp-json\/wp\/v2\/product_tag?post=50902"}],"curies":[{"name":"wp","href":"https:\/\/api.w.org\/{rel}","templated":true}]}}