{"id":50885,"date":"2024-04-20T21:22:19","date_gmt":"2024-04-20T13:22:19","guid":{"rendered":"https:\/\/gretasexylingerie.com\/?post_type=product&#038;p=50885"},"modified":"2024-04-21T12:21:33","modified_gmt":"2024-04-21T04:21:33","slug":"grossist-deluxe-silhouette-ball-gag","status":"publish","type":"product","link":"https:\/\/gretasexylingerie.com\/sv\/products\/wholesale-deluxe-silhouette-ball-gag\/","title":{"rendered":"Grossist Deluxe Silhouette Ball Gag"},"content":{"rendered":"<p><strong>\u00c5terh\u00e5llet tal<\/strong>: V\u00e5rt <strong>s&amp;m gag<\/strong> \u00e4r utformad f\u00f6r att d\u00e4mpa ljudet av underkastelse. Silikonbollen sitter s\u00e4kert p\u00e5 plats, vilket s\u00e4kerst\u00e4ller tydlig kommunikation av kontroll utan ett ord.<\/p>\n\n\n\n<p><strong>Sensuell undertryckning<\/strong>: Speciellt skr\u00e4ddarsydd f\u00f6r en kvinnas komfort, detta <strong>ball gag f\u00f6r kvinnor<\/strong> har en konturerad remdesign som passar snyggt samtidigt som den beh\u00e5ller sitt syfte.<\/p>\n\n\n\n<p><strong>\u00d6verl\u00e4gsen konstruktion<\/strong>: Tillverkad av premiummaterial, detta <strong>h\u00f6gkvalitativ bollkn\u00e4ck<\/strong> \u00e4r b\u00e5de h\u00e5llbar och kroppss\u00e4ker, vilket ger sinnesfrid tillsammans med intensiv njutning.<\/p>\n\n\n\n<p><strong>Justerbar f\u00f6rs\u00e4kran<\/strong>: Med sin justerbara rem och sitt s\u00e4kra sp\u00e4nne kan gaggen anpassas f\u00f6r att passa alla b\u00e4rare, vilket m\u00f6jligg\u00f6r ut\u00f6kad lek utan att kompromissa med s\u00e4kerhet eller komfort.<\/p>\n\n\n\n<p><strong>Elegant estetik<\/strong>: Den eleganta svarta designen utstr\u00e5lar en atmosf\u00e4r av sofistikerad dominans, vilket g\u00f6r den till ett elegant tillskott till alla S&amp;M-sessioner eller samlingar.<\/p>\n\n\n\n<p>Lyft den sensoriska upplevelsen med v\u00e5r <strong>Deluxe Silhouette Ball Gag<\/strong>, tillg\u00e4nglig nu f\u00f6r din kr\u00e4sna kundkrets. Genom v\u00e5r <a href=\"https:\/\/gretasexylingerie.com\/sv\/droshpping-underklader-service\/\">drop shipping service<\/a>, kan du erbjuda detta uts\u00f6kta stycke \u00e5terh\u00e5llsamhet utan behov av lageruppsamling, vilket s\u00e4kerst\u00e4ller omedelbar tillg\u00e5ng till dina kunder. Full\u00e4nda konsten av tyst konversation \u2013 best\u00e4ll idag.<\/p>","protected":false},"excerpt":{"rendered":"<p>Introducera tyst v\u00e4ltalighet till din S&amp;M-kollektion med v\u00e5r <strong>h\u00f6gkvalitativ bollkn\u00e4ck<\/strong>. Perfekt f\u00f6r dem som s\u00f6ker en harmonisk blandning av komfort och \u00e5terh\u00e5llsamhet, denna gag \u00e4r designad f\u00f6r kr\u00e4sna entusiaster.<\/p>","protected":false},"featured_media":50880,"template":"","meta":[],"product_brand":[],"product_cat":[1059,1064],"product_tag":[],"class_list":{"0":"post-50885","1":"product","2":"type-product","3":"status-publish","4":"has-post-thumbnail","6":"product_cat-wholesale-bondage-equipment","7":"product_cat-wholesale-gag-gifts","8":"pa_color-black","9":"pa_size-free","11":"first","12":"instock","13":"taxable","14":"shipping-taxable","15":"purchasable","16":"product-type-variable"},"tiered_pricing_type":"fixed","tiered_pricing_fixed_rules":[],"tiered_pricing_product_settings":{"layout":"table","base_unit_name":{"singular":null,"plural":null},"default_variation":null},"tiered_pricing_minimum_quantity":null,"tiered_pricing_roles_data":[],"tiered_pricing_percentage_rules":[],"tiered_pricing_maximum_quantity":null,"tiered_pricing_quantity_step":null,"_links":{"self":[{"href":"https:\/\/gretasexylingerie.com\/sv\/wp-json\/wp\/v2\/product\/50885","targetHints":{"allow":["GET"]}}],"collection":[{"href":"https:\/\/gretasexylingerie.com\/sv\/wp-json\/wp\/v2\/product"}],"about":[{"href":"https:\/\/gretasexylingerie.com\/sv\/wp-json\/wp\/v2\/types\/product"}],"wp:featuredmedia":[{"embeddable":true,"href":"https:\/\/gretasexylingerie.com\/sv\/wp-json\/wp\/v2\/media\/50880"}],"wp:attachment":[{"href":"https:\/\/gretasexylingerie.com\/sv\/wp-json\/wp\/v2\/media?parent=50885"}],"wp:term":[{"taxonomy":"product_brand","embeddable":true,"href":"https:\/\/gretasexylingerie.com\/sv\/wp-json\/wp\/v2\/product_brand?post=50885"},{"taxonomy":"product_cat","embeddable":true,"href":"https:\/\/gretasexylingerie.com\/sv\/wp-json\/wp\/v2\/product_cat?post=50885"},{"taxonomy":"product_tag","embeddable":true,"href":"https:\/\/gretasexylingerie.com\/sv\/wp-json\/wp\/v2\/product_tag?post=50885"}],"curies":[{"name":"wp","href":"https:\/\/api.w.org\/{rel}","templated":true}]}}