{"id":50866,"date":"2024-04-20T21:21:03","date_gmt":"2024-04-20T13:21:03","guid":{"rendered":"https:\/\/gretasexylingerie.com\/?post_type=product&#038;p=50866"},"modified":"2024-04-21T12:15:39","modified_gmt":"2024-04-21T04:15:39","slug":"grossist-intrepid-svart-lader-bondage-kostym","status":"publish","type":"product","link":"https:\/\/gretasexylingerie.com\/sv\/products\/wholesale-intrepid-black-leather-bondage-suit\/","title":{"rendered":"Partihandel Intrepid Black Leather Bondage Suit"},"content":{"rendered":"<p><strong>M\u00e4sterligt hantverk<\/strong>: Den <strong>bondage bh sele<\/strong> \u00e4r noggrant konstruerad, med premiuml\u00e4derremmar som konturer kroppen med en auktoritativ omfamning.<\/p>\n\n\n\n<p><strong>Skulpturell siluett<\/strong>: Den h\u00e4r dr\u00e4kten skapar en befallande n\u00e4rvaro med sin strukturella design, som utnyttjar kraften av estetik och \u00e5terh\u00e5llsamhet i ett stycke.<\/p>\n\n\n\n<p><strong>Regal Restraint<\/strong>: Den <strong>bondagekrage i svart l\u00e4der<\/strong> sitter majest\u00e4tiskt vid halsen, en symbol f\u00f6r den fina gr\u00e4nsen mellan makt och \u00f6verl\u00e4mnande, prydd med sammanbindande kedjor som antyder sp\u00e4nningen i det taktila.<\/p>\n\n\n\n<p><strong>Uts\u00f6kta utsmyckningar<\/strong>: Ackompanjerad av delikat <strong>br\u00f6stv\u00e5rtan kl\u00e4mmer<\/strong>, denna ensemble inbjuder till en dans av sensation och fl\u00e4rd, som balanserar sm\u00e4rta och njutning med sina metalliska accenter.<\/p>\n\n\n\n<p><strong>Retail-Ready Appeal<\/strong>: Erbjuds som en del av v\u00e5r <a href=\"https:\/\/gretasexylingerie.com\/sv\/droshpping-underklader-service\/\">drop shipping service<\/a>, det h\u00e4r setet lovar att locka utan att beh\u00f6va oroa sig f\u00f6r strumpor, perfekt f\u00f6r boutiquekollektioner som syftar till att tillgodose avantgardet.<\/p>\n\n\n\n<p>Bjud in din kundkrets att utforska sina gr\u00e4nser med v\u00e5r <strong>bondage l\u00e4der kostym<\/strong>. Det \u00e4r mer \u00e4n kl\u00e4der; det \u00e4r ett uttalande av obotligt sj\u00e4lvuttryck. Best\u00e4ll nu f\u00f6r att utnyttja essensen av \u00e4ventyr och lockelse med Greta Sexy Lingerie, d\u00e4r varje pj\u00e4s \u00e4r en passage till ok\u00e4nda n\u00f6jen.<\/p>","protected":false},"excerpt":{"rendered":"<p>Avsl\u00f6ja en ny sf\u00e4r av dj\u00e4rvhet med v\u00e5r <strong>bondage l\u00e4der kostym<\/strong>, komplett med en bondage-bh-sele och svart l\u00e4derkrage. Designad f\u00f6r dem som omfamnar dj\u00e4rva uttryck f\u00f6r frihet och kontroll.<\/p>","protected":false},"featured_media":50861,"template":"","meta":[],"product_brand":[],"product_cat":[1059,1060],"product_tag":[],"class_list":{"0":"post-50866","1":"product","2":"type-product","3":"status-publish","4":"has-post-thumbnail","6":"product_cat-wholesale-bondage-equipment","7":"product_cat-wholesale-bondage-lingerie","8":"pa_color-black","9":"pa_size-free","11":"first","12":"instock","13":"taxable","14":"shipping-taxable","15":"purchasable","16":"product-type-variable"},"tiered_pricing_type":"fixed","tiered_pricing_fixed_rules":[],"tiered_pricing_product_settings":{"layout":"table","base_unit_name":{"singular":null,"plural":null},"default_variation":null},"tiered_pricing_minimum_quantity":null,"tiered_pricing_roles_data":[],"tiered_pricing_percentage_rules":[],"tiered_pricing_maximum_quantity":null,"tiered_pricing_quantity_step":null,"_links":{"self":[{"href":"https:\/\/gretasexylingerie.com\/sv\/wp-json\/wp\/v2\/product\/50866","targetHints":{"allow":["GET"]}}],"collection":[{"href":"https:\/\/gretasexylingerie.com\/sv\/wp-json\/wp\/v2\/product"}],"about":[{"href":"https:\/\/gretasexylingerie.com\/sv\/wp-json\/wp\/v2\/types\/product"}],"wp:featuredmedia":[{"embeddable":true,"href":"https:\/\/gretasexylingerie.com\/sv\/wp-json\/wp\/v2\/media\/50861"}],"wp:attachment":[{"href":"https:\/\/gretasexylingerie.com\/sv\/wp-json\/wp\/v2\/media?parent=50866"}],"wp:term":[{"taxonomy":"product_brand","embeddable":true,"href":"https:\/\/gretasexylingerie.com\/sv\/wp-json\/wp\/v2\/product_brand?post=50866"},{"taxonomy":"product_cat","embeddable":true,"href":"https:\/\/gretasexylingerie.com\/sv\/wp-json\/wp\/v2\/product_cat?post=50866"},{"taxonomy":"product_tag","embeddable":true,"href":"https:\/\/gretasexylingerie.com\/sv\/wp-json\/wp\/v2\/product_tag?post=50866"}],"curies":[{"name":"wp","href":"https:\/\/api.w.org\/{rel}","templated":true}]}}