{"id":50822,"date":"2024-04-20T21:17:43","date_gmt":"2024-04-20T13:17:43","guid":{"rendered":"https:\/\/gretasexylingerie.com\/?post_type=product&#038;p=50822"},"modified":"2024-04-21T11:57:33","modified_gmt":"2024-04-21T03:57:33","slug":"grossist-assertiv-charm-bondage-bustier","status":"publish","type":"product","link":"https:\/\/gretasexylingerie.com\/sv\/products\/wholesale-assertive-charm-bondage-bustier\/","title":{"rendered":"Partihandel Assertive Charm Bondage Bustier"},"content":{"rendered":"<p><strong>Dominerande design<\/strong>: Tillverkad f\u00f6r effekt, det h\u00e4r <strong>bondage beh\u00e5ar<\/strong> piece har ett n\u00e4tverk av remmar och kedjor som skapar en befallande estetik som inbjuder till en aura av kontroll och sj\u00e4lvf\u00f6rtroende.<\/p>\n\n\n\n<p><strong>Imponerande siluett<\/strong>: Bustier skulpterar en kraftfull siluett med sina l\u00e4derliknande remmar och metalliska accenter, som f\u00f6rkroppsligar styrkan och lockelsen hos <strong>dominatrix underkl\u00e4der<\/strong>.<\/p>\n\n\n\n<p><strong>Justerbar Empowerment<\/strong>: Med anpassningsbara beslag, ger detta plagg den perfekta blandningen av komfort och sj\u00e4lvs\u00e4kerhet, vilket g\u00f6r att b\u00e4raren kan anpassa sig f\u00f6r den perfekta sammandragningen och passformen.<\/p>\n\n\n\n<p><strong>Strategiska accenter<\/strong>: Den noggranna placeringen av kedjor och h\u00e5rdvara p\u00e5 denna bustier ger inte bara visuella intriger utan ocks\u00e5 en taktil upplevelse f\u00f6r ett f\u00f6rb\u00e4ttrat m\u00f6te.<\/p>\n\n\n\n<p><strong>Retail Advantage<\/strong>: Presenterar ett dj\u00e4rvt val f\u00f6r din kundkrets, denna bustier \u00e4r l\u00e4tt tillg\u00e4nglig via v\u00e5r <a href=\"https:\/\/gretasexylingerie.com\/sv\/droshpping-underklader-service\/\">drop shipping service<\/a>, vilket f\u00f6renklar dina lagerbehov och s\u00e4kerst\u00e4ller att du kan tillgodose de v\u00e5gade utan dr\u00f6jsm\u00e5l.<\/p>\n\n\n\n<p>F\u00f6rh\u00f6j din samling med Assertive Charm Bondage Bustier, perfekt f\u00f6r dem som vill omfamna sin kraft. Ta kontakt med Greta Sexy Lingerie f\u00f6r att erbjuda detta provocerande plagg, d\u00e4r varje detalj talar till styrka och sensualitet.<\/p>","protected":false},"excerpt":{"rendered":"<p>Kanalisera dj\u00e4rvt f\u00f6rtroende med detta <strong>bondage bustier<\/strong>, en blandning av dominatrix och sl\u00e5ende design. Konstruerad f\u00f6r dem som v\u00e5gar dominera rummet, det h\u00e4r plagget \u00e4r mer \u00e4n underkl\u00e4der \u2013 det \u00e4r ett statement.<\/p>","protected":false},"featured_media":50821,"template":"","meta":[],"product_brand":[],"product_cat":[1059,1060],"product_tag":[],"class_list":{"0":"post-50822","1":"product","2":"type-product","3":"status-publish","4":"has-post-thumbnail","6":"product_cat-wholesale-bondage-equipment","7":"product_cat-wholesale-bondage-lingerie","8":"pa_color-black","9":"pa_size-free","11":"first","12":"instock","13":"taxable","14":"shipping-taxable","15":"purchasable","16":"product-type-variable"},"tiered_pricing_type":"fixed","tiered_pricing_fixed_rules":[],"tiered_pricing_product_settings":{"layout":"table","base_unit_name":{"singular":null,"plural":null},"default_variation":null},"tiered_pricing_minimum_quantity":null,"tiered_pricing_roles_data":[],"tiered_pricing_percentage_rules":[],"tiered_pricing_maximum_quantity":null,"tiered_pricing_quantity_step":null,"_links":{"self":[{"href":"https:\/\/gretasexylingerie.com\/sv\/wp-json\/wp\/v2\/product\/50822","targetHints":{"allow":["GET"]}}],"collection":[{"href":"https:\/\/gretasexylingerie.com\/sv\/wp-json\/wp\/v2\/product"}],"about":[{"href":"https:\/\/gretasexylingerie.com\/sv\/wp-json\/wp\/v2\/types\/product"}],"wp:featuredmedia":[{"embeddable":true,"href":"https:\/\/gretasexylingerie.com\/sv\/wp-json\/wp\/v2\/media\/50821"}],"wp:attachment":[{"href":"https:\/\/gretasexylingerie.com\/sv\/wp-json\/wp\/v2\/media?parent=50822"}],"wp:term":[{"taxonomy":"product_brand","embeddable":true,"href":"https:\/\/gretasexylingerie.com\/sv\/wp-json\/wp\/v2\/product_brand?post=50822"},{"taxonomy":"product_cat","embeddable":true,"href":"https:\/\/gretasexylingerie.com\/sv\/wp-json\/wp\/v2\/product_cat?post=50822"},{"taxonomy":"product_tag","embeddable":true,"href":"https:\/\/gretasexylingerie.com\/sv\/wp-json\/wp\/v2\/product_tag?post=50822"}],"curies":[{"name":"wp","href":"https:\/\/api.w.org\/{rel}","templated":true}]}}