{"id":50761,"date":"2024-04-16T16:48:25","date_gmt":"2024-04-16T08:48:25","guid":{"rendered":"https:\/\/gretasexylingerie.com\/?post_type=product&#038;p=50761"},"modified":"2024-04-17T01:50:26","modified_gmt":"2024-04-16T17:50:26","slug":"grossist-delikat-skugga-skir-bh-och-trosor-set","status":"publish","type":"product","link":"https:\/\/gretasexylingerie.com\/sv\/products\/wholesale-delicate-shadow-sheer-bra-and-panty-set\/","title":{"rendered":"Grossist Delicate Shadow Sheer BH och trosor Set"},"content":{"rendered":"<p><strong>Whispers of Lace<\/strong>: Den <strong>underkl\u00e4der i spetsar f\u00f6r kvinnor<\/strong> vi erbjuder f\u00e5nga en balans mellan dj\u00e4rvhet och grace, med den fina spetskanten som ger en touch av klassisk sk\u00f6nhet till det v\u00e5gade skira tyget.<\/p>\n\n\n\n<p><strong>Artful Translucence<\/strong>: Det h\u00e4r uts\u00f6kta setet har en genomskinlig beh\u00e5 och trosa som leker med synlighet och ger en lockande inblick samtidigt som den ger en elegant t\u00e4ckning som f\u00f6rkroppsligar tjusningen av <strong>snygga underkl\u00e4desset<\/strong>.<\/p>\n\n\n\n<p><strong>Konturerad siluett<\/strong>: BH:ns genomt\u00e4nkta konstruktion f\u00f6rst\u00e4rker den naturliga formen, medan trosans design f\u00f6rl\u00e4ngs och smickrar, vilket s\u00e4kerst\u00e4ller komfort utan att kompromissa med underkl\u00e4dernas lockande tilltalande.<\/p>\n\n\n\n<p><strong>Skrattande tylldetaljer<\/strong>: En flirtig tyllkrans ger en lekfull twist till ensemblen och skapar ett dynamiskt samspel av texturer och former som s\u00e4kerligen kommer att locka.<\/p>\n\n\n\n<p><strong>\u00c5terf\u00f6rs\u00e4ljarens dr\u00f6m<\/strong>: Utrusta din butik med detta f\u00f6rtrollande set, l\u00e4tt att fylla med v\u00e5r <a href=\"https:\/\/gretasexylingerie.com\/sv\/droshpping-underklader-service\/\">drop shipping service<\/a>, som erbjuder tjusningen av lyxiga underkl\u00e4der utan att beh\u00f6va h\u00e5lla inventering.<\/p>\n\n\n\n<p>Bjud in dina kunder att drapera sig i elegansen hos v\u00e5r Shadow Sheer BH och Trosa Set. Perfekt f\u00f6r dem som s\u00f6ker en antydan till mystik med sin komfort, dessa set \u00e4r en duk f\u00f6r personligt uttryck. Samarbeta med Greta Sexy Lingerie f\u00f6r underkl\u00e4der som talar i mjuka viskningar av lockelse och sofistikering.<\/p>\n\n\n\n<figure class=\"wp-block-table\">\n<table>\n<tbody>\n<tr>\n<td class=\"has-text-align-center\" colspan=\"6\" data-align=\"center\"><strong>Storlekstabell (CM)<\/strong><\/td>\n<\/tr>\n<tr>\n<td class=\"has-text-align-center\" data-align=\"center\"><strong>Storlek<\/strong><\/td>\n<td class=\"has-text-align-center\" data-align=\"center\"><strong>Byst (cm)<\/strong><\/td>\n<td class=\"has-text-align-center\" data-align=\"center\"><strong>L\u00e4ngd (cm)<\/strong><\/td>\n<td class=\"has-text-align-center\" data-align=\"center\"><strong>Midjelinje (cm)<\/strong><\/td>\n<td class=\"has-text-align-center\" data-align=\"center\"><strong>Byxans l\u00e4ngd (cm)<\/strong><\/td>\n<td class=\"has-text-align-center\" data-align=\"center\"><strong>Strumpebands midja (cm)<\/strong><\/td>\n<\/tr>\n<tr>\n<td class=\"has-text-align-center\" data-align=\"center\">S<\/td>\n<td class=\"has-text-align-center\" data-align=\"center\">64-90<\/td>\n<td class=\"has-text-align-center\" data-align=\"center\">17<\/td>\n<td class=\"has-text-align-center\" data-align=\"center\">68-90<\/td>\n<td class=\"has-text-align-center\" data-align=\"center\">22<\/td>\n<td class=\"has-text-align-center\" data-align=\"center\">60-86<\/td>\n<\/tr>\n<tr>\n<td class=\"has-text-align-center\" data-align=\"center\">M<\/td>\n<td class=\"has-text-align-center\" data-align=\"center\">68-94<\/td>\n<td class=\"has-text-align-center\" data-align=\"center\">18<\/td>\n<td class=\"has-text-align-center\" data-align=\"center\">72-94<\/td>\n<td class=\"has-text-align-center\" data-align=\"center\">23<\/td>\n<td class=\"has-text-align-center\" data-align=\"center\">64-90<\/td>\n<\/tr>\n<tr>\n<td class=\"has-text-align-center\" data-align=\"center\">L<\/td>\n<td class=\"has-text-align-center\" data-align=\"center\">72-98<\/td>\n<td class=\"has-text-align-center\" data-align=\"center\">19<\/td>\n<td class=\"has-text-align-center\" data-align=\"center\">76-98<\/td>\n<td class=\"has-text-align-center\" data-align=\"center\">24<\/td>\n<td class=\"has-text-align-center\" data-align=\"center\">68-94<\/td>\n<\/tr>\n<\/tbody>\n<\/table>\n<\/figure>","protected":false},"excerpt":{"rendered":"<p>Avsl\u00f6ja essensen av diskret sk\u00f6nhet med detta <strong>skira beh\u00e5ar och trosor<\/strong> set, en perfekt blandning av \u00f6mt\u00e5lig spets och transparent finess. Denna ensemble \u00e4r kvintessensen av <strong>snygga underkl\u00e4desset<\/strong>, erbjuder en viskning av elegans med varje lager.<\/p>","protected":false},"featured_media":50740,"template":"","meta":[],"product_brand":[],"product_cat":[368,374,367,375],"product_tag":[868,452,541,875,446],"class_list":{"0":"post-50761","1":"product","2":"type-product","3":"status-publish","4":"has-post-thumbnail","6":"product_cat-bra-panty-set","7":"product_cat-wholesale-garter-belt-set","8":"product_cat-sexy-lingerie","9":"product_cat-whoelsale-sheer-bra-and-panty-sets","10":"product_tag-4-piece-lingerie-set","11":"product_tag-wholesale-boudoir-lingerie","12":"product_tag-fishnet-lingerie","13":"product_tag-lace-sexy-lingerie","14":"product_tag-wholesale-sexy-see-through-lingerie","15":"pa_color-black","16":"pa_color-red-women-sexy-lingerie","17":"pa_size-wholesale-large-size-women-sexy-lingerie","18":"pa_size-wholesale-medium-size-women-sexy-lingerie","19":"pa_size-wholesale-small-size-sexy-lingerie","21":"first","22":"instock","23":"taxable","24":"shipping-taxable","25":"purchasable","26":"product-type-variable"},"tiered_pricing_type":"fixed","tiered_pricing_fixed_rules":[],"tiered_pricing_product_settings":{"layout":"table","base_unit_name":{"singular":null,"plural":null},"default_variation":null},"tiered_pricing_minimum_quantity":null,"tiered_pricing_roles_data":[],"tiered_pricing_percentage_rules":[],"tiered_pricing_maximum_quantity":null,"tiered_pricing_quantity_step":null,"_links":{"self":[{"href":"https:\/\/gretasexylingerie.com\/sv\/wp-json\/wp\/v2\/product\/50761","targetHints":{"allow":["GET"]}}],"collection":[{"href":"https:\/\/gretasexylingerie.com\/sv\/wp-json\/wp\/v2\/product"}],"about":[{"href":"https:\/\/gretasexylingerie.com\/sv\/wp-json\/wp\/v2\/types\/product"}],"wp:featuredmedia":[{"embeddable":true,"href":"https:\/\/gretasexylingerie.com\/sv\/wp-json\/wp\/v2\/media\/50740"}],"wp:attachment":[{"href":"https:\/\/gretasexylingerie.com\/sv\/wp-json\/wp\/v2\/media?parent=50761"}],"wp:term":[{"taxonomy":"product_brand","embeddable":true,"href":"https:\/\/gretasexylingerie.com\/sv\/wp-json\/wp\/v2\/product_brand?post=50761"},{"taxonomy":"product_cat","embeddable":true,"href":"https:\/\/gretasexylingerie.com\/sv\/wp-json\/wp\/v2\/product_cat?post=50761"},{"taxonomy":"product_tag","embeddable":true,"href":"https:\/\/gretasexylingerie.com\/sv\/wp-json\/wp\/v2\/product_tag?post=50761"}],"curies":[{"name":"wp","href":"https:\/\/api.w.org\/{rel}","templated":true}]}}