{"id":50733,"date":"2024-04-16T16:47:04","date_gmt":"2024-04-16T08:47:04","guid":{"rendered":"https:\/\/gretasexylingerie.com\/?post_type=product&#038;p=50733"},"modified":"2024-04-17T01:43:36","modified_gmt":"2024-04-16T17:43:36","slug":"grossist-midnatt-allure-svart-spets-korsett","status":"publish","type":"product","link":"https:\/\/gretasexylingerie.com\/sv\/products\/wholesale-midnight-allure-black-lace-corset\/","title":{"rendered":"Partihandel Midnight Allure svart spetskorsett"},"content":{"rendered":"<p><strong>Elegant hantverk<\/strong>: Korsetten \u00e4r en gobel\u00e4ng av detaljer, med invecklade spetsm\u00f6nster som skapar en fantastisk visning \u00f6ver det genomskinliga tyget, vilket g\u00f6r detta <strong>transparent bustier<\/strong> ett plagg av lyx och stil.<\/p>\n\n\n\n<p><strong>Designad f\u00f6r att bl\u00e4nda<\/strong>: Det uts\u00f6kta \u00f6verdraget av svart spets p\u00e5 denna bustier erbjuder en h\u00e4rlig kontrast mot huden, vilket ger en sensuell upplevelse b\u00e5de f\u00f6r b\u00e4raren och betraktaren.<\/p>\n\n\n\n<p><strong>Tidl\u00f6s konturering<\/strong>: Med sin skulpterande siluett smyger den h\u00e4r korsetten och b\u00f6jer sig p\u00e5 alla r\u00e4tt st\u00e4llen, och erbjuder en smickrande passform som \u00e4r b\u00e5de bekv\u00e4m och f\u00e4ngslande.<\/p>\n\n\n\n<p><strong>Subtil f\u00f6rf\u00f6relse<\/strong>: Det h\u00e4r <strong>snygg bustier topp<\/strong> \u00e4r kantad med fina detaljer som viskar klass, och de justerbara strumpebanden ger en praktisk touch till sin lockande form.<\/p>\n\n\n\n<p><strong>Retail Excellence<\/strong>: Omfamna det l\u00e4tta att lagra detta fantastiska plagg genom v\u00e5r <a href=\"https:\/\/gretasexylingerie.com\/sv\/droshpping-underklader-service\/\">drop shipping service<\/a>, vilket garanterar ett problemfritt tillskott till din samling utan behov av minsta best\u00e4llningskvantitet.<\/p>\n\n\n\n<p>Ta fram ett urval som utstr\u00e5lar elegans med v\u00e5r <strong>Midnight Allure svart spetskorsett<\/strong>. Bjud in dina kunder att omsluta sig i spetsens lyxiga famn, redo att f\u00f6rtrolla vid vilket tillf\u00e4lle som helst. Ta kontakt med Greta Sexy Lingerie f\u00f6r att erbjuda detta tidl\u00f6sa plagg som sammanfl\u00e4tar klassisk romantik med modern tjusning.<\/p>\n\n\n\n<figure class=\"wp-block-table\">\n<table>\n<tbody>\n<tr>\n<td class=\"has-text-align-center\" colspan=\"5\" data-align=\"center\"><strong>Storlekstabell (CM)<\/strong><\/td>\n<\/tr>\n<tr>\n<td class=\"has-text-align-center\" data-align=\"center\"><strong>Storlek<\/strong><\/td>\n<td class=\"has-text-align-center\" data-align=\"center\"><strong>Byst (cm)<\/strong><\/td>\n<td class=\"has-text-align-center\" data-align=\"center\"><strong>L\u00e4ngd (cm)<\/strong><\/td>\n<td class=\"has-text-align-center\" data-align=\"center\"><strong>Midja (cm)<\/strong><\/td>\n<td class=\"has-text-align-center\" data-align=\"center\"><strong>Byxans l\u00e4ngd (cm)<\/strong><\/td>\n<\/tr>\n<tr>\n<td class=\"has-text-align-center\" data-align=\"center\">S<\/td>\n<td class=\"has-text-align-center\" data-align=\"center\">69-80<\/td>\n<td class=\"has-text-align-center\" data-align=\"center\">39<\/td>\n<td class=\"has-text-align-center\" data-align=\"center\">70-96<\/td>\n<td class=\"has-text-align-center\" data-align=\"center\">23.5<\/td>\n<\/tr>\n<tr>\n<td class=\"has-text-align-center\" data-align=\"center\">M<\/td>\n<td class=\"has-text-align-center\" data-align=\"center\">73-84<\/td>\n<td class=\"has-text-align-center\" data-align=\"center\">41<\/td>\n<td class=\"has-text-align-center\" data-align=\"center\">74-100<\/td>\n<td class=\"has-text-align-center\" data-align=\"center\">24.5<\/td>\n<\/tr>\n<tr>\n<td class=\"has-text-align-center\" data-align=\"center\">L<\/td>\n<td class=\"has-text-align-center\" data-align=\"center\">77-88<\/td>\n<td class=\"has-text-align-center\" data-align=\"center\">43<\/td>\n<td class=\"has-text-align-center\" data-align=\"center\">78-104<\/td>\n<td class=\"has-text-align-center\" data-align=\"center\">25.5<\/td>\n<\/tr>\n<\/tbody>\n<\/table>\n<\/figure>\n\n\n\n<figure class=\"wp-block-table\">\n<table>\n<tbody>\n<tr>\n<td class=\"has-text-align-center\" colspan=\"5\" data-align=\"center\"><strong>Storlekstabell (INCH)<\/strong><\/td>\n<\/tr>\n<tr>\n<td class=\"has-text-align-center\" data-align=\"center\"><strong>Storlek<\/strong><\/td>\n<td class=\"has-text-align-center\" data-align=\"center\"><strong>Byst (in)<\/strong><\/td>\n<td class=\"has-text-align-center\" data-align=\"center\"><strong>L\u00e4ngd (tum)<\/strong><\/td>\n<td class=\"has-text-align-center\" data-align=\"center\"><strong>Midja (in)<\/strong><\/td>\n<td class=\"has-text-align-center\" data-align=\"center\"><strong>Byxans l\u00e4ngd (in)<\/strong><\/td>\n<\/tr>\n<tr>\n<td class=\"has-text-align-center\" data-align=\"center\">S<\/td>\n<td class=\"has-text-align-center\" data-align=\"center\">27.17-31.50<\/td>\n<td class=\"has-text-align-center\" data-align=\"center\">15.35<\/td>\n<td class=\"has-text-align-center\" data-align=\"center\">27.56-37.80<\/td>\n<td class=\"has-text-align-center\" data-align=\"center\">9.25<\/td>\n<\/tr>\n<tr>\n<td class=\"has-text-align-center\" data-align=\"center\">M<\/td>\n<td class=\"has-text-align-center\" data-align=\"center\">28.74-33.07<\/td>\n<td class=\"has-text-align-center\" data-align=\"center\">16.14<\/td>\n<td class=\"has-text-align-center\" data-align=\"center\">29.13-39.37<\/td>\n<td class=\"has-text-align-center\" data-align=\"center\">9.65<\/td>\n<\/tr>\n<tr>\n<td class=\"has-text-align-center\" data-align=\"center\">L<\/td>\n<td class=\"has-text-align-center\" data-align=\"center\">30.31-34.65<\/td>\n<td class=\"has-text-align-center\" data-align=\"center\">16.93<\/td>\n<td class=\"has-text-align-center\" data-align=\"center\">30.71-40.94<\/td>\n<td class=\"has-text-align-center\" data-align=\"center\">10.04<\/td>\n<\/tr>\n<\/tbody>\n<\/table>\n<\/figure>","protected":false},"excerpt":{"rendered":"<p>G\u00e5 in i en vision av sofistikering med detta <strong>snygg bustier topp<\/strong>, en komposition i svart spets och genomskinlig lockelse. Detta <strong>svart spetskorsett<\/strong> \u00e4r en hyllning till skapad f\u00f6rf\u00f6relse, designad f\u00f6r den moderna underkl\u00e4desk\u00e4nnaren.<\/p>","protected":false},"featured_media":50720,"template":"","meta":[],"product_brand":[],"product_cat":[389,386,367],"product_tag":[452,880,865],"class_list":{"0":"post-50733","1":"product","2":"type-product","3":"status-publish","4":"has-post-thumbnail","6":"product_cat-wholesale-lace-bustier","7":"product_cat-sexy-bustiers","8":"product_cat-sexy-lingerie","9":"product_tag-wholesale-boudoir-lingerie","10":"product_tag-sexy-2-piece-lingerie","11":"product_tag-sexy-skimpy-lingerie","12":"pa_color-black","13":"pa_size-wholesale-large-size-women-sexy-lingerie","14":"pa_size-wholesale-medium-size-women-sexy-lingerie","15":"pa_size-wholesale-small-size-sexy-lingerie","17":"first","18":"instock","19":"taxable","20":"shipping-taxable","21":"purchasable","22":"product-type-variable"},"tiered_pricing_type":"fixed","tiered_pricing_fixed_rules":[],"tiered_pricing_product_settings":{"layout":"table","base_unit_name":{"singular":null,"plural":null},"default_variation":null},"tiered_pricing_minimum_quantity":null,"tiered_pricing_roles_data":[],"tiered_pricing_percentage_rules":[],"tiered_pricing_maximum_quantity":null,"tiered_pricing_quantity_step":null,"_links":{"self":[{"href":"https:\/\/gretasexylingerie.com\/sv\/wp-json\/wp\/v2\/product\/50733","targetHints":{"allow":["GET"]}}],"collection":[{"href":"https:\/\/gretasexylingerie.com\/sv\/wp-json\/wp\/v2\/product"}],"about":[{"href":"https:\/\/gretasexylingerie.com\/sv\/wp-json\/wp\/v2\/types\/product"}],"wp:featuredmedia":[{"embeddable":true,"href":"https:\/\/gretasexylingerie.com\/sv\/wp-json\/wp\/v2\/media\/50720"}],"wp:attachment":[{"href":"https:\/\/gretasexylingerie.com\/sv\/wp-json\/wp\/v2\/media?parent=50733"}],"wp:term":[{"taxonomy":"product_brand","embeddable":true,"href":"https:\/\/gretasexylingerie.com\/sv\/wp-json\/wp\/v2\/product_brand?post=50733"},{"taxonomy":"product_cat","embeddable":true,"href":"https:\/\/gretasexylingerie.com\/sv\/wp-json\/wp\/v2\/product_cat?post=50733"},{"taxonomy":"product_tag","embeddable":true,"href":"https:\/\/gretasexylingerie.com\/sv\/wp-json\/wp\/v2\/product_tag?post=50733"}],"curies":[{"name":"wp","href":"https:\/\/api.w.org\/{rel}","templated":true}]}}