{"id":50716,"date":"2024-04-16T16:46:14","date_gmt":"2024-04-16T08:46:14","guid":{"rendered":"https:\/\/gretasexylingerie.com\/?post_type=product&#038;p=50716"},"modified":"2024-04-17T01:41:11","modified_gmt":"2024-04-16T17:41:11","slug":"grossist-blossom-broderi-mesh-bygel-underklader-set","status":"publish","type":"product","link":"https:\/\/gretasexylingerie.com\/sv\/products\/wholesale-blossom-embroidery-mesh-underwire-lingerie-set\/","title":{"rendered":"Grossisthandel Blossom Broderi Mesh Bygel underkl\u00e4der Set"},"content":{"rendered":"<p><strong>Blommig fantasi<\/strong>: Intrikata blommor av f\u00e4rgglada broderier pryder det skira n\u00e4tet i dessa underkl\u00e4der, vilket ger en tr\u00e4dg\u00e5rdsliknande fr\u00e4sch\u00f6r och liv till klassikern <strong>vit bralette set<\/strong>.<\/p>\n\n\n\n<p><strong>Bygel Elegance<\/strong>: Bygel-bh:n erbjuder b\u00e5de st\u00f6d och form, vilket s\u00e4kerst\u00e4ller att sk\u00f6nhet inte kommer p\u00e5 bekostnad av komfort i denna <strong>blommig broderi mesh bygel underkl\u00e4der set<\/strong>.<\/p>\n\n\n\n<p><strong>S\u00f6t Sheerness<\/strong>: Setets genomskinliga tyg inbjuder till ett lekfullt spel med att avsl\u00f6ja och d\u00f6lja, delikat drapering av kroppen i en knappt sl\u00f6ja som viskar lockelse och sofistikering.<\/p>\n\n\n\n<p><strong>F\u00f6rtrollande ensemble<\/strong>: Komplett med koordinerande strumpeband och l\u00e5rh\u00f6ga utsmyckningar, detta underkl\u00e4desset \u00e4r en komplett ensemble som talar till en v\u00e4lutbildad intim garderob.<\/p>\n\n\n\n<p><strong>S\u00f6ml\u00f6s strumpa<\/strong>: \u00c5terf\u00f6rs\u00e4ljare kan med tillf\u00f6rsikt presentera detta lockande set, tack vare v\u00e5rt st\u00f6d <a href=\"https:\/\/gretasexylingerie.com\/sv\/droshpping-underklader-service\/\">drop shipping service<\/a>, vilket ger en str\u00f6mlinjeformad v\u00e4g f\u00f6r att erbjuda lyx utan att beh\u00f6va oroa sig f\u00f6r minimibest\u00e4llningar.<\/p>\n\n\n\n<p>Sk\u00e4m bort dina kunders \u00f6nskan om uts\u00f6kta detaljer med detta <strong>broderi bh-byxupps\u00e4ttning<\/strong>. Bjud in dem att v\u00e4va en historia om elegans och lockelse med varje lager de tar p\u00e5 sig. Kontakta Greta Sexiga underkl\u00e4der idag f\u00f6r att inkludera detta f\u00e4ngslande set i din butik, d\u00e4r varje pj\u00e4s \u00e4r en blomma i modetr\u00e4dg\u00e5rden.<\/p>\n\n\n\n<figure class=\"wp-block-table\">\n<table>\n<tbody>\n<tr>\n<td class=\"has-text-align-center\" colspan=\"6\" data-align=\"center\"><strong>Storlekstabell (CM)<\/strong><\/td>\n<\/tr>\n<tr>\n<td class=\"has-text-align-center\" data-align=\"center\"><strong>Storlek<\/strong><\/td>\n<td class=\"has-text-align-center\" data-align=\"center\"><strong>Byxor (cm)<\/strong><\/td>\n<td class=\"has-text-align-center\" data-align=\"center\"><strong>Byst (cm)<\/strong><\/td>\n<td class=\"has-text-align-center\" data-align=\"center\"><strong>L\u00e4ngd (cm)<\/strong><\/td>\n<td class=\"has-text-align-center\" data-align=\"center\"><strong>Midja (cm)<\/strong><\/td>\n<td class=\"has-text-align-center\" data-align=\"center\"><strong>Trosan L\u00e4ngd (cm)<\/strong><\/td>\n<\/tr>\n<tr>\n<td class=\"has-text-align-center\" data-align=\"center\">S<\/td>\n<td class=\"has-text-align-center\" data-align=\"center\">67<\/td>\n<td class=\"has-text-align-center\" data-align=\"center\">15<\/td>\n<td class=\"has-text-align-center\" data-align=\"center\">68<\/td>\n<td class=\"has-text-align-center\" data-align=\"center\">24<\/td>\n<td class=\"has-text-align-center\" data-align=\"center\">64<\/td>\n<\/tr>\n<tr>\n<td class=\"has-text-align-center\" data-align=\"center\">M<\/td>\n<td class=\"has-text-align-center\" data-align=\"center\">71<\/td>\n<td class=\"has-text-align-center\" data-align=\"center\">16<\/td>\n<td class=\"has-text-align-center\" data-align=\"center\">72<\/td>\n<td class=\"has-text-align-center\" data-align=\"center\">25<\/td>\n<td class=\"has-text-align-center\" data-align=\"center\">68<\/td>\n<\/tr>\n<tr>\n<td class=\"has-text-align-center\" data-align=\"center\">L<\/td>\n<td class=\"has-text-align-center\" data-align=\"center\">75<\/td>\n<td class=\"has-text-align-center\" data-align=\"center\">17<\/td>\n<td class=\"has-text-align-center\" data-align=\"center\">76<\/td>\n<td class=\"has-text-align-center\" data-align=\"center\">26<\/td>\n<td class=\"has-text-align-center\" data-align=\"center\">72<\/td>\n<\/tr>\n<\/tbody>\n<\/table>\n<\/figure>\n\n\n\n<figure class=\"wp-block-table\">\n<table>\n<tbody>\n<tr>\n<td class=\"has-text-align-center\" colspan=\"6\" data-align=\"center\"><strong>Storlekstabell (INCH)<\/strong><\/td>\n<\/tr>\n<tr>\n<td class=\"has-text-align-center\" data-align=\"center\"><strong>Storlek<\/strong><\/td>\n<td class=\"has-text-align-center\" data-align=\"center\"><strong>Byxor (i)<\/strong><\/td>\n<td class=\"has-text-align-center\" data-align=\"center\"><strong>Byst (in)<\/strong><\/td>\n<td class=\"has-text-align-center\" data-align=\"center\"><strong>L\u00e4ngd (tum)<\/strong><\/td>\n<td class=\"has-text-align-center\" data-align=\"center\"><strong>Midja (in)<\/strong><\/td>\n<td class=\"has-text-align-center\" data-align=\"center\"><strong>Trosan L\u00e4ngd (in)<\/strong><\/td>\n<\/tr>\n<tr>\n<td class=\"has-text-align-center\" data-align=\"center\">S<\/td>\n<td class=\"has-text-align-center\" data-align=\"center\">26.38<\/td>\n<td class=\"has-text-align-center\" data-align=\"center\">5.91<\/td>\n<td class=\"has-text-align-center\" data-align=\"center\">26.77<\/td>\n<td class=\"has-text-align-center\" data-align=\"center\">9.45<\/td>\n<td class=\"has-text-align-center\" data-align=\"center\">25.20<\/td>\n<\/tr>\n<tr>\n<td class=\"has-text-align-center\" data-align=\"center\">M<\/td>\n<td class=\"has-text-align-center\" data-align=\"center\">27.95<\/td>\n<td class=\"has-text-align-center\" data-align=\"center\">6.30<\/td>\n<td class=\"has-text-align-center\" data-align=\"center\">28.35<\/td>\n<td class=\"has-text-align-center\" data-align=\"center\">9.84<\/td>\n<td class=\"has-text-align-center\" data-align=\"center\">26.77<\/td>\n<\/tr>\n<tr>\n<td class=\"has-text-align-center\" data-align=\"center\">L<\/td>\n<td class=\"has-text-align-center\" data-align=\"center\">29.53<\/td>\n<td class=\"has-text-align-center\" data-align=\"center\">6.69<\/td>\n<td class=\"has-text-align-center\" data-align=\"center\">29.92<\/td>\n<td class=\"has-text-align-center\" data-align=\"center\">10.24<\/td>\n<td class=\"has-text-align-center\" data-align=\"center\">28.35<\/td>\n<\/tr>\n<\/tbody>\n<\/table>\n<\/figure>","protected":false},"excerpt":{"rendered":"<p>Detta <strong>broderi bh-byxupps\u00e4ttning<\/strong> utstr\u00e5lar romantik med sina delikata blommiga broderier \u00f6ver finmaskigt. De <strong>vit bralette set<\/strong> \u00e4r bygel f\u00f6r st\u00f6d, designad f\u00f6r en intim blandning av komfort och sk\u00f6nhet.<\/p>","protected":false},"featured_media":50712,"template":"","meta":[],"product_brand":[],"product_cat":[368,367,375],"product_tag":[507,454,524,510,446,865],"class_list":{"0":"post-50716","1":"product","2":"type-product","3":"status-publish","4":"has-post-thumbnail","6":"product_cat-bra-panty-set","7":"product_cat-sexy-lingerie","8":"product_cat-whoelsale-sheer-bra-and-panty-sets","9":"product_tag-three-pcs-set","10":"product_tag-wholesale-sexy-embroidered-lingerie","11":"product_tag-metal-lingerie","12":"product_tag-ruffles-lingerie","13":"product_tag-wholesale-sexy-see-through-lingerie","14":"product_tag-sexy-skimpy-lingerie","15":"pa_color-white","16":"pa_size-wholesale-large-size-women-sexy-lingerie","17":"pa_size-wholesale-medium-size-women-sexy-lingerie","18":"pa_size-wholesale-small-size-sexy-lingerie","20":"first","21":"instock","22":"taxable","23":"shipping-taxable","24":"purchasable","25":"product-type-variable"},"tiered_pricing_type":"fixed","tiered_pricing_fixed_rules":[],"tiered_pricing_product_settings":{"layout":"table","base_unit_name":{"singular":null,"plural":null},"default_variation":null},"tiered_pricing_minimum_quantity":null,"tiered_pricing_roles_data":[],"tiered_pricing_percentage_rules":[],"tiered_pricing_maximum_quantity":null,"tiered_pricing_quantity_step":null,"_links":{"self":[{"href":"https:\/\/gretasexylingerie.com\/sv\/wp-json\/wp\/v2\/product\/50716","targetHints":{"allow":["GET"]}}],"collection":[{"href":"https:\/\/gretasexylingerie.com\/sv\/wp-json\/wp\/v2\/product"}],"about":[{"href":"https:\/\/gretasexylingerie.com\/sv\/wp-json\/wp\/v2\/types\/product"}],"wp:featuredmedia":[{"embeddable":true,"href":"https:\/\/gretasexylingerie.com\/sv\/wp-json\/wp\/v2\/media\/50712"}],"wp:attachment":[{"href":"https:\/\/gretasexylingerie.com\/sv\/wp-json\/wp\/v2\/media?parent=50716"}],"wp:term":[{"taxonomy":"product_brand","embeddable":true,"href":"https:\/\/gretasexylingerie.com\/sv\/wp-json\/wp\/v2\/product_brand?post=50716"},{"taxonomy":"product_cat","embeddable":true,"href":"https:\/\/gretasexylingerie.com\/sv\/wp-json\/wp\/v2\/product_cat?post=50716"},{"taxonomy":"product_tag","embeddable":true,"href":"https:\/\/gretasexylingerie.com\/sv\/wp-json\/wp\/v2\/product_tag?post=50716"}],"curies":[{"name":"wp","href":"https:\/\/api.w.org\/{rel}","templated":true}]}}