{"id":50696,"date":"2024-04-16T16:45:00","date_gmt":"2024-04-16T08:45:00","guid":{"rendered":"https:\/\/gretasexylingerie.com\/?post_type=product&#038;p=50696"},"modified":"2024-04-17T01:36:55","modified_gmt":"2024-04-16T17:36:55","slug":"grossist-elegans-skir-bh-och-trosa-ensemble-med-hangslen","status":"publish","type":"product","link":"https:\/\/gretasexylingerie.com\/sv\/products\/wholesale-elegance-sheer-bra-and-panty-ensemble-with-suspenders\/","title":{"rendered":"Grossist Elegance Sheer BH och Trosa Ensemble med h\u00e4ngslen"},"content":{"rendered":"<p><strong>Gossamer tr\u00e5dar<\/strong>: BH- och trossetet med fin tr\u00e5d, med sitt halvtransparenta tyg, erbjuder en lockande titt samtidigt som den beh\u00e5ller en v\u00e4rdig grace, perfekt f\u00f6r dem som uppskattar det k\u00e4nsliga samspelet mellan synlighet och f\u00f6rslag.<\/p>\n\n\n\n<p><strong>Suspender Statement<\/strong>: De eleganta h\u00e4ngslen accentuerar midjan och drar \u00f6gat till b\u00e5de form och funktion och ramar in h\u00f6fter och l\u00e5r f\u00f6r en f\u00f6rh\u00f6jd underkl\u00e4desupplevelse.<\/p>\n\n\n\n<p><strong>Midnatt Allure<\/strong>: Den djupa svarta nyansen p\u00e5 setet talar om n\u00e4tter fyllda av romantik och g\u00e5tfullhet, vilket g\u00f6r det till ett viktigt tillskott f\u00f6r alla som vill ingjuta tidl\u00f6s elegans i sin underkl\u00e4desl\u00e5da.<\/p>\n\n\n\n<p><strong>Lyx komfort<\/strong>: Trots sitt intrikata utseende, \u00e4ventyras inte komforten. Mjuka tyger och justerbara remmar s\u00e4kerst\u00e4ller att stil och b\u00e4rbarhet g\u00e5r hand i hand, vilket f\u00f6rkroppsligar sj\u00e4lva definitionen av lyx.<\/p>\n\n\n\n<p><strong>Detaljhandel perfektion<\/strong>: Detta underkl\u00e4desset, tillg\u00e4ngligt via v\u00e5r <a href=\"https:\/\/gretasexylingerie.com\/sv\/droshpping-underklader-service\/\">drop shipping service<\/a>, erbjuder en s\u00f6ml\u00f6s \u00f6verg\u00e5ng fr\u00e5n v\u00e5r kollektion till din kunds garderob utan behov av minsta best\u00e4llningskvantitet, vilket effektiviserar processen f\u00f6r att skapa ett m\u00e5ngsidigt och tilltalande lager.<\/p>\n\n\n\n<p>Omfamna kv\u00e4llen med Sable Elegance Sheer Bra och Trosa Ensemble med h\u00e4ngslen. Perfekt f\u00f6r att l\u00e4gga till en touch av sofistikering till n\u00e5got speciellt tillf\u00e4lle, det h\u00e4r setet lovar att f\u00f6rtrolla. Ta kontakt med Greta Sexy Lingerie f\u00f6r att g\u00f6ra denna uts\u00f6kta upps\u00e4ttning till en del av ditt erbjudande.<\/p>\n\n\n\n<figure class=\"wp-block-table\">\n<table>\n<tbody>\n<tr>\n<td class=\"has-text-align-center\" colspan=\"6\" data-align=\"center\"><strong>Storlekstabell (CM)<\/strong><\/td>\n<\/tr>\n<tr>\n<td class=\"has-text-align-center\" data-align=\"center\"><strong>Storlek<\/strong><\/td>\n<td class=\"has-text-align-center\" data-align=\"center\"><strong>Byst (cm)<\/strong><\/td>\n<td class=\"has-text-align-center\" data-align=\"center\"><strong>L\u00e4ngd (cm)<\/strong><\/td>\n<td class=\"has-text-align-center\" data-align=\"center\"><strong>Midja (cm)<\/strong><\/td>\n<td class=\"has-text-align-center\" data-align=\"center\"><strong>Byxans l\u00e4ngd (cm)<\/strong><\/td>\n<td class=\"has-text-align-center\" data-align=\"center\"><strong>Strumpebands midja (cm)<\/strong><\/td>\n<\/tr>\n<tr>\n<td class=\"has-text-align-center\" data-align=\"center\">S<\/td>\n<td class=\"has-text-align-center\" data-align=\"center\">68-90<\/td>\n<td class=\"has-text-align-center\" data-align=\"center\">15<\/td>\n<td class=\"has-text-align-center\" data-align=\"center\">70-96<\/td>\n<td class=\"has-text-align-center\" data-align=\"center\">22<\/td>\n<td class=\"has-text-align-center\" data-align=\"center\">64-88<\/td>\n<\/tr>\n<tr>\n<td class=\"has-text-align-center\" data-align=\"center\">M<\/td>\n<td class=\"has-text-align-center\" data-align=\"center\">72-94<\/td>\n<td class=\"has-text-align-center\" data-align=\"center\">16<\/td>\n<td class=\"has-text-align-center\" data-align=\"center\">74-100<\/td>\n<td class=\"has-text-align-center\" data-align=\"center\">23<\/td>\n<td class=\"has-text-align-center\" data-align=\"center\">68-92<\/td>\n<\/tr>\n<tr>\n<td class=\"has-text-align-center\" data-align=\"center\">L<\/td>\n<td class=\"has-text-align-center\" data-align=\"center\">76-98<\/td>\n<td class=\"has-text-align-center\" data-align=\"center\">17<\/td>\n<td class=\"has-text-align-center\" data-align=\"center\">78-104<\/td>\n<td class=\"has-text-align-center\" data-align=\"center\">24<\/td>\n<td class=\"has-text-align-center\" data-align=\"center\">72-96<\/td>\n<\/tr>\n<\/tbody>\n<\/table>\n<\/figure>\n\n\n\n<figure class=\"wp-block-table\">\n<table>\n<tbody>\n<tr>\n<td class=\"has-text-align-center\" colspan=\"6\" data-align=\"center\"><strong>Storlekstabell (INCH)<\/strong><\/td>\n<\/tr>\n<tr>\n<td class=\"has-text-align-center\" data-align=\"center\"><strong>Storlek<\/strong><\/td>\n<td class=\"has-text-align-center\" data-align=\"center\"><strong>Byst (in)<\/strong><\/td>\n<td class=\"has-text-align-center\" data-align=\"center\"><strong>L\u00e4ngd (tum)<\/strong><\/td>\n<td class=\"has-text-align-center\" data-align=\"center\"><strong>Midja (in)<\/strong><\/td>\n<td class=\"has-text-align-center\" data-align=\"center\"><strong>Byxans l\u00e4ngd (in)<\/strong><\/td>\n<td class=\"has-text-align-center\" data-align=\"center\"><strong>Strumpebandsmidja (in)<\/strong><\/td>\n<\/tr>\n<tr>\n<td class=\"has-text-align-center\" data-align=\"center\">S<\/td>\n<td class=\"has-text-align-center\" data-align=\"center\">26.77-35.43<\/td>\n<td class=\"has-text-align-center\" data-align=\"center\">5.91<\/td>\n<td class=\"has-text-align-center\" data-align=\"center\">27.56-37.80<\/td>\n<td class=\"has-text-align-center\" data-align=\"center\">8.66<\/td>\n<td class=\"has-text-align-center\" data-align=\"center\">25.20-34.65<\/td>\n<\/tr>\n<tr>\n<td class=\"has-text-align-center\" data-align=\"center\">M<\/td>\n<td class=\"has-text-align-center\" data-align=\"center\">28.35-37.01<\/td>\n<td class=\"has-text-align-center\" data-align=\"center\">6.30<\/td>\n<td class=\"has-text-align-center\" data-align=\"center\">29.13-39.37<\/td>\n<td class=\"has-text-align-center\" data-align=\"center\">9.06<\/td>\n<td class=\"has-text-align-center\" data-align=\"center\">26.77-36.22<\/td>\n<\/tr>\n<tr>\n<td class=\"has-text-align-center\" data-align=\"center\">L<\/td>\n<td class=\"has-text-align-center\" data-align=\"center\">29.92-38.58<\/td>\n<td class=\"has-text-align-center\" data-align=\"center\">6.69<\/td>\n<td class=\"has-text-align-center\" data-align=\"center\">30.71-40.94<\/td>\n<td class=\"has-text-align-center\" data-align=\"center\">9.45<\/td>\n<td class=\"has-text-align-center\" data-align=\"center\">28.35-37.80<\/td>\n<\/tr>\n<\/tbody>\n<\/table>\n<\/figure>","protected":false},"excerpt":{"rendered":"<p>Vi presenterar Sable Elegance Collection, v\u00e5r <strong>skira bh och trosor set<\/strong> som parar k\u00e4nsligt tr\u00e5darbete med dj\u00e4rvheten i svart. Detta sofistikerade <strong>svarta underkl\u00e4der set med h\u00e4ngslen<\/strong> \u00e4r designad f\u00f6r att skapa en aura av mystik och lockelse.<\/p>","protected":false},"featured_media":50682,"template":"","meta":[],"product_brand":[],"product_cat":[368,369,367],"product_tag":[507,452,875,446],"class_list":{"0":"post-50696","1":"product","2":"type-product","3":"status-publish","4":"has-post-thumbnail","6":"product_cat-bra-panty-set","7":"product_cat-wholesale-lace-bra-and-panty-sets","8":"product_cat-sexy-lingerie","9":"product_tag-three-pcs-set","10":"product_tag-wholesale-boudoir-lingerie","11":"product_tag-lace-sexy-lingerie","12":"product_tag-wholesale-sexy-see-through-lingerie","13":"pa_color-black","14":"pa_size-wholesale-large-size-women-sexy-lingerie","15":"pa_size-wholesale-medium-size-women-sexy-lingerie","16":"pa_size-wholesale-small-size-sexy-lingerie","18":"first","19":"instock","20":"taxable","21":"shipping-taxable","22":"purchasable","23":"product-type-variable"},"tiered_pricing_type":"fixed","tiered_pricing_fixed_rules":[],"tiered_pricing_product_settings":{"layout":"table","base_unit_name":{"singular":null,"plural":null},"default_variation":null},"tiered_pricing_minimum_quantity":null,"tiered_pricing_roles_data":[],"tiered_pricing_percentage_rules":[],"tiered_pricing_maximum_quantity":null,"tiered_pricing_quantity_step":null,"_links":{"self":[{"href":"https:\/\/gretasexylingerie.com\/sv\/wp-json\/wp\/v2\/product\/50696","targetHints":{"allow":["GET"]}}],"collection":[{"href":"https:\/\/gretasexylingerie.com\/sv\/wp-json\/wp\/v2\/product"}],"about":[{"href":"https:\/\/gretasexylingerie.com\/sv\/wp-json\/wp\/v2\/types\/product"}],"wp:featuredmedia":[{"embeddable":true,"href":"https:\/\/gretasexylingerie.com\/sv\/wp-json\/wp\/v2\/media\/50682"}],"wp:attachment":[{"href":"https:\/\/gretasexylingerie.com\/sv\/wp-json\/wp\/v2\/media?parent=50696"}],"wp:term":[{"taxonomy":"product_brand","embeddable":true,"href":"https:\/\/gretasexylingerie.com\/sv\/wp-json\/wp\/v2\/product_brand?post=50696"},{"taxonomy":"product_cat","embeddable":true,"href":"https:\/\/gretasexylingerie.com\/sv\/wp-json\/wp\/v2\/product_cat?post=50696"},{"taxonomy":"product_tag","embeddable":true,"href":"https:\/\/gretasexylingerie.com\/sv\/wp-json\/wp\/v2\/product_tag?post=50696"}],"curies":[{"name":"wp","href":"https:\/\/api.w.org\/{rel}","templated":true}]}}