{"id":50657,"date":"2024-04-16T16:43:07","date_gmt":"2024-04-16T08:43:07","guid":{"rendered":"https:\/\/gretasexylingerie.com\/?post_type=product&#038;p=50657"},"modified":"2024-04-17T01:25:36","modified_gmt":"2024-04-16T17:25:36","slug":"grossist-lavendel-whisper-ren-balconette-underklader-set","status":"publish","type":"product","link":"https:\/\/gretasexylingerie.com\/sv\/products\/wholesale-lavender-whisper-sheer-balconette-lingerie-set\/","title":{"rendered":"Partihandel Lavendel Whisper Sheer Balconette Underkl\u00e4der Set"},"content":{"rendered":"<p><strong>Blommig fantasi<\/strong>: Det intrikata skira blommiga spetsm\u00f6nstret pryder fint beh\u00e5n och trosorna och ger en glimt av romantik och konstn\u00e4rskap som f\u00f6rvandlar kroppen till en tr\u00e4dg\u00e5rd av eterisk sk\u00f6nhet.<\/p>\n\n\n\n<p><strong>S\u00f6t lavendelberlock<\/strong>: Kl\u00e4dd i en mjuk lila nyans, utstr\u00e5lar detta underkl\u00e4desset en k\u00e4nsla av lugn sofistikering, vilket m\u00f6jligg\u00f6r en lekfull men \u00e4nd\u00e5 komponerad underkl\u00e4desber\u00e4ttelse.<\/p>\n\n\n\n<p><strong>Balconette Brilliance<\/strong>: Balconette-bh:ns struktur erbjuder en upplyftande omfamning, som visar upp en smickrande siluett samtidigt som den f\u00f6rblir trogen den komfort som f\u00f6rv\u00e4ntas av lyxiga underkl\u00e4der.<\/p>\n\n\n\n<p><strong>Subtil Sheerness<\/strong>: Det h\u00e4r <strong>skira blommiga underkl\u00e4der<\/strong> set \u00e4r ett bevis p\u00e5 tjusningen av det som \u00e4r sett och osynligt, med dess genomskinliga tyg som fungerar som en sl\u00f6ja av mystik.<\/p>\n\n\n\n<p><strong>Ensemble Excellence<\/strong>: Erbjuds med v\u00e5r effektiva <a href=\"https:\/\/gretasexylingerie.com\/sv\/droshpping-underklader-service\/\">drop shipping service<\/a>, det h\u00e4r setet \u00e4r enkelt att lagra och uppfyller dina kunders \u00f6nskem\u00e5l om elegans utan b\u00f6rdan av \u00f6verfl\u00f6digt lager.<\/p>\n\n\n\n<p>Ge din samling Lavender Whisper Sheer Balconette Lingerie Set och se hur den f\u00f6rvandlar \u00f6nskningar till verklighet. Ta kontakt med Greta Sexy Lingerie f\u00f6r att skaffa detta set, d\u00e4r varje pj\u00e4s talar volymer genom spr\u00e5ket av spets och lyx.<\/p>\n\n\n\n<figure class=\"wp-block-table\">\n<table>\n<tbody>\n<tr>\n<td class=\"has-text-align-center\" colspan=\"6\" data-align=\"center\"><strong>Storlekstabell (CM)<\/strong><\/td>\n<\/tr>\n<tr>\n<td class=\"has-text-align-center\" data-align=\"center\"><strong>Storlek<\/strong><\/td>\n<td class=\"has-text-align-center\" data-align=\"center\"><strong>Byst (cm)<\/strong><\/td>\n<td class=\"has-text-align-center\" data-align=\"center\"><strong>L\u00e4ngd (cm)<\/strong><\/td>\n<td class=\"has-text-align-center\" data-align=\"center\"><strong>Midja (cm)<\/strong><\/td>\n<td class=\"has-text-align-center\" data-align=\"center\"><strong>Byxans l\u00e4ngd (cm)<\/strong><\/td>\n<td class=\"has-text-align-center\" data-align=\"center\"><strong>Strumpeband midja (cm)<\/strong><\/td>\n<\/tr>\n<tr>\n<td class=\"has-text-align-center\" data-align=\"center\">S<\/td>\n<td class=\"has-text-align-center\" data-align=\"center\">64<\/td>\n<td class=\"has-text-align-center\" data-align=\"center\">13<\/td>\n<td class=\"has-text-align-center\" data-align=\"center\">72<\/td>\n<td class=\"has-text-align-center\" data-align=\"center\">19.5<\/td>\n<td class=\"has-text-align-center\" data-align=\"center\">62<\/td>\n<\/tr>\n<tr>\n<td class=\"has-text-align-center\" data-align=\"center\">M<\/td>\n<td class=\"has-text-align-center\" data-align=\"center\">68<\/td>\n<td class=\"has-text-align-center\" data-align=\"center\">14<\/td>\n<td class=\"has-text-align-center\" data-align=\"center\">76<\/td>\n<td class=\"has-text-align-center\" data-align=\"center\">20.5<\/td>\n<td class=\"has-text-align-center\" data-align=\"center\">64<\/td>\n<\/tr>\n<tr>\n<td class=\"has-text-align-center\" data-align=\"center\">L<\/td>\n<td class=\"has-text-align-center\" data-align=\"center\">72<\/td>\n<td class=\"has-text-align-center\" data-align=\"center\">15<\/td>\n<td class=\"has-text-align-center\" data-align=\"center\">80<\/td>\n<td class=\"has-text-align-center\" data-align=\"center\">21.5<\/td>\n<td class=\"has-text-align-center\" data-align=\"center\">68<\/td>\n<\/tr>\n<\/tbody>\n<\/table>\n<\/figure>\n\n\n\n<figure class=\"wp-block-table\">\n<table>\n<tbody>\n<tr>\n<td class=\"has-text-align-center\" colspan=\"6\" data-align=\"center\"><strong>Storlekstabell (INCH)<\/strong><\/td>\n<\/tr>\n<tr>\n<td class=\"has-text-align-center\" data-align=\"center\"><strong>Storlek<\/strong><\/td>\n<td class=\"has-text-align-center\" data-align=\"center\"><strong>Byst (in)<\/strong><\/td>\n<td class=\"has-text-align-center\" data-align=\"center\"><strong>L\u00e4ngd (tum)<\/strong><\/td>\n<td class=\"has-text-align-center\" data-align=\"center\"><strong>Midja (in)<\/strong><\/td>\n<td class=\"has-text-align-center\" data-align=\"center\"><strong>Byxans l\u00e4ngd (in)<\/strong><\/td>\n<td class=\"has-text-align-center\" data-align=\"center\"><strong>Strumpeband midja (in)<\/strong><\/td>\n<\/tr>\n<tr>\n<td class=\"has-text-align-center\" data-align=\"center\">S<\/td>\n<td class=\"has-text-align-center\" data-align=\"center\">25.20<\/td>\n<td class=\"has-text-align-center\" data-align=\"center\">5.12<\/td>\n<td class=\"has-text-align-center\" data-align=\"center\">28.35<\/td>\n<td class=\"has-text-align-center\" data-align=\"center\">7.68<\/td>\n<td class=\"has-text-align-center\" data-align=\"center\">24.41<\/td>\n<\/tr>\n<tr>\n<td class=\"has-text-align-center\" data-align=\"center\">M<\/td>\n<td class=\"has-text-align-center\" data-align=\"center\">26.77<\/td>\n<td class=\"has-text-align-center\" data-align=\"center\">5.51<\/td>\n<td class=\"has-text-align-center\" data-align=\"center\">29.92<\/td>\n<td class=\"has-text-align-center\" data-align=\"center\">8.07<\/td>\n<td class=\"has-text-align-center\" data-align=\"center\">25.20<\/td>\n<\/tr>\n<tr>\n<td class=\"has-text-align-center\" data-align=\"center\">L<\/td>\n<td class=\"has-text-align-center\" data-align=\"center\">28.35<\/td>\n<td class=\"has-text-align-center\" data-align=\"center\">5.91<\/td>\n<td class=\"has-text-align-center\" data-align=\"center\">31.50<\/td>\n<td class=\"has-text-align-center\" data-align=\"center\">8.46<\/td>\n<td class=\"has-text-align-center\" data-align=\"center\">26.77<\/td>\n<\/tr>\n<\/tbody>\n<\/table>\n<\/figure>","protected":false},"excerpt":{"rendered":"<p>\u00c5beropa en touch av n\u00e5d med v\u00e5r <strong>lila bh och underkl\u00e4der set<\/strong>, med fina blommiga detaljer som blommar \u00f6ver en duk av skirt tyg. Detta <strong>balconette bh och trosor set<\/strong> \u00e4r en poetisk blandning av st\u00f6d och lockelse, designad f\u00f6r diskret elegans.<\/p>","protected":false},"featured_media":50641,"template":"","meta":[],"product_brand":[],"product_cat":[368,369,367],"product_tag":[507,452,528,875,453,865],"class_list":{"0":"post-50657","1":"product","2":"type-product","3":"status-publish","4":"has-post-thumbnail","6":"product_cat-bra-panty-set","7":"product_cat-wholesale-lace-bra-and-panty-sets","8":"product_cat-sexy-lingerie","9":"product_tag-three-pcs-set","10":"product_tag-wholesale-boudoir-lingerie","11":"product_tag-halter-lingerie","12":"product_tag-lace-sexy-lingerie","13":"product_tag-wholesale-sexy-naughty-lingerie","14":"product_tag-sexy-skimpy-lingerie","15":"pa_color-purple-women-sexy-lingerie","16":"pa_size-wholesale-large-size-women-sexy-lingerie","17":"pa_size-wholesale-medium-size-women-sexy-lingerie","18":"pa_size-wholesale-small-size-sexy-lingerie","20":"first","21":"instock","22":"taxable","23":"shipping-taxable","24":"purchasable","25":"product-type-variable"},"tiered_pricing_type":"fixed","tiered_pricing_fixed_rules":[],"tiered_pricing_product_settings":{"layout":"table","base_unit_name":{"singular":null,"plural":null},"default_variation":null},"tiered_pricing_minimum_quantity":null,"tiered_pricing_roles_data":[],"tiered_pricing_percentage_rules":[],"tiered_pricing_maximum_quantity":null,"tiered_pricing_quantity_step":null,"_links":{"self":[{"href":"https:\/\/gretasexylingerie.com\/sv\/wp-json\/wp\/v2\/product\/50657","targetHints":{"allow":["GET"]}}],"collection":[{"href":"https:\/\/gretasexylingerie.com\/sv\/wp-json\/wp\/v2\/product"}],"about":[{"href":"https:\/\/gretasexylingerie.com\/sv\/wp-json\/wp\/v2\/types\/product"}],"wp:featuredmedia":[{"embeddable":true,"href":"https:\/\/gretasexylingerie.com\/sv\/wp-json\/wp\/v2\/media\/50641"}],"wp:attachment":[{"href":"https:\/\/gretasexylingerie.com\/sv\/wp-json\/wp\/v2\/media?parent=50657"}],"wp:term":[{"taxonomy":"product_brand","embeddable":true,"href":"https:\/\/gretasexylingerie.com\/sv\/wp-json\/wp\/v2\/product_brand?post=50657"},{"taxonomy":"product_cat","embeddable":true,"href":"https:\/\/gretasexylingerie.com\/sv\/wp-json\/wp\/v2\/product_cat?post=50657"},{"taxonomy":"product_tag","embeddable":true,"href":"https:\/\/gretasexylingerie.com\/sv\/wp-json\/wp\/v2\/product_tag?post=50657"}],"curies":[{"name":"wp","href":"https:\/\/api.w.org\/{rel}","templated":true}]}}