{"id":50630,"date":"2024-04-16T16:41:51","date_gmt":"2024-04-16T08:41:51","guid":{"rendered":"https:\/\/gretasexylingerie.com\/?post_type=product&#038;p=50630"},"modified":"2024-04-17T01:21:48","modified_gmt":"2024-04-16T17:21:48","slug":"grossistforsaljning-enchante-grimma-spets-teddy","status":"publish","type":"product","link":"https:\/\/gretasexylingerie.com\/sv\/products\/wholesale-enchante-halter-neck-lace-teddy\/","title":{"rendered":"Grossistf\u00f6rs\u00e4ljning Enchante Halter Neck Spets Teddy"},"content":{"rendered":"<p><strong>Tidl\u00f6s spets elegans<\/strong>: Omfamna klassisk romantik med den intrikat m\u00f6nstrade spetsen som pryder denna teddy, och skapar en sl\u00e5ende siluett som \u00e4r b\u00e5de sofistikerad och f\u00f6rf\u00f6risk.<\/p>\n\n\n\n<p><strong>Halter sofistikering<\/strong>: Halterringningen l\u00e4gger till ett element av tidl\u00f6s grace, ger ett smickrande lyft och framh\u00e4ver axlarna, medan knytbandet s\u00e4kerst\u00e4ller en perfekt passform f\u00f6r varje figur.<\/p>\n\n\n\n<p><strong>V\u00e5ga \u00f6ppna rygg<\/strong>: En dramatisk \u00f6ppen baksida ger en dj\u00e4rv kontrast till fronten med full t\u00e4ckning, vilket ger detta <strong>bodysuit med \u00f6ppen rygg<\/strong> en balans mellan avsl\u00f6ja och d\u00f6lja som s\u00e4kert kommer att locka.<\/p>\n\n\n\n<p><strong>Peplum Lekfullhet<\/strong>: En mjukt rufsig peplum i midjan ger en flirtig k\u00e4nsla, mjukt forsande \u00f6ver h\u00f6fterna f\u00f6r att f\u00f6rst\u00e4rka plaggets feminina charm.<\/p>\n\n\n\n<p><strong>F\u00e4rgglada val<\/strong>: Oavsett om dina kunder f\u00f6redrar den skarpa elegansen i svart, renheten i vitt eller passionen i r\u00f6tt, \u00e4r denna teddy designad f\u00f6r att tillgodose deras hum\u00f6r och preferenser.<\/p>\n\n\n\n<p><strong>S\u00f6ml\u00f6s detaljhandelsintegration<\/strong>: Varje f\u00e4rgvariant av denna <strong>teddy spets kostym<\/strong> \u00e4r redo att f\u00f6rtrolla dina kunder, allt med v\u00e5r bekv\u00e4mlighet <a href=\"https:\/\/gretasexylingerie.com\/sv\/droshpping-underklader-service\/\">drop shipping service<\/a>, vilket s\u00e4kerst\u00e4ller att du kan erbjuda dessa fantastiska artiklar utan oro \u00f6ver lagerniv\u00e5er eller minimibest\u00e4llningar.<\/p>\n\n\n\n<p>Lyft upp dina erbjudanden med Enchante Halter Neck Lace Teddy \u2013 ett sk\u00f6nhetsstatement f\u00f6r alla intima tillf\u00e4llen. Best\u00e4ll nu och f\u00e4ngsla din kundkrets med den konstiga sammansm\u00e4ltningen av spets och design, tillg\u00e4nglig via Greta Sexy Lingerie. D\u00e4r varje plagg \u00e4r mer \u00e4n underkl\u00e4der, \u00e4r det ett personligt uttryck.<\/p>\n\n\n\n<figure class=\"wp-block-table\">\n<table>\n<tbody>\n<tr>\n<td class=\"has-text-align-center\" colspan=\"5\" data-align=\"center\"><strong>Storlekstabell (CM)<\/strong><\/td>\n<\/tr>\n<tr>\n<td class=\"has-text-align-center\" data-align=\"center\"><strong>Storlek<\/strong><\/td>\n<td class=\"has-text-align-center\" data-align=\"center\"><strong>Byst (cm)<\/strong><\/td>\n<td class=\"has-text-align-center\" data-align=\"center\"><strong>L\u00e4ngd (cm)<\/strong><\/td>\n<td class=\"has-text-align-center\" data-align=\"center\"><strong>Midja (cm)<\/strong><\/td>\n<td class=\"has-text-align-center\" data-align=\"center\"><strong>H\u00f6ftomf\u00e5ng (cm)<\/strong><\/td>\n<\/tr>\n<tr>\n<td class=\"has-text-align-center\" data-align=\"center\">S<\/td>\n<td class=\"has-text-align-center\" data-align=\"center\">68<\/td>\n<td class=\"has-text-align-center\" data-align=\"center\">61<\/td>\n<td class=\"has-text-align-center\" data-align=\"center\">68<\/td>\n<td class=\"has-text-align-center\" data-align=\"center\">72<\/td>\n<\/tr>\n<tr>\n<td class=\"has-text-align-center\" data-align=\"center\">M<\/td>\n<td class=\"has-text-align-center\" data-align=\"center\">72<\/td>\n<td class=\"has-text-align-center\" data-align=\"center\">63<\/td>\n<td class=\"has-text-align-center\" data-align=\"center\">72<\/td>\n<td class=\"has-text-align-center\" data-align=\"center\">76<\/td>\n<\/tr>\n<tr>\n<td class=\"has-text-align-center\" data-align=\"center\">L<\/td>\n<td class=\"has-text-align-center\" data-align=\"center\">76<\/td>\n<td class=\"has-text-align-center\" data-align=\"center\">65<\/td>\n<td class=\"has-text-align-center\" data-align=\"center\">76<\/td>\n<td class=\"has-text-align-center\" data-align=\"center\">80<\/td>\n<\/tr>\n<\/tbody>\n<\/table>\n<\/figure>\n\n\n\n<figure class=\"wp-block-table\">\n<table>\n<tbody>\n<tr>\n<td class=\"has-text-align-center\" colspan=\"5\" data-align=\"center\"><strong>Storlekstabell (INCH)<\/strong><\/td>\n<\/tr>\n<tr>\n<td class=\"has-text-align-center\" data-align=\"center\"><strong>Storlek<\/strong><\/td>\n<td class=\"has-text-align-center\" data-align=\"center\"><strong>Byst (in)<\/strong><\/td>\n<td class=\"has-text-align-center\" data-align=\"center\"><strong>L\u00e4ngd (tum)<\/strong><\/td>\n<td class=\"has-text-align-center\" data-align=\"center\"><strong>Midja (in)<\/strong><\/td>\n<td class=\"has-text-align-center\" data-align=\"center\"><strong>H\u00f6ftomf\u00e5ng (in)<\/strong><\/td>\n<\/tr>\n<tr>\n<td class=\"has-text-align-center\" data-align=\"center\">S<\/td>\n<td class=\"has-text-align-center\" data-align=\"center\">26.77<\/td>\n<td class=\"has-text-align-center\" data-align=\"center\">24.02<\/td>\n<td class=\"has-text-align-center\" data-align=\"center\">26.77<\/td>\n<td class=\"has-text-align-center\" data-align=\"center\">28.35<\/td>\n<\/tr>\n<tr>\n<td class=\"has-text-align-center\" data-align=\"center\">M<\/td>\n<td class=\"has-text-align-center\" data-align=\"center\">28.35<\/td>\n<td class=\"has-text-align-center\" data-align=\"center\">24.80<\/td>\n<td class=\"has-text-align-center\" data-align=\"center\">28.35<\/td>\n<td class=\"has-text-align-center\" data-align=\"center\">29.92<\/td>\n<\/tr>\n<tr>\n<td class=\"has-text-align-center\" data-align=\"center\">L<\/td>\n<td class=\"has-text-align-center\" data-align=\"center\">29.92<\/td>\n<td class=\"has-text-align-center\" data-align=\"center\">25.59<\/td>\n<td class=\"has-text-align-center\" data-align=\"center\">29.92<\/td>\n<td class=\"has-text-align-center\" data-align=\"center\">31.50<\/td>\n<\/tr>\n<\/tbody>\n<\/table>\n<\/figure>","protected":false},"excerpt":{"rendered":"<p>bodysuit, ett plagg som sammanfl\u00e4tar elegans och lockelse. De <strong>teddy spets kostym<\/strong> \u00e4r designad f\u00f6r att smickra med sin \u00f6ppna rygg och delikata spetsdetaljer, som erbjuds i viktiga f\u00e4rger som svart, vitt och r\u00f6tt.<\/p>","protected":false},"featured_media":50610,"template":"","meta":[],"product_brand":[],"product_cat":[397,367,395],"product_tag":[870,528,875,864,866,862],"class_list":{"0":"post-50630","1":"product","2":"type-product","3":"status-publish","4":"has-post-thumbnail","6":"product_cat-wholesale-sexy-lace-teddy","7":"product_cat-sexy-lingerie","8":"product_cat-sexy-teddy-suit","9":"product_tag-floral-lingerie","10":"product_tag-halter-lingerie","11":"product_tag-lace-sexy-lingerie","12":"product_tag-sexy-petite-lingerie","13":"product_tag-sexy-romper-lingerie","14":"product_tag-sexy-silk-lingerie","15":"pa_color-black","16":"pa_color-red-women-sexy-lingerie","17":"pa_color-white","18":"pa_size-wholesale-large-size-women-sexy-lingerie","19":"pa_size-wholesale-medium-size-women-sexy-lingerie","20":"pa_size-wholesale-small-size-sexy-lingerie","22":"first","23":"instock","24":"taxable","25":"shipping-taxable","26":"purchasable","27":"product-type-variable"},"tiered_pricing_type":"fixed","tiered_pricing_fixed_rules":[],"tiered_pricing_product_settings":{"layout":"table","base_unit_name":{"singular":null,"plural":null},"default_variation":null},"tiered_pricing_minimum_quantity":null,"tiered_pricing_roles_data":[],"tiered_pricing_percentage_rules":[],"tiered_pricing_maximum_quantity":null,"tiered_pricing_quantity_step":null,"_links":{"self":[{"href":"https:\/\/gretasexylingerie.com\/sv\/wp-json\/wp\/v2\/product\/50630","targetHints":{"allow":["GET"]}}],"collection":[{"href":"https:\/\/gretasexylingerie.com\/sv\/wp-json\/wp\/v2\/product"}],"about":[{"href":"https:\/\/gretasexylingerie.com\/sv\/wp-json\/wp\/v2\/types\/product"}],"wp:featuredmedia":[{"embeddable":true,"href":"https:\/\/gretasexylingerie.com\/sv\/wp-json\/wp\/v2\/media\/50610"}],"wp:attachment":[{"href":"https:\/\/gretasexylingerie.com\/sv\/wp-json\/wp\/v2\/media?parent=50630"}],"wp:term":[{"taxonomy":"product_brand","embeddable":true,"href":"https:\/\/gretasexylingerie.com\/sv\/wp-json\/wp\/v2\/product_brand?post=50630"},{"taxonomy":"product_cat","embeddable":true,"href":"https:\/\/gretasexylingerie.com\/sv\/wp-json\/wp\/v2\/product_cat?post=50630"},{"taxonomy":"product_tag","embeddable":true,"href":"https:\/\/gretasexylingerie.com\/sv\/wp-json\/wp\/v2\/product_tag?post=50630"}],"curies":[{"name":"wp","href":"https:\/\/api.w.org\/{rel}","templated":true}]}}