{"id":50591,"date":"2024-04-16T16:39:38","date_gmt":"2024-04-16T08:39:38","guid":{"rendered":"https:\/\/gretasexylingerie.com\/?post_type=product&#038;p=50591"},"modified":"2024-04-17T01:07:02","modified_gmt":"2024-04-16T17:07:02","slug":"grossist-intriger-spets-bh-och-hangslen-underklader-trio","status":"publish","type":"product","link":"https:\/\/gretasexylingerie.com\/sv\/products\/wholesale-intrigue-lace-bra-and-suspender-lingerie-trio\/","title":{"rendered":"Grossist Intrigue Lace BH och Suspender Underkl\u00e4der Trio"},"content":{"rendered":"<p><strong>Elegant spetsarbete<\/strong>: BH:n och trosorna \u00e4r prydda med premium spets, erbjuder en lyxig k\u00e4nsla och intrikat visuellt tilltalande. De exakta m\u00f6nstren och delikata b\u00e5gade kanterna p\u00e5 detta <strong>spetsunderkl\u00e4der och bh-set<\/strong> accentuera sk\u00f6nhet och sofistikering.<\/p>\n\n\n\n<p><strong>Koordinerad n\u00e5d<\/strong>: Ett matchande h\u00e4ngselb\u00e4lte kompletterar setet, med justerbara remmar som h\u00e5ller allt p\u00e5 plats, samtidigt som det ger en extra dimension av lockelse till ensemblen.<\/p>\n\n\n\n<p><strong>Trio av charm<\/strong>: Som en <strong>tredelade underkl\u00e4der<\/strong> set ger det ett komplett utseende som \u00e4r harmoniskt och genomt\u00e4nkt designat, fr\u00e5n de st\u00f6djande bygelkuporna till den smickrande h\u00e4ngslen med h\u00f6g midja.<\/p>\n\n\n\n<p><strong>Tidl\u00f6s appell<\/strong>: Det klassiska svarta f\u00e4rgschemat och den tidl\u00f6sa designen g\u00f6r detta set till en h\u00e4ftklammer f\u00f6r alla intima kl\u00e4dkollektioner, perfekt f\u00f6r speciella tillf\u00e4llen eller ger en touch av lyx till vardagen.<\/p>\n\n\n\n<p><strong>S\u00f6ml\u00f6s integrering<\/strong>: Tillg\u00e4nglig via v\u00e5r <a href=\"https:\/\/gretasexylingerie.com\/sv\/droshpping-underklader-service\/\">drop shipping service<\/a>, detta set f\u00f6renar bekv\u00e4mlighet och klass. \u00c5terf\u00f6rs\u00e4ljare kan erbjuda denna uts\u00f6kta trio utan att oroa sig f\u00f6r lagerniv\u00e5er eller minsta best\u00e4llningskvantitet.<\/p>\n\n\n\n<p>Skapa en rad uts\u00f6kta smaker med Intrigue Lace Bra och Suspender Lingerie Trio, och erbjuda dina kunder det ultimata inom underkl\u00e4derslyx. Perfekt f\u00f6r presenter eller personlig \u00f6verseende, det h\u00e4r setet v\u00e4ntar p\u00e5 att bli en h\u00f6jdpunkt i alla underkl\u00e4des\u00e4lskares garderob. Samarbeta med Greta Sexy Lingerie f\u00f6r enkel elegans och o\u00f6vertr\u00e4ffad stil.<\/p>\n\n\n\n<figure class=\"wp-block-table\"><table><tbody><tr><td colspan=\"6\"><strong>Storlekstabell (CM)<\/strong><\/td><\/tr><tr><td><strong>Storlek<\/strong><\/td><td><strong>Byst (cm)<\/strong><\/td><td><strong>L\u00e4ngd (cm)<\/strong><\/td><td><strong>Midja (cm)<\/strong><\/td><td><strong>Byxans l\u00e4ngd (cm)<\/strong><\/td><td><strong>Strumpebands midja (cm)<\/strong><\/td><\/tr><tr><td>S<\/td><td>66-86<\/td><td>14<\/td><td>68-96<\/td><td>23<\/td><td>62-86<\/td><\/tr><tr><td>M<\/td><td>70-90<\/td><td>15<\/td><td>72-100<\/td><td>24<\/td><td>66-90<\/td><\/tr><tr><td>L<\/td><td>74-94<\/td><td>16<\/td><td>76-104<\/td><td>25<\/td><td>70-94<\/td><\/tr><\/tbody><\/table><\/figure>\n\n\n\n<figure class=\"wp-block-table\"><table><tbody><tr><td colspan=\"6\"><strong>Storlekstabell (INCH)<\/strong><\/td><\/tr><tr><td><strong>Storlek<\/strong><\/td><td><strong>Byst (in)<\/strong><\/td><td><strong>L\u00e4ngd (tum)<\/strong><\/td><td><strong>Midja (in)<\/strong><\/td><td><strong>Byxans l\u00e4ngd (in)<\/strong><\/td><td><strong>Strumpebandsmidja (in)<\/strong><\/td><\/tr><tr><td>S<\/td><td>26-33.9<\/td><td>5.5<\/td><td>26.8-37.8<\/td><td>9.1<\/td><td>24.4-33.9<\/td><\/tr><tr><td>M<\/td><td>27.6-35.4<\/td><td>5.9<\/td><td>28.3-39.4<\/td><td>9.4<\/td><td>26-35.4<\/td><\/tr><tr><td>L<\/td><td>29.1-37<\/td><td>6.3<\/td><td>29.9-41<\/td><td>9.8<\/td><td>27.6-37<\/td><\/tr><\/tbody><\/table><\/figure>","protected":false},"excerpt":{"rendered":"<p>Kliv in i en v\u00e4rld av raffinerad sensualitet med v\u00e5r <strong>spetsunderkl\u00e4der och bh-set<\/strong>. Detta uts\u00f6kta <strong>tredelade underkl\u00e4der<\/strong> kollektionen, komplett med ett h\u00e4ngselb\u00e4lte, \u00e4r utformad f\u00f6r dem som v\u00e4rnar om elegans i varje lager.<\/p>","protected":false},"featured_media":50583,"template":"","meta":[],"product_brand":[],"product_cat":[368,369,367],"product_tag":[507,452,861,875,865],"class_list":{"0":"post-50591","1":"product","2":"type-product","3":"status-publish","4":"has-post-thumbnail","6":"product_cat-bra-panty-set","7":"product_cat-wholesale-lace-bra-and-panty-sets","8":"product_cat-sexy-lingerie","9":"product_tag-three-pcs-set","10":"product_tag-wholesale-boudoir-lingerie","11":"product_tag-brunette-lingerie","12":"product_tag-lace-sexy-lingerie","13":"product_tag-sexy-skimpy-lingerie","14":"pa_color-black","15":"pa_size-wholesale-large-size-women-sexy-lingerie","16":"pa_size-wholesale-medium-size-women-sexy-lingerie","17":"pa_size-wholesale-small-size-sexy-lingerie","19":"first","20":"instock","21":"taxable","22":"shipping-taxable","23":"purchasable","24":"product-type-variable"},"tiered_pricing_type":"fixed","tiered_pricing_fixed_rules":[],"tiered_pricing_product_settings":{"layout":"table","base_unit_name":{"singular":null,"plural":null},"default_variation":null},"tiered_pricing_minimum_quantity":null,"tiered_pricing_roles_data":[],"tiered_pricing_percentage_rules":[],"tiered_pricing_maximum_quantity":null,"tiered_pricing_quantity_step":null,"_links":{"self":[{"href":"https:\/\/gretasexylingerie.com\/sv\/wp-json\/wp\/v2\/product\/50591","targetHints":{"allow":["GET"]}}],"collection":[{"href":"https:\/\/gretasexylingerie.com\/sv\/wp-json\/wp\/v2\/product"}],"about":[{"href":"https:\/\/gretasexylingerie.com\/sv\/wp-json\/wp\/v2\/types\/product"}],"wp:featuredmedia":[{"embeddable":true,"href":"https:\/\/gretasexylingerie.com\/sv\/wp-json\/wp\/v2\/media\/50583"}],"wp:attachment":[{"href":"https:\/\/gretasexylingerie.com\/sv\/wp-json\/wp\/v2\/media?parent=50591"}],"wp:term":[{"taxonomy":"product_brand","embeddable":true,"href":"https:\/\/gretasexylingerie.com\/sv\/wp-json\/wp\/v2\/product_brand?post=50591"},{"taxonomy":"product_cat","embeddable":true,"href":"https:\/\/gretasexylingerie.com\/sv\/wp-json\/wp\/v2\/product_cat?post=50591"},{"taxonomy":"product_tag","embeddable":true,"href":"https:\/\/gretasexylingerie.com\/sv\/wp-json\/wp\/v2\/product_tag?post=50591"}],"curies":[{"name":"wp","href":"https:\/\/api.w.org\/{rel}","templated":true}]}}