{"id":50555,"date":"2024-04-16T16:37:39","date_gmt":"2024-04-16T08:37:39","guid":{"rendered":"https:\/\/gretasexylingerie.com\/?post_type=product&#038;p=50555"},"modified":"2024-04-17T00:50:42","modified_gmt":"2024-04-16T16:50:42","slug":"grossist-lockande-bh-och-trosor-underklader-set","status":"publish","type":"product","link":"https:\/\/gretasexylingerie.com\/sv\/products\/wholesale-allure-bra-and-panty-lingerie-set\/","title":{"rendered":"Partihandel Allure Shadow BH och trosor underkl\u00e4der Set"},"content":{"rendered":"<p><strong>Sl\u00e5ende siluett<\/strong>: De skarpa kontrasterna i denna underkl\u00e4desupps\u00e4ttning skisserar en figur som \u00e4r om\u00f6jlig att ignorera. De <strong>het och sexig bh-trosa<\/strong> paret \u00e4r ett dj\u00e4rvt uttalande, med remmar som skulpterar och skira paneler som avsl\u00f6jar.<\/p>\n\n\n\n<p><strong>Eteriska utsmyckningar<\/strong>: Prydd med unika applikationsdetaljer f\u00f6rvandlar detta set det traditionella <strong>vit trosa och bh-set<\/strong> till ett modernt m\u00e4sterverk, som erbjuder en lekfull men \u00e4nd\u00e5 provocerande kant till ditt underkl\u00e4desval.<\/p>\n\n\n\n<p><strong>Genomskinlig frestelse<\/strong>: Tillverkad med ett engagemang f\u00f6r elegans och sp\u00e4nning, transparensen i denna ensemble inbjuder till intriger och l\u00e4gger till ett element av det ov\u00e4ntade till en klassisk underkl\u00e4deslook.<\/p>\n\n\n\n<p><strong>Kantad i elegans<\/strong>: Varje del \u00e4r kantad med prydnadsdetaljer, som presenterar ett intrikat spel av skugga och ljus, vilket g\u00f6r detta <strong>BH och trosa genomskinlig<\/strong> g\u00f6r ett f\u00e4ngslande val f\u00f6r alla intima tillf\u00e4llen.<\/p>\n\n\n\n<p><strong>Retail-Read Sofistikering<\/strong>: Erbjud detta underkl\u00e4desset med tillf\u00f6rsikt, i vetskap om att varje best\u00e4llning st\u00f6ds av v\u00e5r <a href=\"https:\/\/gretasexylingerie.com\/sv\/droshpping-underklader-service\/\">drop shipping service<\/a>. Utan MOQ kr\u00e4vs, det \u00e4r ett enkelt till\u00e4gg till din sofistikerade kuration av intima kl\u00e4der.<\/p>\n\n\n\n<p>Bjud in dina kunder att avsl\u00f6ja sin inre kropp med Allure Shadow Set, d\u00e4r varje detalj \u00e4r en viskande av \u00f6nskan. L\u00e4gg till dessa underkl\u00e4der till dina erbjudanden och se hur din kundkrets omfamnar den transformerande kraften av ren elegans. Ta kontakt med Greta Sexy Lingerie f\u00f6r att b\u00f6rja f\u00f6rvandlingen idag.<\/p>\n\n\n\n<figure class=\"wp-block-table is-style-stripes\"><table class=\"has-fixed-layout\"><tbody><tr><td class=\"has-text-align-center\" data-align=\"center\" colspan=\"8\"><strong>Storlekstabell (CM)<\/strong><\/td><\/tr><tr><td class=\"has-text-align-center\" data-align=\"center\"><strong>Storlek<\/strong><\/td><td class=\"has-text-align-center\" data-align=\"center\"><strong>Axel (cm)<\/strong><\/td><td class=\"has-text-align-center\" data-align=\"center\"><strong>Kopph\u00f6jd (cm)<\/strong><\/td><td class=\"has-text-align-center\" data-align=\"center\"><strong>Under byst (cm)<\/strong><\/td><td class=\"has-text-align-center\" data-align=\"center\"><strong>Trosor midja (cm)<\/strong><\/td><td class=\"has-text-align-center\" data-align=\"center\"><strong>Trosan L\u00e4ngd (cm)<\/strong><\/td><td class=\"has-text-align-center\" data-align=\"center\"><strong>Midja (cm)<\/strong><\/td><td class=\"has-text-align-center\" data-align=\"center\"><strong>Ben\u00f6gla (cm)<\/strong><\/td><\/tr><tr><td class=\"has-text-align-center\" data-align=\"center\">S<\/td><td class=\"has-text-align-center\" data-align=\"center\">33<\/td><td class=\"has-text-align-center\" data-align=\"center\">13.5<\/td><td class=\"has-text-align-center\" data-align=\"center\">69-86<\/td><td class=\"has-text-align-center\" data-align=\"center\">70-98<\/td><td class=\"has-text-align-center\" data-align=\"center\">20<\/td><td class=\"has-text-align-center\" data-align=\"center\">62-86<\/td><td class=\"has-text-align-center\" data-align=\"center\">46<\/td><\/tr><tr><td class=\"has-text-align-center\" data-align=\"center\">M<\/td><td class=\"has-text-align-center\" data-align=\"center\">33<\/td><td class=\"has-text-align-center\" data-align=\"center\">14.5<\/td><td class=\"has-text-align-center\" data-align=\"center\">73-90<\/td><td class=\"has-text-align-center\" data-align=\"center\">74-102<\/td><td class=\"has-text-align-center\" data-align=\"center\">21<\/td><td class=\"has-text-align-center\" data-align=\"center\">66-90<\/td><td class=\"has-text-align-center\" data-align=\"center\">48<\/td><\/tr><tr><td class=\"has-text-align-center\" data-align=\"center\">L<\/td><td class=\"has-text-align-center\" data-align=\"center\">33<\/td><td class=\"has-text-align-center\" data-align=\"center\">15.5<\/td><td class=\"has-text-align-center\" data-align=\"center\">77-94<\/td><td class=\"has-text-align-center\" data-align=\"center\">78-106<\/td><td class=\"has-text-align-center\" data-align=\"center\">22<\/td><td class=\"has-text-align-center\" data-align=\"center\">70-94<\/td><td class=\"has-text-align-center\" data-align=\"center\">50<\/td><\/tr><\/tbody><\/table><\/figure>\n\n\n\n<figure class=\"wp-block-table\"><table><tbody><tr><td class=\"has-text-align-center\" data-align=\"center\" colspan=\"8\"><strong>Storlekstabell (INCH)<\/strong><\/td><\/tr><tr><td class=\"has-text-align-center\" data-align=\"center\"><strong>Storlek<\/strong><\/td><td class=\"has-text-align-center\" data-align=\"center\"><strong>Axel (in)<\/strong><\/td><td class=\"has-text-align-center\" data-align=\"center\"><strong>Kopph\u00f6jd (in)<\/strong><\/td><td class=\"has-text-align-center\" data-align=\"center\"><strong>Under byst (in)<\/strong><\/td><td class=\"has-text-align-center\" data-align=\"center\"><strong>Trosor midja (in)<\/strong><\/td><td class=\"has-text-align-center\" data-align=\"center\"><strong>Trosan L\u00e4ngd (in)<\/strong><\/td><td class=\"has-text-align-center\" data-align=\"center\"><strong>Midja (in)<\/strong><\/td><td class=\"has-text-align-center\" data-align=\"center\"><strong>Ben\u00f6gla (in)<\/strong><\/td><\/tr><tr><td class=\"has-text-align-center\" data-align=\"center\">S<\/td><td class=\"has-text-align-center\" data-align=\"center\">13<\/td><td class=\"has-text-align-center\" data-align=\"center\">5.31<\/td><td class=\"has-text-align-center\" data-align=\"center\">27.17-33.86<\/td><td class=\"has-text-align-center\" data-align=\"center\">27.56-38.58<\/td><td class=\"has-text-align-center\" data-align=\"center\">7.87<\/td><td class=\"has-text-align-center\" data-align=\"center\">24.41-33.86<\/td><td class=\"has-text-align-center\" data-align=\"center\">18.11<\/td><\/tr><tr><td class=\"has-text-align-center\" data-align=\"center\">M<\/td><td class=\"has-text-align-center\" data-align=\"center\">13<\/td><td class=\"has-text-align-center\" data-align=\"center\">5.71<\/td><td class=\"has-text-align-center\" data-align=\"center\">28.74-37.01<\/td><td class=\"has-text-align-center\" data-align=\"center\">29.13-40.16<\/td><td class=\"has-text-align-center\" data-align=\"center\">8.27<\/td><td class=\"has-text-align-center\" data-align=\"center\">25.98-35.43<\/td><td class=\"has-text-align-center\" data-align=\"center\">18.90<\/td><\/tr><tr><td class=\"has-text-align-center\" data-align=\"center\">L<\/td><td class=\"has-text-align-center\" data-align=\"center\">13<\/td><td class=\"has-text-align-center\" data-align=\"center\">6.10<\/td><td class=\"has-text-align-center\" data-align=\"center\">30.31-37.01<\/td><td class=\"has-text-align-center\" data-align=\"center\">30.71-41.73<\/td><td class=\"has-text-align-center\" data-align=\"center\">8.66<\/td><td class=\"has-text-align-center\" data-align=\"center\">27.56-37.01<\/td><td class=\"has-text-align-center\" data-align=\"center\">19.69<\/td><\/tr><\/tbody><\/table><\/figure>\n\n\n\n<p><\/p>","protected":false},"excerpt":{"rendered":"<p>Upplev essensen av f\u00f6rf\u00f6relse med v\u00e5r <strong>BH och trosa genomskinlig<\/strong> set, en uts\u00f6kt f\u00f6rening av dj\u00e4rva linjer och k\u00e4nsliga detaljer. Detta <strong>vit trosa och bh-set<\/strong> \u00e4r designad f\u00f6r dig som v\u00e5gar bl\u00e4nda och njuta av lockelsens konst.<\/p>","protected":false},"featured_media":50545,"template":"","meta":[],"product_brand":[],"product_cat":[368,367,375],"product_tag":[507,518,446,865],"class_list":{"0":"post-50555","1":"product","2":"type-product","3":"status-publish","4":"has-post-thumbnail","6":"product_cat-bra-panty-set","7":"product_cat-sexy-lingerie","8":"product_cat-whoelsale-sheer-bra-and-panty-sets","9":"product_tag-three-pcs-set","10":"product_tag-mesh-lingerie","11":"product_tag-wholesale-sexy-see-through-lingerie","12":"product_tag-sexy-skimpy-lingerie","13":"pa_color-black","14":"pa_size-wholesale-large-size-women-sexy-lingerie","15":"pa_size-wholesale-medium-size-women-sexy-lingerie","16":"pa_size-wholesale-small-size-sexy-lingerie","18":"first","19":"instock","20":"taxable","21":"shipping-taxable","22":"purchasable","23":"product-type-variable"},"tiered_pricing_type":"fixed","tiered_pricing_fixed_rules":[],"tiered_pricing_product_settings":{"layout":"table","base_unit_name":{"singular":null,"plural":null},"default_variation":null},"tiered_pricing_minimum_quantity":null,"tiered_pricing_roles_data":[],"tiered_pricing_percentage_rules":[],"tiered_pricing_maximum_quantity":null,"tiered_pricing_quantity_step":null,"_links":{"self":[{"href":"https:\/\/gretasexylingerie.com\/sv\/wp-json\/wp\/v2\/product\/50555","targetHints":{"allow":["GET"]}}],"collection":[{"href":"https:\/\/gretasexylingerie.com\/sv\/wp-json\/wp\/v2\/product"}],"about":[{"href":"https:\/\/gretasexylingerie.com\/sv\/wp-json\/wp\/v2\/types\/product"}],"wp:featuredmedia":[{"embeddable":true,"href":"https:\/\/gretasexylingerie.com\/sv\/wp-json\/wp\/v2\/media\/50545"}],"wp:attachment":[{"href":"https:\/\/gretasexylingerie.com\/sv\/wp-json\/wp\/v2\/media?parent=50555"}],"wp:term":[{"taxonomy":"product_brand","embeddable":true,"href":"https:\/\/gretasexylingerie.com\/sv\/wp-json\/wp\/v2\/product_brand?post=50555"},{"taxonomy":"product_cat","embeddable":true,"href":"https:\/\/gretasexylingerie.com\/sv\/wp-json\/wp\/v2\/product_cat?post=50555"},{"taxonomy":"product_tag","embeddable":true,"href":"https:\/\/gretasexylingerie.com\/sv\/wp-json\/wp\/v2\/product_tag?post=50555"}],"curies":[{"name":"wp","href":"https:\/\/api.w.org\/{rel}","templated":true}]}}