{"id":50527,"date":"2024-04-16T16:36:46","date_gmt":"2024-04-16T08:36:46","guid":{"rendered":"https:\/\/gretasexylingerie.com\/?post_type=product&#038;p=50527"},"modified":"2024-04-17T00:41:06","modified_gmt":"2024-04-16T16:41:06","slug":"grossist-ren-spets-strumpeband-underklader-ensemble","status":"publish","type":"product","link":"https:\/\/gretasexylingerie.com\/sv\/products\/wholesale-sheer-lace-garter-lingerie-ensemble\/","title":{"rendered":"Partihandel Sheer Lace Strumpeband Underkl\u00e4der Ensemble"},"content":{"rendered":"<p><strong>Genomskinlig berlock<\/strong>: Den <strong>genomskinlig bh och trosa<\/strong> \u00e4r gjorda med intrikata spetsar som ger en inblick i en v\u00e4rld av elegant f\u00f6rf\u00f6relse samtidigt som de beh\u00e5ller en k\u00e4nsla av raffinerad grace.<\/p>\n\n\n\n<p><strong>F\u00e4rg f\u00f6r varje hum\u00f6r<\/strong>: Med en palett som str\u00e4cker sig fr\u00e5n renheten av vitt till intensiteten av svart, romantiken i r\u00f6tt, gl\u00e4djen i gult och den naturliga tonen hos Bisque, finns det en nyans som passar varje personlig stil och preferens.<\/p>\n\n\n\n<p><strong>Spets i full blom<\/strong>: De blommiga spetsm\u00f6nstren blommar \u00f6ver tyget och ger en visuell fest av design och textur som \u00e4r lika behaglig f\u00f6r ber\u00f6ring som f\u00f6r \u00f6gat.<\/p>\n\n\n\n<p><strong>H\u00e4ngslen som lockar<\/strong>: Det matchande strumpebandet \u00e4r inte bara en vink till vintageglamour utan ocks\u00e5 en funktionell del som l\u00e4gger till ett extra lager av lockelse till hela setet.<\/p>\n\n\n\n<p><strong>S\u00f6ml\u00f6s service<\/strong>: Detta uts\u00f6kta underkl\u00e4desset finns att best\u00e4lla via v\u00e5r <a href=\"https:\/\/gretasexylingerie.com\/sv\/droshpping-underklader-service\/\">drop shipping service<\/a>, vilket s\u00e4kerst\u00e4ller en smidig ink\u00f6psprocess fr\u00e5n v\u00e5rt lager till din kunds l\u00e5da utan minsta best\u00e4llningskvantitet, perfekt f\u00f6r att lagra en m\u00e4ngd olika f\u00e4rger.<\/p>\n\n\n\n<p>Skapa en hisnande sk\u00e4rm med detta <strong>Underkl\u00e4der i skir spets strumpebandsset<\/strong>, som erbjuder en smak av \u00f6verfl\u00f6d och l\u00f6ftet om f\u00f6rtrollning. Samarbeta med Greta Sexy Lingerie f\u00f6r ett urval som utstr\u00e5lar lyx i varje tr\u00e5d. L\u00e4gg till den h\u00e4r m\u00e5sten till ditt erbjudande och f\u00e4ngsla dina kunder med spetsens lockelse.<\/p>\n\n\n\n<figure class=\"wp-block-table\">\n<table>\n<tbody>\n<tr>\n<td class=\"has-text-align-center\" data-align=\"center\" colspan=\"7\"><strong>Storlekstabell (CM)<\/strong><\/td>\n<\/tr>\n<tr>\n<td class=\"has-text-align-center\" data-align=\"center\"><strong>Storlek<\/strong><\/td>\n<td class=\"has-text-align-center\" data-align=\"center\"><strong>Underbyst (cm)<\/strong><\/td>\n<td class=\"has-text-align-center\" data-align=\"center\"><strong>Kopph\u00f6jd (cm)<\/strong><\/td>\n<td class=\"has-text-align-center\" data-align=\"center\"><strong>Midjeband (cm)<\/strong><\/td>\n<td class=\"has-text-align-center\" data-align=\"center\"><strong>Midjelinje (cm)<\/strong><\/td>\n<td class=\"has-text-align-center\" data-align=\"center\"><strong>L\u00e4ngd (cm)<\/strong><\/td>\n<td class=\"has-text-align-center\" data-align=\"center\"><strong>Vikt (cm)<\/strong><\/td>\n<\/tr>\n<tr>\n<td class=\"has-text-align-center\" data-align=\"center\">S<\/td>\n<td class=\"has-text-align-center\" data-align=\"center\">69-86<\/td>\n<td class=\"has-text-align-center\" data-align=\"center\">14.6<\/td>\n<td class=\"has-text-align-center\" data-align=\"center\">62<\/td>\n<td class=\"has-text-align-center\" data-align=\"center\">69<\/td>\n<td class=\"has-text-align-center\" data-align=\"center\">21<\/td>\n<td class=\"has-text-align-center\" data-align=\"center\">113<\/td>\n<\/tr>\n<tr>\n<td class=\"has-text-align-center\" data-align=\"center\">M<\/td>\n<td class=\"has-text-align-center\" data-align=\"center\">73-90<\/td>\n<td class=\"has-text-align-center\" data-align=\"center\">15.5<\/td>\n<td class=\"has-text-align-center\" data-align=\"center\">66<\/td>\n<td class=\"has-text-align-center\" data-align=\"center\">73<\/td>\n<td class=\"has-text-align-center\" data-align=\"center\">22<\/td>\n<td class=\"has-text-align-center\" data-align=\"center\">115<\/td>\n<\/tr>\n<tr>\n<td class=\"has-text-align-center\" data-align=\"center\">L<\/td>\n<td class=\"has-text-align-center\" data-align=\"center\">77-94<\/td>\n<td class=\"has-text-align-center\" data-align=\"center\">16.5<\/td>\n<td class=\"has-text-align-center\" data-align=\"center\">70<\/td>\n<td class=\"has-text-align-center\" data-align=\"center\">77<\/td>\n<td class=\"has-text-align-center\" data-align=\"center\">23<\/td>\n<td class=\"has-text-align-center\" data-align=\"center\">117<\/td>\n<\/tr>\n<\/tbody>\n<\/table>\n<\/figure>\n\n\n\n<figure class=\"wp-block-table\">\n<table>\n<tbody>\n<tr>\n<td class=\"has-text-align-center\" data-align=\"center\" colspan=\"7\"><strong>Storlekstabell (INCH)<\/strong><\/td>\n<\/tr>\n<tr>\n<td class=\"has-text-align-center\" data-align=\"center\"><strong>Storlek<\/strong><\/td>\n<td class=\"has-text-align-center\" data-align=\"center\"><strong>Underbyst (in)<\/strong><\/td>\n<td class=\"has-text-align-center\" data-align=\"center\"><strong>Kopph\u00f6jd (in)<\/strong><\/td>\n<td class=\"has-text-align-center\" data-align=\"center\"><strong>Midjeband (in)<\/strong><\/td>\n<td class=\"has-text-align-center\" data-align=\"center\"><strong>Midjelinje (in)<\/strong><\/td>\n<td class=\"has-text-align-center\" data-align=\"center\"><strong>L\u00e4ngd (tum)<\/strong><\/td>\n<td class=\"has-text-align-center\" data-align=\"center\"><strong>Vikt (in)<\/strong><\/td>\n<\/tr>\n<tr>\n<td class=\"has-text-align-center\" data-align=\"center\">S<\/td>\n<td class=\"has-text-align-center\" data-align=\"center\">27.17-33.86<\/td>\n<td class=\"has-text-align-center\" data-align=\"center\">5.75<\/td>\n<td class=\"has-text-align-center\" data-align=\"center\">24.41<\/td>\n<td class=\"has-text-align-center\" data-align=\"center\">27.17<\/td>\n<td class=\"has-text-align-center\" data-align=\"center\">8.27<\/td>\n<td class=\"has-text-align-center\" data-align=\"center\">44.49<\/td>\n<\/tr>\n<tr>\n<td class=\"has-text-align-center\" data-align=\"center\">M<\/td>\n<td class=\"has-text-align-center\" data-align=\"center\">28.74-35.43<\/td>\n<td class=\"has-text-align-center\" data-align=\"center\">6.10<\/td>\n<td class=\"has-text-align-center\" data-align=\"center\">25.98<\/td>\n<td class=\"has-text-align-center\" data-align=\"center\">28.74<\/td>\n<td class=\"has-text-align-center\" data-align=\"center\">8.66<\/td>\n<td class=\"has-text-align-center\" data-align=\"center\">45.28<\/td>\n<\/tr>\n<tr>\n<td class=\"has-text-align-center\" data-align=\"center\">L<\/td>\n<td class=\"has-text-align-center\" data-align=\"center\">30.31-37.01<\/td>\n<td class=\"has-text-align-center\" data-align=\"center\">6.50<\/td>\n<td class=\"has-text-align-center\" data-align=\"center\">27.56<\/td>\n<td class=\"has-text-align-center\" data-align=\"center\">30.31<\/td>\n<td class=\"has-text-align-center\" data-align=\"center\">9.06<\/td>\n<td class=\"has-text-align-center\" data-align=\"center\">46.06<\/td>\n<\/tr>\n<\/tbody>\n<\/table>\n<\/figure>","protected":false},"excerpt":{"rendered":"<p>Njut av v\u00e5rt k\u00e4nsliga konstn\u00e4rskap <strong>snyggt byxbh-set<\/strong>, med en skir, spetsprydd ensemble som ger en touch av sofistikering till alla intima kollektioner. Detta <strong>spets strumpeband set<\/strong> \u00e4r en hyllning till klassisk sk\u00f6nhet och modern tjusning.<\/p>","protected":false},"featured_media":50516,"template":"","meta":[],"product_brand":[],"product_cat":[368,367,375],"product_tag":[507,452,875,524,446,865],"class_list":{"0":"post-50527","1":"product","2":"type-product","3":"status-publish","4":"has-post-thumbnail","6":"product_cat-bra-panty-set","7":"product_cat-sexy-lingerie","8":"product_cat-whoelsale-sheer-bra-and-panty-sets","9":"product_tag-three-pcs-set","10":"product_tag-wholesale-boudoir-lingerie","11":"product_tag-lace-sexy-lingerie","12":"product_tag-metal-lingerie","13":"product_tag-wholesale-sexy-see-through-lingerie","14":"product_tag-sexy-skimpy-lingerie","15":"pa_color-bisque-women-sexy-lingerie","16":"pa_color-black","17":"pa_color-red-women-sexy-lingerie","18":"pa_color-white","19":"pa_color-yellow","20":"pa_size-wholesale-large-size-women-sexy-lingerie","21":"pa_size-wholesale-medium-size-women-sexy-lingerie","22":"pa_size-wholesale-small-size-sexy-lingerie","24":"first","25":"instock","26":"taxable","27":"shipping-taxable","28":"purchasable","29":"product-type-variable"},"tiered_pricing_type":"fixed","tiered_pricing_fixed_rules":[],"tiered_pricing_product_settings":{"layout":"table","base_unit_name":{"singular":null,"plural":null},"default_variation":null},"tiered_pricing_minimum_quantity":null,"tiered_pricing_roles_data":[],"tiered_pricing_percentage_rules":[],"tiered_pricing_maximum_quantity":null,"tiered_pricing_quantity_step":null,"_links":{"self":[{"href":"https:\/\/gretasexylingerie.com\/sv\/wp-json\/wp\/v2\/product\/50527","targetHints":{"allow":["GET"]}}],"collection":[{"href":"https:\/\/gretasexylingerie.com\/sv\/wp-json\/wp\/v2\/product"}],"about":[{"href":"https:\/\/gretasexylingerie.com\/sv\/wp-json\/wp\/v2\/types\/product"}],"wp:featuredmedia":[{"embeddable":true,"href":"https:\/\/gretasexylingerie.com\/sv\/wp-json\/wp\/v2\/media\/50516"}],"wp:attachment":[{"href":"https:\/\/gretasexylingerie.com\/sv\/wp-json\/wp\/v2\/media?parent=50527"}],"wp:term":[{"taxonomy":"product_brand","embeddable":true,"href":"https:\/\/gretasexylingerie.com\/sv\/wp-json\/wp\/v2\/product_brand?post=50527"},{"taxonomy":"product_cat","embeddable":true,"href":"https:\/\/gretasexylingerie.com\/sv\/wp-json\/wp\/v2\/product_cat?post=50527"},{"taxonomy":"product_tag","embeddable":true,"href":"https:\/\/gretasexylingerie.com\/sv\/wp-json\/wp\/v2\/product_tag?post=50527"}],"curies":[{"name":"wp","href":"https:\/\/api.w.org\/{rel}","templated":true}]}}