{"id":50347,"date":"2024-03-29T20:28:25","date_gmt":"2024-03-29T12:28:25","guid":{"rendered":"https:\/\/gretasexylingerie.com\/?post_type=product&#038;p=50347"},"modified":"2024-04-07T20:03:08","modified_gmt":"2024-04-07T12:03:08","slug":"grossist-kvav-polisunderklader-kostym","status":"publish","type":"product","link":"https:\/\/gretasexylingerie.com\/sv\/products\/wholesale-sultry-police-lingerie-costume\/","title":{"rendered":"Partihandel Sultry Enforcer Police Underkl\u00e4der Dr\u00e4kt"},"content":{"rendered":"<p><strong>Befallande n\u00e4rvaro<\/strong>: G\u00e5 till makten med denna arrestering <strong>sexig sheriffdr\u00e4kt<\/strong>. Dess minuti\u00f6st designade funktioner utstr\u00e5lar sj\u00e4lvf\u00f6rtroende och kontroll, perfekt f\u00f6r temaevenemang eller privata rollspel.<\/p>\n\n\n\n<p><strong>Detalj som kr\u00e4ver uppm\u00e4rksamhet<\/strong>: Utrustad med lockelsem\u00e4rken och tillsammans med viktiga tillbeh\u00f6r, l\u00e4mnar denna kostym inga detaljer okontrollerade, fr\u00e5n det dj\u00e4rva b\u00e4ltet till den auktoritativa kepsen.<\/p>\n\n\n\n<p><strong>V\u00e5ga dominera<\/strong>: Den h\u00e4r ensemblen \u00e4r utformad f\u00f6r de dj\u00e4rva och kombinerar klassisk stil med f\u00f6rf\u00f6riska snitt, vilket inbjuder \u00e4ventyrliga andar att spela huvudrollen i alla scenarier.<\/p>\n\n\n\n<p><strong>Kvalitet som uppr\u00e4tth\u00e5ller lagen<\/strong>: Tillverkad av h\u00f6gkvalitativa material som klarar hur mycket frisk som helst, den h\u00e4r outfiten \u00e4r en bas f\u00f6r dem som kr\u00e4ver h\u00e5llbarhet tillsammans med sitt v\u00e5gade.<\/p>\n\n\n\n<p><strong>Manschett t\u00e4vlingen<\/strong>: Tillg\u00e4nglig via v\u00e5r <a href=\"https:\/\/gretasexylingerie.com\/sv\/droshpping-underklader-service\/\">drop shipping service<\/a>, den h\u00e4r kostymen \u00e4r ett s\u00e4kert s\u00e4tt att l\u00e5sa f\u00f6rs\u00e4ljningen utan att oroa sig f\u00f6r lager eller MOQ.<\/p>\n\n\n\n<p>Fyll p\u00e5 din arsenal av lockelse med v\u00e5r <strong>het polisdr\u00e4kt<\/strong>. Erbjud din kundkrets kraften att f\u00e4ngsla och kontrollera, oavsett om de bevarar lugnet eller krossar hj\u00e4rtan. Med Greta Sexy Lingerie, f\u00f6rvandla varje rea till en handling av ren f\u00f6rf\u00f6relse. Best\u00e4ll nu och l\u00e5t jakten p\u00e5 passion b\u00f6rja!<\/p>","protected":false},"excerpt":{"rendered":"<p>Framtvinga natten med detta <strong>het polisdr\u00e4kt<\/strong>, en blandning av auktoritet och lockelse. Detta <strong>stygg polis outfit<\/strong> \u00e4r skr\u00e4ddarsydd f\u00f6r dem som tar ansvar och s\u00e4tter pulsen i kapp, vilket s\u00e4kerst\u00e4ller en of\u00f6rgl\u00f6mlig n\u00e4rvaro.<\/p>","protected":false},"featured_media":50346,"template":"","meta":[],"product_brand":[],"product_cat":[974],"product_tag":[],"class_list":{"0":"post-50347","1":"product","2":"type-product","3":"status-publish","4":"has-post-thumbnail","6":"product_cat-wholesale-sexy-costumes","7":"pa_color-black","8":"pa_size-free","10":"first","11":"instock","12":"taxable","13":"shipping-taxable","14":"purchasable","15":"product-type-variable"},"tiered_pricing_type":"fixed","tiered_pricing_fixed_rules":[],"tiered_pricing_product_settings":{"layout":"table","base_unit_name":{"singular":null,"plural":null},"default_variation":null},"tiered_pricing_minimum_quantity":null,"tiered_pricing_roles_data":[],"tiered_pricing_percentage_rules":[],"tiered_pricing_maximum_quantity":null,"tiered_pricing_quantity_step":null,"_links":{"self":[{"href":"https:\/\/gretasexylingerie.com\/sv\/wp-json\/wp\/v2\/product\/50347","targetHints":{"allow":["GET"]}}],"collection":[{"href":"https:\/\/gretasexylingerie.com\/sv\/wp-json\/wp\/v2\/product"}],"about":[{"href":"https:\/\/gretasexylingerie.com\/sv\/wp-json\/wp\/v2\/types\/product"}],"wp:featuredmedia":[{"embeddable":true,"href":"https:\/\/gretasexylingerie.com\/sv\/wp-json\/wp\/v2\/media\/50346"}],"wp:attachment":[{"href":"https:\/\/gretasexylingerie.com\/sv\/wp-json\/wp\/v2\/media?parent=50347"}],"wp:term":[{"taxonomy":"product_brand","embeddable":true,"href":"https:\/\/gretasexylingerie.com\/sv\/wp-json\/wp\/v2\/product_brand?post=50347"},{"taxonomy":"product_cat","embeddable":true,"href":"https:\/\/gretasexylingerie.com\/sv\/wp-json\/wp\/v2\/product_cat?post=50347"},{"taxonomy":"product_tag","embeddable":true,"href":"https:\/\/gretasexylingerie.com\/sv\/wp-json\/wp\/v2\/product_tag?post=50347"}],"curies":[{"name":"wp","href":"https:\/\/api.w.org\/{rel}","templated":true}]}}