{"id":50340,"date":"2024-03-29T20:28:04","date_gmt":"2024-03-29T12:28:04","guid":{"rendered":"https:\/\/gretasexylingerie.com\/?post_type=product&#038;p=50340"},"modified":"2024-03-29T21:29:45","modified_gmt":"2024-03-29T13:29:45","slug":"grossist-strappy-kedja-sele-underklader-set","status":"publish","type":"product","link":"https:\/\/gretasexylingerie.com\/sv\/products\/wholesale-strappy-chain-harness-lingerie-set\/","title":{"rendered":"Partihandel Strappy Chain Harness Underkl\u00e4der Set"},"content":{"rendered":"<p><strong>Sensuell geometri<\/strong>: Denna ensemble \u00e4r en m\u00e4starklass i avantgardistisk tjusning, med sina geometriska l\u00e4derband och sammankopplade kedjor som skapar en fantastisk visuell effekt.<\/p>\n\n\n\n<p><strong>Metallisk majest\u00e4t<\/strong>: Kedjeselens BH \u00e4r inte bara ett tillbeh\u00f6r; det \u00e4r mittpunkten, designad f\u00f6r att skimra av r\u00f6relse och f\u00e4ngsla med sin intrikata layout.<\/p>\n\n\n\n<p><strong>L\u00e4der Luxe<\/strong>: Experttillverkat av smidigt l\u00e4der, varje rem av detta <strong>kroppssele i l\u00e4der underkl\u00e4der<\/strong> set omsluter formen i lyx och lovar b\u00e5de komfort och h\u00f6g dramatik.<\/p>\n\n\n\n<p><strong>Sl\u00e4pp l\u00f6s sj\u00e4lvf\u00f6rtroende<\/strong>: Mer \u00e4n underkl\u00e4der, det h\u00e4r setet \u00e4r ett statement som ger b\u00e4rare m\u00f6jlighet att omfamna sitt mest sj\u00e4lvs\u00e4kra, dj\u00e4rva jag.<\/p>\n\n\n\n<p><strong>Visa med stolthet<\/strong>: Erbjuds som en del av v\u00e5r omfattande <a href=\"https:\/\/gretasexylingerie.com\/sv\/droshpping-underklader-service\/\">drop shipping service<\/a>, detta set \u00e4r ett m\u00e5ste f\u00f6r alla butiker som vill erbjuda h\u00f6jdpunkten av modern underkl\u00e4desdesign utan minsta best\u00e4llningskvantitet.<\/p>\n\n\n\n<p>Skapa en kollektion som talar om or\u00e4dd mode med v\u00e5r <strong>remmar underkl\u00e4der set<\/strong>. Bjud in dina kunder att drapera sig i f\u00f6rf\u00f6relsens konst med denna unika kedjesele-ensemble. Med Greta Sexy Lingerie \u00e4r varje plagg ett l\u00f6fte om innovation och intriger. Fyll p\u00e5 nu och l\u00e5t din kundkrets bli hantverkare av sin egen tjusning.<\/p>","protected":false},"excerpt":{"rendered":"<p>Skulptera en v\u00e5gad siluett med denna <strong>remmar underkl\u00e4der set<\/strong>, prydd med en kaskadkedjesele-bh. Dessa underkl\u00e4der f\u00f6r kroppssele i l\u00e4der \u00e4r en symfoni av dj\u00e4rva linjer och metalliska accenter, designad f\u00f6r dem som beh\u00e4rskar rampljuset.<\/p>","protected":false},"featured_media":50334,"template":"","meta":[],"product_brand":[],"product_cat":[380,377,367,1059,1060],"product_tag":[452,448,453,504],"class_list":{"0":"post-50340","1":"product","2":"type-product","3":"status-publish","4":"has-post-thumbnail","6":"product_cat-wholesale-harness-bra-and-panty-set","7":"product_cat-harness-lingerie","8":"product_cat-sexy-lingerie","9":"product_cat-wholesale-bondage-equipment","10":"product_cat-wholesale-bondage-lingerie","11":"product_tag-wholesale-boudoir-lingerie","12":"product_tag-wholesale-elegant-sexy-lingerie","13":"product_tag-wholesale-sexy-naughty-lingerie","14":"product_tag-ultra-sexy","15":"pa_color-black","16":"pa_size-free","18":"first","19":"instock","20":"taxable","21":"shipping-taxable","22":"purchasable","23":"product-type-variable"},"tiered_pricing_type":"fixed","tiered_pricing_fixed_rules":[],"tiered_pricing_product_settings":{"layout":"table","base_unit_name":{"singular":null,"plural":null},"default_variation":null},"tiered_pricing_minimum_quantity":null,"tiered_pricing_roles_data":[],"tiered_pricing_percentage_rules":[],"tiered_pricing_maximum_quantity":null,"tiered_pricing_quantity_step":null,"_links":{"self":[{"href":"https:\/\/gretasexylingerie.com\/sv\/wp-json\/wp\/v2\/product\/50340","targetHints":{"allow":["GET"]}}],"collection":[{"href":"https:\/\/gretasexylingerie.com\/sv\/wp-json\/wp\/v2\/product"}],"about":[{"href":"https:\/\/gretasexylingerie.com\/sv\/wp-json\/wp\/v2\/types\/product"}],"wp:featuredmedia":[{"embeddable":true,"href":"https:\/\/gretasexylingerie.com\/sv\/wp-json\/wp\/v2\/media\/50334"}],"wp:attachment":[{"href":"https:\/\/gretasexylingerie.com\/sv\/wp-json\/wp\/v2\/media?parent=50340"}],"wp:term":[{"taxonomy":"product_brand","embeddable":true,"href":"https:\/\/gretasexylingerie.com\/sv\/wp-json\/wp\/v2\/product_brand?post=50340"},{"taxonomy":"product_cat","embeddable":true,"href":"https:\/\/gretasexylingerie.com\/sv\/wp-json\/wp\/v2\/product_cat?post=50340"},{"taxonomy":"product_tag","embeddable":true,"href":"https:\/\/gretasexylingerie.com\/sv\/wp-json\/wp\/v2\/product_tag?post=50340"}],"curies":[{"name":"wp","href":"https:\/\/api.w.org\/{rel}","templated":true}]}}