{"id":50332,"date":"2024-03-29T20:27:35","date_gmt":"2024-03-29T12:27:35","guid":{"rendered":"https:\/\/gretasexylingerie.com\/?post_type=product&#038;p=50332"},"modified":"2024-03-29T21:25:18","modified_gmt":"2024-03-29T13:25:18","slug":"grossist-lader-bondage-underklader-set","status":"publish","type":"product","link":"https:\/\/gretasexylingerie.com\/sv\/products\/wholesale-leather-bondage-lingerie-set\/","title":{"rendered":"Grossist Edgy L\u00e4der Bondage-inspirerade underkl\u00e4der Set"},"content":{"rendered":"<p><strong>Bemyndigande elegans<\/strong>: Bekr\u00e4fta din stil med denna sofistikerade <strong>dominatrix kl\u00e4der f\u00f6r kvinnor<\/strong>. L\u00e4derremmarna och metalldetaljerna skapar en befallande look som \u00e4r lika sj\u00e4lvs\u00e4ker som den \u00e4r lockande.<\/p>\n\n\n\n<p><strong>\u00c5terh\u00e5llen f\u00f6rfining<\/strong>: Varje del av denna ensemble, fr\u00e5n chokern ner till midjeb\u00e4ltet, \u00e4r designad med <strong>l\u00e4der bondage begr\u00e4nsningar<\/strong> estetik, f\u00f6renar kontroll med komfort.<\/p>\n\n\n\n<p><strong>Dj\u00e4rv och vacker<\/strong>: Den h\u00e4r upps\u00e4ttningen utmanar konventioner med sina dj\u00e4rva linjer och orubbliga material, vilket inbjuder till ett or\u00e4ddt f\u00f6rs\u00f6k till fantasy och rollspel.<\/p>\n\n\n\n<p><strong>Kvalitet Tillverkad<\/strong>: Tillverkad f\u00f6r h\u00e5llbarhet och detaljer, det h\u00f6gkvalitativa l\u00e4dret och s\u00e4kra f\u00e4stena s\u00e4kerst\u00e4ller att detta set \u00e4r ett best\u00e5ende komplement till alla \u00e4ventyrliga garderober.<\/p>\n\n\n\n<p><strong>S\u00e4lj Fantasy<\/strong>: Som en nyckelvara i v\u00e5r <a href=\"https:\/\/gretasexylingerie.com\/sv\/droshpping-underklader-service\/\">drop shipping service<\/a>, detta underkl\u00e4desset erbjuder dina kunder det ultimata inom high-fashion fetischkl\u00e4der, utan minsta best\u00e4llningskvantitet, vilket s\u00e4kerst\u00e4ller att du kan m\u00f6ta efterfr\u00e5gan s\u00e5 snabbt som den \u00f6kar.<\/p>\n\n\n\n<p>Sk\u00e4m bort din kundkrets \u00f6nskan om maktspel med v\u00e5r <strong>kvinnliga bondage kl\u00e4der<\/strong>. H\u00f6j dina erbjudanden och befria deras fantasier med ett statement som s\u00e4ljer sig sj\u00e4lv. Med Greta Sexy Lingeries elitutbud och service kan ditt f\u00f6retag binda samman framg\u00e5ng och stil. F\u00f6rvara den h\u00e4r biten idag och se hur dina kunder njuter av l\u00e4derbindningens tjusning.<\/p>","protected":false},"excerpt":{"rendered":"<p>F\u00e5 uppm\u00e4rksamhet med detta <strong>kvinnliga bondage kl\u00e4der<\/strong> ensemble, en v\u00e5gad uppvisning av dominatrix. Tillverkad av l\u00e4der och designad f\u00f6r dem som leder, det h\u00e4r setet lovar en of\u00f6rl\u00e5tande utforskning av makt och f\u00f6rf\u00f6relse.<\/p>","protected":false},"featured_media":50327,"template":"","meta":[],"product_brand":[],"product_cat":[1059,1060],"product_tag":[452,451,504],"class_list":{"0":"post-50332","1":"product","2":"type-product","3":"status-publish","4":"has-post-thumbnail","6":"product_cat-wholesale-bondage-equipment","7":"product_cat-wholesale-bondage-lingerie","8":"product_tag-wholesale-boudoir-lingerie","9":"product_tag-wholesale-revealing-lingerie","10":"product_tag-ultra-sexy","11":"pa_color-black","12":"pa_size-free","14":"first","15":"instock","16":"taxable","17":"shipping-taxable","18":"purchasable","19":"product-type-variable"},"tiered_pricing_type":"fixed","tiered_pricing_fixed_rules":[],"tiered_pricing_product_settings":{"layout":"table","base_unit_name":{"singular":null,"plural":null},"default_variation":null},"tiered_pricing_minimum_quantity":null,"tiered_pricing_roles_data":[],"tiered_pricing_percentage_rules":[],"tiered_pricing_maximum_quantity":null,"tiered_pricing_quantity_step":null,"_links":{"self":[{"href":"https:\/\/gretasexylingerie.com\/sv\/wp-json\/wp\/v2\/product\/50332","targetHints":{"allow":["GET"]}}],"collection":[{"href":"https:\/\/gretasexylingerie.com\/sv\/wp-json\/wp\/v2\/product"}],"about":[{"href":"https:\/\/gretasexylingerie.com\/sv\/wp-json\/wp\/v2\/types\/product"}],"wp:featuredmedia":[{"embeddable":true,"href":"https:\/\/gretasexylingerie.com\/sv\/wp-json\/wp\/v2\/media\/50327"}],"wp:attachment":[{"href":"https:\/\/gretasexylingerie.com\/sv\/wp-json\/wp\/v2\/media?parent=50332"}],"wp:term":[{"taxonomy":"product_brand","embeddable":true,"href":"https:\/\/gretasexylingerie.com\/sv\/wp-json\/wp\/v2\/product_brand?post=50332"},{"taxonomy":"product_cat","embeddable":true,"href":"https:\/\/gretasexylingerie.com\/sv\/wp-json\/wp\/v2\/product_cat?post=50332"},{"taxonomy":"product_tag","embeddable":true,"href":"https:\/\/gretasexylingerie.com\/sv\/wp-json\/wp\/v2\/product_tag?post=50332"}],"curies":[{"name":"wp","href":"https:\/\/api.w.org\/{rel}","templated":true}]}}