{"id":50310,"date":"2024-03-29T20:26:22","date_gmt":"2024-03-29T12:26:22","guid":{"rendered":"https:\/\/gretasexylingerie.com\/?post_type=product&#038;p=50310"},"modified":"2024-03-29T21:10:45","modified_gmt":"2024-03-29T13:10:45","slug":"grossist-sluty-nunna-fantasy-underklader-kostym","status":"publish","type":"product","link":"https:\/\/gretasexylingerie.com\/sv\/products\/wholesale-sluty-nun-fantasy-lingerie-costume\/","title":{"rendered":"Partihandel Sluty Nun Fantasy Underkl\u00e4der Kostym"},"content":{"rendered":"<p><strong>Helig f\u00f6rf\u00f6relse<\/strong>: Detta lockande <strong>slampig nunna outfit<\/strong> blandar tabu med frestelser, med skirt tyg och dj\u00e4rva korssymboler som l\u00e4mnar lite \u00e5t fantasin.<\/p>\n\n\n\n<p><strong>Helig kontrast<\/strong>: Tillverkad f\u00f6r effekt, det skarpa svarta n\u00e4tet kontrasterar med de rena vita accenterna, vilket skapar en visuellt sl\u00e5ende <strong>stygg nunnadr\u00e4kt<\/strong> som f\u00e4ngslar och v\u00e4cker uppm\u00e4rksamhet.<\/p>\n\n\n\n<p><strong>Himmelsk detalj<\/strong>: Fr\u00e5n den eteriska sl\u00f6jan till den suggestiva urringningen, varje del av denna kostym \u00e4r noggrant designad f\u00f6r dem som vill njuta av sin busiga sida.<\/p>\n\n\n\n<p><strong>Gudomlig v\u00e4djan<\/strong>: Perfekt f\u00f6r temafester eller intima m\u00f6ten, detta <strong>sexig nunna Halloween kostym<\/strong> lovar att bli \u00e4mnet f\u00f6r biktb\u00e5set l\u00e5ngt efter att festen \u00e4r slut.<\/p>\n\n\n\n<p><strong>Marknadsf\u00f6ringsmirakel<\/strong>: Som en del av v\u00e5r <a href=\"https:\/\/gretasexylingerie.com\/sv\/droshpping-underklader-service\/\">drop shipping service<\/a>, denna gudomliga ensemble \u00e4r redo att v\u00e4lsigna din f\u00f6rs\u00e4ljning utan minsta best\u00e4llning, vilket s\u00e4kerst\u00e4ller att ditt lager \u00e4r lika obegr\u00e4nsat som dina kunders fantasier.<\/p>\n\n\n\n<p>\u00d6verskrid det vanliga med v\u00e5r <strong>slampig nunna outfit<\/strong> och bjud in din kundkrets att utforska deras himmelska kroppar med en antydan av uppror. Omfamna stilens synd och l\u00e5t Greta Sexy Underkl\u00e4der vara helt\u00e4ckande <a href=\"https:\/\/gretasexylingerie.com\/sv\/grossist-underklader\/\">grossisttj\u00e4nster<\/a> v\u00e4gleda dig till fr\u00e4lsning i f\u00f6rs\u00e4ljning. L\u00e4gg din best\u00e4llning nu och l\u00e5t varje f\u00f6rs\u00e4ljning vara en akt av tillbedjan i lockelsens altare.<\/p>","protected":false},"excerpt":{"rendered":"<p>V\u00e5ga trotsa med detta <strong>slampig nunna outfit<\/strong>, en syndig vridning p\u00e5 det heliga. Detta <strong>stygg nunnadr\u00e4kt<\/strong> \u00e4r designad f\u00f6r en gudomlig uppenbarelse, perfekt f\u00f6r en <strong>sexig nunna Halloween kostym<\/strong> som kommer att v\u00e4lsigna varje parti med sin n\u00e4rvaro.<\/p>","protected":false},"featured_media":50304,"template":"","meta":[],"product_brand":[],"product_cat":[974],"product_tag":[992],"class_list":{"0":"post-50310","1":"product","2":"type-product","3":"status-publish","4":"has-post-thumbnail","6":"product_cat-wholesale-sexy-costumes","7":"product_tag-nun-costume","8":"pa_color-black","9":"pa_size-free","11":"first","12":"instock","13":"taxable","14":"shipping-taxable","15":"purchasable","16":"product-type-variable"},"tiered_pricing_type":"fixed","tiered_pricing_fixed_rules":[],"tiered_pricing_product_settings":{"layout":"table","base_unit_name":{"singular":null,"plural":null},"default_variation":null},"tiered_pricing_minimum_quantity":null,"tiered_pricing_roles_data":[],"tiered_pricing_percentage_rules":[],"tiered_pricing_maximum_quantity":null,"tiered_pricing_quantity_step":null,"_links":{"self":[{"href":"https:\/\/gretasexylingerie.com\/sv\/wp-json\/wp\/v2\/product\/50310","targetHints":{"allow":["GET"]}}],"collection":[{"href":"https:\/\/gretasexylingerie.com\/sv\/wp-json\/wp\/v2\/product"}],"about":[{"href":"https:\/\/gretasexylingerie.com\/sv\/wp-json\/wp\/v2\/types\/product"}],"wp:featuredmedia":[{"embeddable":true,"href":"https:\/\/gretasexylingerie.com\/sv\/wp-json\/wp\/v2\/media\/50304"}],"wp:attachment":[{"href":"https:\/\/gretasexylingerie.com\/sv\/wp-json\/wp\/v2\/media?parent=50310"}],"wp:term":[{"taxonomy":"product_brand","embeddable":true,"href":"https:\/\/gretasexylingerie.com\/sv\/wp-json\/wp\/v2\/product_brand?post=50310"},{"taxonomy":"product_cat","embeddable":true,"href":"https:\/\/gretasexylingerie.com\/sv\/wp-json\/wp\/v2\/product_cat?post=50310"},{"taxonomy":"product_tag","embeddable":true,"href":"https:\/\/gretasexylingerie.com\/sv\/wp-json\/wp\/v2\/product_tag?post=50310"}],"curies":[{"name":"wp","href":"https:\/\/api.w.org\/{rel}","templated":true}]}}