{"id":50302,"date":"2024-03-29T20:25:55","date_gmt":"2024-03-29T12:25:55","guid":{"rendered":"https:\/\/gretasexylingerie.com\/?post_type=product&#038;p=50302"},"modified":"2024-03-29T21:08:09","modified_gmt":"2024-03-29T13:08:09","slug":"grossist-rod-konstlader-underklader-klanning-ensemble","status":"publish","type":"product","link":"https:\/\/gretasexylingerie.com\/sv\/products\/wholesale-red-leatherette-lingerie-dress-ensemble\/","title":{"rendered":"Grossisthandel r\u00f6d konstl\u00e4der underkl\u00e4der Dress Ensemble"},"content":{"rendered":"<p><strong>Dj\u00e4rv elegans<\/strong>: Det h\u00e4r <strong>set underkl\u00e4nning<\/strong> utstr\u00e5lar sj\u00e4lvf\u00f6rtroende med sin gl\u00e4nsande r\u00f6da finish och v\u00e5gade sk\u00e4rning, designad f\u00f6r att framh\u00e4va kurvor och f\u00e5nga sinnena.<\/p>\n\n\n\n<p><strong>Lyxig l\u00e4derlook<\/strong>: Tillverkad med ett h\u00f6gkvalitativt konstl\u00e4dermaterial, det h\u00e4r setet ger l\u00e4derets edgy look med komforten av underkl\u00e4der, vilket g\u00f6r det b\u00e5de till ett uttalande och en stapelvara.<\/p>\n\n\n\n<p><strong>H\u00e4ftig i r\u00f6tt<\/strong>: Den livfulla r\u00f6da nyansen i denna ensemble \u00e4r en showstopper, vilket s\u00e4kerst\u00e4ller att alla som b\u00e4r den kommer att vara i centrum f\u00f6r uppm\u00e4rksamheten.<\/p>\n\n\n\n<p><strong>O\u00f6vertr\u00e4ffad m\u00e5ngsidighet<\/strong>: Detta set i tv\u00e5 delar \u00e4r lika m\u00e5ngsidigt som det \u00e4r livfullt, perfekt f\u00f6r ett intimt m\u00f6te eller som ett dj\u00e4rvt underplagg f\u00f6r en utekv\u00e4ll.<\/p>\n\n\n\n<p><strong>Aff\u00e4rsklar<\/strong>: Designad med \u00e5terf\u00f6rs\u00e4ljare i \u00e5tanke, denna upps\u00e4ttning \u00e4r l\u00e4tt att lagra och s\u00e4lja, tack vare v\u00e5r <a href=\"https:\/\/gretasexylingerie.com\/sv\/droshpping-underklader-service\/\">drop shipping service<\/a>, komplett med personligt anpassade varum\u00e4rkesalternativ och ingen minsta best\u00e4llningskvantitet.<\/p>\n\n\n\n<p>Uppmaning till handling:<br>Lyft ditt sortiment med v\u00e5r sl\u00e5ende <strong>l\u00e4derunderkl\u00e4der set<\/strong> och l\u00e5t dina kunder njuta av den ultimata blandningen av dj\u00e4rvhet och gl\u00e4dje. Med Greta Sexy Lingerie s\u00e4ljer du inte bara en outfit; du bjuder p\u00e5 en upplevelse. Utnyttja attraktionskraften med v\u00e5ra h\u00f6gkvalitativa set, och l\u00e5t v\u00e5ra s\u00f6ml\u00f6sa <a href=\"https:\/\/gretasexylingerie.com\/sv\/grossist-underklader\/\">grossisttj\u00e4nst<\/a> st\u00f6dja ditt f\u00f6retags tillv\u00e4xt. Best\u00e4ll nu och s\u00e4tt standarden f\u00f6r f\u00f6rf\u00f6risk elegans.<\/p>","protected":false},"excerpt":{"rendered":"<p>T\u00e4nd natten med denna eldiga <strong>r\u00f6d sexig underkl\u00e4der set<\/strong>, en dj\u00e4rv blandning av l\u00e4derliknande lyster och lyxig design. Ett m\u00e5ste f\u00f6r en sp\u00e4nnande kollektion av l\u00e4derunderkl\u00e4der, designad f\u00f6r att f\u00e4ngsla och locka.<\/p>","protected":false},"featured_media":50296,"template":"","meta":[],"product_brand":[],"product_cat":[368,367],"product_tag":[448],"class_list":{"0":"post-50302","1":"product","2":"type-product","3":"status-publish","4":"has-post-thumbnail","6":"product_cat-bra-panty-set","7":"product_cat-sexy-lingerie","8":"product_tag-wholesale-elegant-sexy-lingerie","9":"pa_color-red-women-sexy-lingerie","10":"pa_size-free","12":"first","13":"instock","14":"taxable","15":"shipping-taxable","16":"purchasable","17":"product-type-variable"},"tiered_pricing_type":"fixed","tiered_pricing_fixed_rules":[],"tiered_pricing_product_settings":{"layout":"table","base_unit_name":{"singular":null,"plural":null},"default_variation":null},"tiered_pricing_minimum_quantity":null,"tiered_pricing_roles_data":[],"tiered_pricing_percentage_rules":[],"tiered_pricing_maximum_quantity":null,"tiered_pricing_quantity_step":null,"_links":{"self":[{"href":"https:\/\/gretasexylingerie.com\/sv\/wp-json\/wp\/v2\/product\/50302","targetHints":{"allow":["GET"]}}],"collection":[{"href":"https:\/\/gretasexylingerie.com\/sv\/wp-json\/wp\/v2\/product"}],"about":[{"href":"https:\/\/gretasexylingerie.com\/sv\/wp-json\/wp\/v2\/types\/product"}],"wp:featuredmedia":[{"embeddable":true,"href":"https:\/\/gretasexylingerie.com\/sv\/wp-json\/wp\/v2\/media\/50296"}],"wp:attachment":[{"href":"https:\/\/gretasexylingerie.com\/sv\/wp-json\/wp\/v2\/media?parent=50302"}],"wp:term":[{"taxonomy":"product_brand","embeddable":true,"href":"https:\/\/gretasexylingerie.com\/sv\/wp-json\/wp\/v2\/product_brand?post=50302"},{"taxonomy":"product_cat","embeddable":true,"href":"https:\/\/gretasexylingerie.com\/sv\/wp-json\/wp\/v2\/product_cat?post=50302"},{"taxonomy":"product_tag","embeddable":true,"href":"https:\/\/gretasexylingerie.com\/sv\/wp-json\/wp\/v2\/product_tag?post=50302"}],"curies":[{"name":"wp","href":"https:\/\/api.w.org\/{rel}","templated":true}]}}