{"id":50286,"date":"2024-03-29T20:24:50","date_gmt":"2024-03-29T12:24:50","guid":{"rendered":"https:\/\/gretasexylingerie.com\/?post_type=product&#038;p=50286"},"modified":"2024-03-29T21:03:10","modified_gmt":"2024-03-29T13:03:10","slug":"grossist-pu-stewardess-kostym-set","status":"publish","type":"product","link":"https:\/\/gretasexylingerie.com\/sv\/products\/wholesale-pu-stewardess-costume-set\/","title":{"rendered":"Partihandel PU flygv\u00e4rdinna kostym set"},"content":{"rendered":"<p><strong>Aerial Allure<\/strong>: Styr himlen och rummet med detta <strong>stewardess uniform frestelse<\/strong>. Tillverkad av snyggt PU-material, utlovar denna kostym en v\u00e5gad h\u00f6jning till den klassiska flygv\u00e4rdinnan.<\/p>\n\n\n\n<p><strong>Skr\u00e4ddarsydd frestelse<\/strong>: Varje s\u00f6m p\u00e5 den h\u00e4r bodyn \u00e4r designad f\u00f6r att smickra och fascinera. Guldkanten skisserar en siluett som \u00e4r lika befallande som den \u00e4r f\u00e4ngslande, perfekt f\u00f6r dem som vill g\u00f6ra ett dj\u00e4rvt uttalande.<\/p>\n\n\n\n<p><strong>Sofistikerade tillbeh\u00f6r<\/strong>: Setet kompletteras med en smakfull huvudbonad som flygv\u00e4rdinna och delikata spetshandskar, vilket ger en k\u00e4nsla av klass till ensemblen. Spetsslipsen ger en nick till tidl\u00f6s flygv\u00e4rdinnas elegans samtidigt som den antyder lekfulla \u00e4ventyr.<\/p>\n\n\n\n<p><strong>H\u00e5llbar design<\/strong>: Tillverkad av h\u00f6gkvalitativt PU-material, den h\u00e4r dr\u00e4kten beh\u00e5ller sin form och glans under alla evenemang, vilket s\u00e4kerst\u00e4ller att din look f\u00f6rblir oklanderlig fr\u00e5n start till landning.<\/p>\n\n\n\n<p><strong>Komplett kostymsats<\/strong>: Det h\u00e4r \u00e4r inte bara en bodysuit; det \u00e4r en fullst\u00e4ndig karakt\u00e4rsupps\u00e4ttning. Flygv\u00e4rdinnans huvudbonad, spetshandskar och spetsband f\u00f6renar en oemotst\u00e5ndlig blandning av enhetlig precision och frestande avsl\u00f6jande.<\/p>\n\n\n\n<p>G\u00e5 med i den milh\u00f6ga stilklubben med v\u00e5r <strong>PU flygv\u00e4rdinna sexig kostym<\/strong>. F\u00f6rvara din butik med denna oemotst\u00e5ndliga ensemble och se din f\u00f6rs\u00e4ljning stiga. Utan minsta best\u00e4llning och snabb global leverans g\u00f6r Greta Sexy Lingerie det enkelt att ge din kundkrets lyx och lockelse. Sp\u00e4nn fast s\u00e4kerhetsb\u00e4ltena, det \u00e4r dags att flyga h\u00f6gt med mode som \u00e4r lika v\u00e5gat som himlen.<\/p>","protected":false},"excerpt":{"rendered":"<p>Lyft din tjusning med v\u00e5r <strong>sexig flygv\u00e4rdinna kostym<\/strong>. Detta set blandar klassisk charm med modern f\u00f6rf\u00f6relse f\u00f6r en look som s\u00e4kerligen kommer att f\u00e4ngsla.<\/p>","protected":false},"featured_media":50282,"template":"","meta":[],"product_brand":[],"product_cat":[974],"product_tag":[],"class_list":{"0":"post-50286","1":"product","2":"type-product","3":"status-publish","4":"has-post-thumbnail","6":"product_cat-wholesale-sexy-costumes","7":"pa_color-black","8":"pa_size-free","10":"first","11":"instock","12":"taxable","13":"shipping-taxable","14":"purchasable","15":"product-type-variable"},"tiered_pricing_type":"fixed","tiered_pricing_fixed_rules":[],"tiered_pricing_product_settings":{"layout":"table","base_unit_name":{"singular":null,"plural":null},"default_variation":null},"tiered_pricing_minimum_quantity":null,"tiered_pricing_roles_data":[],"tiered_pricing_percentage_rules":[],"tiered_pricing_maximum_quantity":null,"tiered_pricing_quantity_step":null,"_links":{"self":[{"href":"https:\/\/gretasexylingerie.com\/sv\/wp-json\/wp\/v2\/product\/50286","targetHints":{"allow":["GET"]}}],"collection":[{"href":"https:\/\/gretasexylingerie.com\/sv\/wp-json\/wp\/v2\/product"}],"about":[{"href":"https:\/\/gretasexylingerie.com\/sv\/wp-json\/wp\/v2\/types\/product"}],"wp:featuredmedia":[{"embeddable":true,"href":"https:\/\/gretasexylingerie.com\/sv\/wp-json\/wp\/v2\/media\/50282"}],"wp:attachment":[{"href":"https:\/\/gretasexylingerie.com\/sv\/wp-json\/wp\/v2\/media?parent=50286"}],"wp:term":[{"taxonomy":"product_brand","embeddable":true,"href":"https:\/\/gretasexylingerie.com\/sv\/wp-json\/wp\/v2\/product_brand?post=50286"},{"taxonomy":"product_cat","embeddable":true,"href":"https:\/\/gretasexylingerie.com\/sv\/wp-json\/wp\/v2\/product_cat?post=50286"},{"taxonomy":"product_tag","embeddable":true,"href":"https:\/\/gretasexylingerie.com\/sv\/wp-json\/wp\/v2\/product_tag?post=50286"}],"curies":[{"name":"wp","href":"https:\/\/api.w.org\/{rel}","templated":true}]}}