{"id":50258,"date":"2024-03-29T19:04:12","date_gmt":"2024-03-29T11:04:12","guid":{"rendered":"https:\/\/gretasexylingerie.com\/?post_type=product&#038;p=50258"},"modified":"2024-03-29T20:55:04","modified_gmt":"2024-03-29T12:55:04","slug":"grossist-flirtig-sjukskoterska-rollspel-underklader-set","status":"publish","type":"product","link":"https:\/\/gretasexylingerie.com\/sv\/products\/wholesale-flirty-nurse-roleplay-lingerie-set\/","title":{"rendered":"Partihandel Flirty Nurse Rollspel Underkl\u00e4der Set"},"content":{"rendered":"<p><strong>Flirtig Fantasy<\/strong>: Detta lockande <strong>flirtig sjuksk\u00f6terska kostym<\/strong> set \u00e4r ett pulsslag bort fr\u00e5n tr\u00e5kig, blanda tematisk tradition med en provocerande kant. Komplett med huvudbonader f\u00f6r sjuksk\u00f6terskor och stetoskop, den \u00e4r gjord f\u00f6r dem som \u00e4lskar att leka doktor.<\/p>\n\n\n\n<p><strong>Uppm\u00e4rksamhet p\u00e5 detaljer<\/strong>: BH- och kjolduon har delikata spetsaccenter och dj\u00e4rva r\u00f6da kontraster, som f\u00f6rkroppsligar essensen av en <strong>stygg sjuksk\u00f6terska sed<\/strong>. Det handlar inte bara om utseendet; det handlar om att frammana en ber\u00e4ttelse med varje detalj.<\/p>\n\n\n\n<p><strong>Kvalitetshantverk<\/strong>: Tillverkad med omsorg, de fina materialen och den robusta konstruktionen s\u00e4kerst\u00e4ller att denna dr\u00e4kt st\u00e5r sig mot en kv\u00e4ll av sp\u00e4nning. Den justerbara passformen g\u00f6r att komforten inte tar ett baks\u00e4te f\u00f6r att styla.<\/p>\n\n\n\n<p><strong>Grossist Wonder<\/strong>: En het s\u00e4ljare f\u00f6r alla s\u00e4songer, den h\u00e4r kostymen \u00e4r idealisk f\u00f6r f\u00f6retag som vill fylla p\u00e5 med unika, i\u00f6gonfallande plagg. Utan MOQ och snabb global leverans har det aldrig varit l\u00e4ttare att uppfylla dina kunders vildaste fantasier.<\/p>\n\n\n\n<p><strong>Lockande ensemble<\/strong>: Det h\u00e4r setet \u00e4r inte bara en kostym; det \u00e4r en hel karakt\u00e4r i en l\u00e5da. Inklusive huvudbonader, stetoskop, bh, kjol och underkl\u00e4der, erbjuder den en komplett ber\u00e4ttelse, perfekt f\u00f6r en rad lekfulla scenarier.<\/p>\n\n\n\n<p>Ordna en rolig kv\u00e4ll med v\u00e5r <strong>sexig sjuksk\u00f6terska halloween outfit<\/strong>. Oavsett om det \u00e4r f\u00f6r ett temaevenemang eller ett privat tillf\u00e4lle, lovar den h\u00e4r kostymen att bli botemedlet f\u00f6r den gemensamma festen. Dra nytta av v\u00e5r enkla integration med <a href=\"https:\/\/gretasexylingerie.com\/sv\/droshpping-underklader-service\/\">sl\u00e4pp frakttj\u00e4nster<\/a>, se till att din butik f\u00f6rblir den b\u00e4sta destinationen f\u00f6r allt som \u00e4r lockande. L\u00e5t Greta Sexy Lingerie vara din allierade n\u00e4r det g\u00e4ller att leverera sp\u00e4nning och f\u00f6rtrollning. Fyll p\u00e5 idag \u2014 d\u00e4r lite lek leder till en hel del f\u00f6rs\u00e4ljning!<\/p>","protected":false},"excerpt":{"rendered":"<p>Ingjuta en dos lekfull charm i Halloween med v\u00e5r <strong>sexig sjuksk\u00f6terska halloween outfit<\/strong>. En flirtig twist p\u00e5 klassikern, detta set \u00e4r designat f\u00f6r att ge fantasier liv.<\/p>","protected":false},"featured_media":50253,"template":"","meta":[],"product_brand":[],"product_cat":[974],"product_tag":[976],"class_list":{"0":"post-50258","1":"product","2":"type-product","3":"status-publish","4":"has-post-thumbnail","6":"product_cat-wholesale-sexy-costumes","7":"product_tag-schoolgirl-costumes","8":"pa_color-red-women-sexy-lingerie","9":"pa_size-free","11":"first","12":"instock","13":"taxable","14":"shipping-taxable","15":"purchasable","16":"product-type-variable"},"tiered_pricing_type":"fixed","tiered_pricing_fixed_rules":[],"tiered_pricing_product_settings":{"layout":"table","base_unit_name":{"singular":null,"plural":null},"default_variation":null},"tiered_pricing_minimum_quantity":null,"tiered_pricing_roles_data":[],"tiered_pricing_percentage_rules":[],"tiered_pricing_maximum_quantity":null,"tiered_pricing_quantity_step":null,"_links":{"self":[{"href":"https:\/\/gretasexylingerie.com\/sv\/wp-json\/wp\/v2\/product\/50258","targetHints":{"allow":["GET"]}}],"collection":[{"href":"https:\/\/gretasexylingerie.com\/sv\/wp-json\/wp\/v2\/product"}],"about":[{"href":"https:\/\/gretasexylingerie.com\/sv\/wp-json\/wp\/v2\/types\/product"}],"wp:featuredmedia":[{"embeddable":true,"href":"https:\/\/gretasexylingerie.com\/sv\/wp-json\/wp\/v2\/media\/50253"}],"wp:attachment":[{"href":"https:\/\/gretasexylingerie.com\/sv\/wp-json\/wp\/v2\/media?parent=50258"}],"wp:term":[{"taxonomy":"product_brand","embeddable":true,"href":"https:\/\/gretasexylingerie.com\/sv\/wp-json\/wp\/v2\/product_brand?post=50258"},{"taxonomy":"product_cat","embeddable":true,"href":"https:\/\/gretasexylingerie.com\/sv\/wp-json\/wp\/v2\/product_cat?post=50258"},{"taxonomy":"product_tag","embeddable":true,"href":"https:\/\/gretasexylingerie.com\/sv\/wp-json\/wp\/v2\/product_tag?post=50258"}],"curies":[{"name":"wp","href":"https:\/\/api.w.org\/{rel}","templated":true}]}}