{"id":50157,"date":"2024-03-25T13:29:24","date_gmt":"2024-03-25T05:29:24","guid":{"rendered":"https:\/\/gretasexylingerie.com\/?post_type=product&#038;p=50157"},"modified":"2024-03-25T23:34:51","modified_gmt":"2024-03-25T15:34:51","slug":"grossist-bdsm-munoppnare-med-kattmunplugg","status":"publish","type":"product","link":"https:\/\/gretasexylingerie.com\/sv\/products\/wholesale-bdsm-mouth-opener-with-cat-mouth-plug\/","title":{"rendered":"Grossist BDSM mun\u00f6ppnare med Cat Mouth Plug"},"content":{"rendered":"<p><strong>Unik Cat Mouth Plug Design<\/strong>: Denna distinkta munplugg \u00e4r inspirerad av en katts mun och erbjuder ett lekfullt men intensivt tillskott till alla BDSM-spel. Dess design ger inte bara en visuell intrig utan s\u00e4kerst\u00e4ller ocks\u00e5 en minnesv\u00e4rd upplevelse f\u00f6r anv\u00e4ndare som letar efter en <strong>stor O-ring gag<\/strong>.<\/p>\n\n\n\n<p><strong>Nose Hook Metal Ring<\/strong>: Inkluderandet av en noskrok med en metallring intensifierar upplevelsen, vilket ger ytterligare en niv\u00e5 av kontroll och dominans. Den h\u00e4r funktionen \u00e4r perfekt f\u00f6r dem som uppskattar djupet i sitt BDSM-spel och f\u00f6rs\u00f6ker utforska ytterligare gr\u00e4nser.<\/p>\n\n\n\n<p><strong>Justerbar storlek f\u00f6r komfort<\/strong>: Komforten beh\u00f6ver inte \u00e4ventyras f\u00f6r intensiteten. Denna mun\u00f6ppnare \u00e4r designad med justerbara funktioner f\u00f6r att s\u00e4kerst\u00e4lla en \u00e5tsittande passform, som passar ett brett utbud av storlekar och preferenser. Denna justerbarhet g\u00f6r det till en <strong>h\u00f6gkvalitativ boll gag<\/strong> alternativ f\u00f6r dem som prioriterar komfort och s\u00e4kerhet.<\/p>\n\n\n\n<p><strong>H\u00e5llbara och s\u00e4kra material<\/strong>: Tillverkad av s\u00e4kra, h\u00e5llbara material, denna mun\u00f6ppnare \u00e4r byggd f\u00f6r att h\u00e5lla genom m\u00e5nga sessioner. Dess h\u00f6gkvalitativa konstruktion s\u00e4kerst\u00e4ller att den kan vara en favorit f\u00f6r b\u00e5de nyb\u00f6rjare och erfarna entusiaster.<\/p>\n\n\n\n<p><strong>F\u00f6rb\u00e4ttrad BDSM-upplevelse<\/strong>: Perfekt f\u00f6r dem som vill l\u00e4gga till ett extra lager av sp\u00e4nning till sitt spel, denna mun\u00f6ppnare erbjuder en f\u00f6rb\u00e4ttrad upplevelse. Det \u00e4r ett perfekt val f\u00f6r alla som vill lyfta sina BDSM-aktiviteter med en <strong>bdsm mun\u00f6ppnare<\/strong> som kombinerar funktionalitet med unika designelement.<\/p>","protected":false},"excerpt":{"rendered":"<p>F\u00f6rh\u00f6j din samling med v\u00e5r BDSM-mun\u00f6ppnare, med en unik kattmunplugg och metallring med noskrok, designad f\u00f6r justerbar storlek och komfort.<\/p>","protected":false},"featured_media":50147,"template":"","meta":[],"product_brand":[],"product_cat":[1059,1064],"product_tag":[],"class_list":{"0":"post-50157","1":"product","2":"type-product","3":"status-publish","4":"has-post-thumbnail","6":"product_cat-wholesale-bondage-equipment","7":"product_cat-wholesale-gag-gifts","8":"pa_color-black","9":"pa_size-free","11":"first","12":"instock","13":"taxable","14":"shipping-taxable","15":"purchasable","16":"product-type-variable"},"tiered_pricing_type":"fixed","tiered_pricing_fixed_rules":[],"tiered_pricing_product_settings":{"layout":"table","base_unit_name":{"singular":null,"plural":null},"default_variation":null},"tiered_pricing_minimum_quantity":null,"tiered_pricing_roles_data":[],"tiered_pricing_percentage_rules":[],"tiered_pricing_maximum_quantity":null,"tiered_pricing_quantity_step":null,"_links":{"self":[{"href":"https:\/\/gretasexylingerie.com\/sv\/wp-json\/wp\/v2\/product\/50157","targetHints":{"allow":["GET"]}}],"collection":[{"href":"https:\/\/gretasexylingerie.com\/sv\/wp-json\/wp\/v2\/product"}],"about":[{"href":"https:\/\/gretasexylingerie.com\/sv\/wp-json\/wp\/v2\/types\/product"}],"wp:featuredmedia":[{"embeddable":true,"href":"https:\/\/gretasexylingerie.com\/sv\/wp-json\/wp\/v2\/media\/50147"}],"wp:attachment":[{"href":"https:\/\/gretasexylingerie.com\/sv\/wp-json\/wp\/v2\/media?parent=50157"}],"wp:term":[{"taxonomy":"product_brand","embeddable":true,"href":"https:\/\/gretasexylingerie.com\/sv\/wp-json\/wp\/v2\/product_brand?post=50157"},{"taxonomy":"product_cat","embeddable":true,"href":"https:\/\/gretasexylingerie.com\/sv\/wp-json\/wp\/v2\/product_cat?post=50157"},{"taxonomy":"product_tag","embeddable":true,"href":"https:\/\/gretasexylingerie.com\/sv\/wp-json\/wp\/v2\/product_tag?post=50157"}],"curies":[{"name":"wp","href":"https:\/\/api.w.org\/{rel}","templated":true}]}}