{"id":50135,"date":"2024-03-25T13:28:13","date_gmt":"2024-03-25T05:28:13","guid":{"rendered":"https:\/\/gretasexylingerie.com\/?post_type=product&#038;p=50135"},"modified":"2024-03-25T23:29:35","modified_gmt":"2024-03-25T15:29:35","slug":"grossist-svart-lader-bondage-kedja-krage","status":"publish","type":"product","link":"https:\/\/gretasexylingerie.com\/sv\/products\/wholesale-black-leather-bondage-chain-collar\/","title":{"rendered":"Partihandel svart l\u00e4der Bondage Chain krage f\u00f6r undergivna"},"content":{"rendered":"<p><strong>Love Neck Design<\/strong>: Tillverkad med fokus p\u00e5 b\u00e5de estetik och funktion, v\u00e5r krage f\u00f6rkroppsligar essensen av underkastelse med en touch av elegans. K\u00e4rlekshalsdesignen betyder engagemang och omsorg, vilket g\u00f6r det till ett meningsfullt val f\u00f6r dem i BDSM-gemenskapen.<\/p>\n\n\n\n<p><strong>PU-l\u00e4derkonstruktion<\/strong>: Tillverkad av h\u00f6gkvalitativt PU-l\u00e4der, detta <strong>underd\u00e5nigt halsband<\/strong> ger h\u00e5llbarhet och komfort. Dess eleganta svarta utseende ger ett klassiskt utseende, medan materialet s\u00e4kerst\u00e4ller l\u00e5ng livsl\u00e4ngd och enkelt underh\u00e5ll.<\/p>\n\n\n\n<p><strong>Kedjedragfunktion<\/strong>: Inkluderandet av en dragkrage f\u00f6r kedjan ger ett praktiskt inslag av kontroll, vilket m\u00f6jligg\u00f6r guidade r\u00f6relser och f\u00f6rb\u00e4ttrad dynamik under lek. Denna funktion \u00e4r viktig f\u00f6r dem som vill utforska kraftutbyte med tillit och s\u00e4kerhet.<\/p>\n\n\n\n<p><strong>M\u00e5ngsidig anv\u00e4ndning<\/strong>: Oavsett om den anv\u00e4nds som ett uttalande eller som en del av en mer omfattande bondage-upps\u00e4ttning, \u00e4r denna krage m\u00e5ngsidig nog f\u00f6r att m\u00f6ta olika behov. Den \u00e4r l\u00e4mplig f\u00f6r b\u00e5de nyb\u00f6rjare och erfarna ut\u00f6vare, och erbjuder en s\u00e4ker passform och p\u00e5litlig prestanda.<\/p>\n\n\n\n<p><strong>Justerbar f\u00f6r komfort<\/strong>: Designad f\u00f6r att passa en rad olika halsstorlekar, kragen \u00e4r justerbar, vilket s\u00e4kerst\u00e4ller en \u00e5tsittande och bekv\u00e4m passform. Denna justerbarhet \u00e4r avg\u00f6rande f\u00f6r l\u00e5nga sessioner, vilket ger b\u00e4raren en k\u00e4nsla av s\u00e4kerhet utan att kompromissa med komforten.<\/p>\n\n\n\n<p><strong>Perfekt f\u00f6r temasamlingar<\/strong>: Ett utm\u00e4rkt tillskott till alla BDSM-redskapssamlingar, detta <strong>bondage kedja krage<\/strong> tilltalar dem som vill uttrycka sin undergivna eller dominerande sida med stil. Det \u00e4r ett m\u00e5ste f\u00f6r \u00e5terf\u00f6rs\u00e4ljare som v\u00e4nder sig till \u00e4ventyrslystna och modeintresserade.<\/p>","protected":false},"excerpt":{"rendered":"<p>F\u00f6rh\u00f6j din BDSM-samling med v\u00e5r <strong>bondagekrage i svart l\u00e4der<\/strong>, med en k\u00e4rlekshalsdesign och kedjedragkraft f\u00f6r ultimat kontroll och underkastelse.<\/p>","protected":false},"featured_media":50130,"template":"","meta":[],"product_brand":[],"product_cat":[1059,1066],"product_tag":[],"class_list":{"0":"post-50135","1":"product","2":"type-product","3":"status-publish","4":"has-post-thumbnail","6":"product_cat-wholesale-bondage-equipment","7":"product_cat-handcuffs-bondage-collars-ankle-strap","8":"pa_color-black","9":"pa_size-free","11":"first","12":"instock","13":"taxable","14":"shipping-taxable","15":"purchasable","16":"product-type-variable"},"tiered_pricing_type":"fixed","tiered_pricing_fixed_rules":[],"tiered_pricing_product_settings":{"layout":"table","base_unit_name":{"singular":null,"plural":null},"default_variation":null},"tiered_pricing_minimum_quantity":null,"tiered_pricing_roles_data":[],"tiered_pricing_percentage_rules":[],"tiered_pricing_maximum_quantity":null,"tiered_pricing_quantity_step":null,"_links":{"self":[{"href":"https:\/\/gretasexylingerie.com\/sv\/wp-json\/wp\/v2\/product\/50135","targetHints":{"allow":["GET"]}}],"collection":[{"href":"https:\/\/gretasexylingerie.com\/sv\/wp-json\/wp\/v2\/product"}],"about":[{"href":"https:\/\/gretasexylingerie.com\/sv\/wp-json\/wp\/v2\/types\/product"}],"wp:featuredmedia":[{"embeddable":true,"href":"https:\/\/gretasexylingerie.com\/sv\/wp-json\/wp\/v2\/media\/50130"}],"wp:attachment":[{"href":"https:\/\/gretasexylingerie.com\/sv\/wp-json\/wp\/v2\/media?parent=50135"}],"wp:term":[{"taxonomy":"product_brand","embeddable":true,"href":"https:\/\/gretasexylingerie.com\/sv\/wp-json\/wp\/v2\/product_brand?post=50135"},{"taxonomy":"product_cat","embeddable":true,"href":"https:\/\/gretasexylingerie.com\/sv\/wp-json\/wp\/v2\/product_cat?post=50135"},{"taxonomy":"product_tag","embeddable":true,"href":"https:\/\/gretasexylingerie.com\/sv\/wp-json\/wp\/v2\/product_tag?post=50135"}],"curies":[{"name":"wp","href":"https:\/\/api.w.org\/{rel}","templated":true}]}}