{"id":50127,"date":"2024-03-25T13:27:46","date_gmt":"2024-03-25T05:27:46","guid":{"rendered":"https:\/\/gretasexylingerie.com\/?post_type=product&#038;p=50127"},"modified":"2024-03-25T23:25:47","modified_gmt":"2024-03-25T15:25:47","slug":"grossist-mjuk-boll-gag-med-silikon-lappar-munplugg","status":"publish","type":"product","link":"https:\/\/gretasexylingerie.com\/sv\/products\/wholesale-soft-ball-gag-with-silicone-lips-mouth-plug\/","title":{"rendered":"Partihandel Soft Ball Gag med silikon l\u00e4ppar munplugg"},"content":{"rendered":"<p><strong>Design med delad huvudplugg<\/strong>: Denna innovativa funktion hos munpluggen erbjuder en f\u00f6rb\u00e4ttrad upplevelse, vilket m\u00f6jligg\u00f6r en s\u00e4ker passform samtidigt som komforten bibeh\u00e5lls. Designen med delat huvud anpassar sig till b\u00e4rarens mun, vilket g\u00f6r det till ett m\u00e5ngsidigt val f\u00f6r olika lekscenarier.<\/p>\n\n\n\n<p><strong>Silikon munstycke<\/strong>: Munstycket \u00e4r tillverkat av h\u00f6gkvalitativt silikon och \u00e4r mjukt, giftfritt och kroppss\u00e4kert. Dess bekv\u00e4ma passform s\u00e4kerst\u00e4ller att den kan b\u00e4ras under l\u00e4ngre perioder utan att orsaka obehag, vilket g\u00f6r den idealisk f\u00f6r b\u00e5de nyb\u00f6rjare och erfarna anv\u00e4ndare.<\/p>\n\n\n\n<p><strong>Realistisk tandstruktur<\/strong>: Munstycket \u00e4r detaljerat med en realistisk tandstruktur, vilket ger en niv\u00e5 av autenticitet och sp\u00e4nning till ditt spel. Denna unika funktion skiljer den fr\u00e5n andra <strong>mjuka bollgags<\/strong>, erbjuder en uppslukande upplevelse.<\/p>\n\n\n\n<p><strong>\u00d6ppen mun Ball Gag<\/strong>: Designad f\u00f6r att h\u00e5lla munnen \u00f6ppen och tillg\u00e4nglig, den h\u00e4r gaggen \u00e4r perfekt f\u00f6r dem som vill utforska r\u00f6stbegr\u00e4nsning och oral fixering i sitt spel. Det \u00e4r en basvara f\u00f6r alla BDSM-kollektioner, och erbjuder b\u00e5de estetiskt tilltalande och funktionalitet.<\/p>\n\n\n\n<p><strong>H\u00e5llbar och l\u00e4tt att reng\u00f6ra<\/strong>: Silikonkonstruktionen s\u00e4kerst\u00e4ller inte bara h\u00e5llbarhet utan g\u00f6r \u00e4ven denna gag l\u00e4tt att reng\u00f6ra och underh\u00e5lla. Dess hygieniska egenskaper \u00e4r avg\u00f6rande f\u00f6r s\u00e4ker och upprepad anv\u00e4ndning.<\/p>\n\n\n\n<p><strong>M\u00e5ngsidig anv\u00e4ndning<\/strong>: Oavsett om du vill f\u00f6rb\u00e4ttra ditt BDSM-spel eller utforska nya fantasier, detta <strong>silikon l\u00e4ppar gag<\/strong> \u00e4r ett m\u00e5ngsidigt tillskott till alla kollektioner. Dess unika design och bekv\u00e4ma passform g\u00f6r den l\u00e4mplig f\u00f6r ett brett utbud av aktiviteter och preferenser.<\/p>","protected":false},"excerpt":{"rendered":"<p>Lyft ditt spelande med v\u00e5r <strong>\u00f6ppen mun boll gag<\/strong>, med en unik design med delad plugg och ett munstycke i silikon med realistisk tandstruktur.<\/p>","protected":false},"featured_media":50126,"template":"","meta":[],"product_brand":[],"product_cat":[1059,1064],"product_tag":[],"class_list":{"0":"post-50127","1":"product","2":"type-product","3":"status-publish","4":"has-post-thumbnail","6":"product_cat-wholesale-bondage-equipment","7":"product_cat-wholesale-gag-gifts","8":"pa_color-black","9":"pa_color-red-women-sexy-lingerie","10":"pa_size-free","12":"first","13":"instock","14":"taxable","15":"shipping-taxable","16":"purchasable","17":"product-type-variable"},"tiered_pricing_type":"fixed","tiered_pricing_fixed_rules":[],"tiered_pricing_product_settings":{"layout":"table","base_unit_name":{"singular":null,"plural":null},"default_variation":null},"tiered_pricing_minimum_quantity":null,"tiered_pricing_roles_data":[],"tiered_pricing_percentage_rules":[],"tiered_pricing_maximum_quantity":null,"tiered_pricing_quantity_step":null,"_links":{"self":[{"href":"https:\/\/gretasexylingerie.com\/sv\/wp-json\/wp\/v2\/product\/50127","targetHints":{"allow":["GET"]}}],"collection":[{"href":"https:\/\/gretasexylingerie.com\/sv\/wp-json\/wp\/v2\/product"}],"about":[{"href":"https:\/\/gretasexylingerie.com\/sv\/wp-json\/wp\/v2\/types\/product"}],"wp:featuredmedia":[{"embeddable":true,"href":"https:\/\/gretasexylingerie.com\/sv\/wp-json\/wp\/v2\/media\/50126"}],"wp:attachment":[{"href":"https:\/\/gretasexylingerie.com\/sv\/wp-json\/wp\/v2\/media?parent=50127"}],"wp:term":[{"taxonomy":"product_brand","embeddable":true,"href":"https:\/\/gretasexylingerie.com\/sv\/wp-json\/wp\/v2\/product_brand?post=50127"},{"taxonomy":"product_cat","embeddable":true,"href":"https:\/\/gretasexylingerie.com\/sv\/wp-json\/wp\/v2\/product_cat?post=50127"},{"taxonomy":"product_tag","embeddable":true,"href":"https:\/\/gretasexylingerie.com\/sv\/wp-json\/wp\/v2\/product_tag?post=50127"}],"curies":[{"name":"wp","href":"https:\/\/api.w.org\/{rel}","templated":true}]}}