{"id":50113,"date":"2024-03-25T13:27:00","date_gmt":"2024-03-25T05:27:00","guid":{"rendered":"https:\/\/gretasexylingerie.com\/?post_type=product&#038;p=50113"},"modified":"2024-03-25T23:22:49","modified_gmt":"2024-03-25T15:22:49","slug":"grossist-sexig-bondage-mask-med-lader-dominatrix-huva","status":"publish","type":"product","link":"https:\/\/gretasexylingerie.com\/sv\/products\/wholesale-sexy-bondage-mask-with-leather-dominatrix-hood\/","title":{"rendered":"Grossist sexig Bondage Mask med l\u00e4der Dominatrix Huva"},"content":{"rendered":"<p><strong>Luva f\u00f6r \u00f6gonbindel i svart l\u00e4der<\/strong>: Tillverkad av premium svart l\u00e4der, denna huva erbjuder en uppslukande sensorisk deprivation. Dess eleganta design h\u00f6jer inte bara sinnena utan ger dig ocks\u00e5 en touch av elegans <strong>l\u00e4der dominatrix mask<\/strong> samling.<\/p>\n\n\n\n<p><strong>Avtagbar \u00f6gonmask<\/strong>: Setet inneh\u00e5ller en avtagbar \u00f6gonmask, vilket m\u00f6jligg\u00f6r anpassningsbara niv\u00e5er av sensorisk kontroll. Denna m\u00e5ngsidiga funktion \u00e4r perfekt f\u00f6r dem som vill ha flexibilitet i sitt spel, vilket g\u00f6r det till ett enast\u00e5ende val f\u00f6r <strong>sexig bondage mask<\/strong> entusiaster.<\/p>\n\n\n\n<p><strong>Justerbar krage<\/strong>: Den justerbara kragen s\u00e4kerst\u00e4ller en \u00e5tsittande och s\u00e4ker passform, vilket f\u00f6rb\u00e4ttrar den \u00f6vergripande upplevelsen. Dekorerad med nitar, l\u00e4gger den till ett dj\u00e4rvt uttalande till ensemblen och f\u00f6rkroppsligar essensen av <strong>gasmask bondage<\/strong> estetik.<\/p>\n\n\n\n<p><strong>Nitdekorerad rund munknevel<\/strong>: Den runda munnen, prydd med nitar, erbjuder b\u00e5de estetisk tilltalande och funktionalitet. Den \u00e4r designad f\u00f6r att h\u00e5lla b\u00e4rarens mun \u00f6ppen, vilket ger en niv\u00e5 av dominans och underkastelse till upplevelsen.<\/p>\n\n\n\n<p><strong>H\u00e5llbar och bekv\u00e4m<\/strong>: Tillverkad med h\u00e5llbarhet och komfort i \u00e5tanke, detta set \u00e4r l\u00e4mpligt f\u00f6r l\u00e4ngre anv\u00e4ndning under sessioner. Det h\u00f6gkvalitativa l\u00e4dermaterialet s\u00e4kerst\u00e4ller l\u00e5ng livsl\u00e4ngd och enkelt underh\u00e5ll.<\/p>\n\n\n\n<p><strong>Perfekt f\u00f6r BDSM-entusiaster<\/strong>: Det h\u00e4r omfattande setet \u00e4r idealiskt f\u00f6r BDSM-entusiaster som vill utforska dominans och underkastelse. Det \u00e4r ett m\u00e5ste f\u00f6r alla samlingar, och erbjuder en sofistikerad och intensiv upplevelse.<\/p>","protected":false},"excerpt":{"rendered":"<p>Omfamna v\u00e5r m\u00f6rka tjusning <strong>sexig bondage mask<\/strong>, ett omfattande set med en huva f\u00f6r \u00f6gonbindel i svart l\u00e4der, \u00f6gonmask, krage och en nitdekorerad rund munknevel.<\/p>","protected":false},"featured_media":50106,"template":"","meta":[],"product_brand":[],"product_cat":[1063,1059],"product_tag":[],"class_list":{"0":"post-50113","1":"product","2":"type-product","3":"status-publish","4":"has-post-thumbnail","6":"product_cat-wholesale-bdsm-mask-blindfold","7":"product_cat-wholesale-bondage-equipment","8":"pa_color-black","9":"pa_size-free","11":"first","12":"instock","13":"taxable","14":"shipping-taxable","15":"purchasable","16":"product-type-variable"},"tiered_pricing_type":"fixed","tiered_pricing_fixed_rules":[],"tiered_pricing_product_settings":{"layout":"table","base_unit_name":{"singular":null,"plural":null},"default_variation":null},"tiered_pricing_minimum_quantity":null,"tiered_pricing_roles_data":[],"tiered_pricing_percentage_rules":[],"tiered_pricing_maximum_quantity":null,"tiered_pricing_quantity_step":null,"_links":{"self":[{"href":"https:\/\/gretasexylingerie.com\/sv\/wp-json\/wp\/v2\/product\/50113","targetHints":{"allow":["GET"]}}],"collection":[{"href":"https:\/\/gretasexylingerie.com\/sv\/wp-json\/wp\/v2\/product"}],"about":[{"href":"https:\/\/gretasexylingerie.com\/sv\/wp-json\/wp\/v2\/types\/product"}],"wp:featuredmedia":[{"embeddable":true,"href":"https:\/\/gretasexylingerie.com\/sv\/wp-json\/wp\/v2\/media\/50106"}],"wp:attachment":[{"href":"https:\/\/gretasexylingerie.com\/sv\/wp-json\/wp\/v2\/media?parent=50113"}],"wp:term":[{"taxonomy":"product_brand","embeddable":true,"href":"https:\/\/gretasexylingerie.com\/sv\/wp-json\/wp\/v2\/product_brand?post=50113"},{"taxonomy":"product_cat","embeddable":true,"href":"https:\/\/gretasexylingerie.com\/sv\/wp-json\/wp\/v2\/product_cat?post=50113"},{"taxonomy":"product_tag","embeddable":true,"href":"https:\/\/gretasexylingerie.com\/sv\/wp-json\/wp\/v2\/product_tag?post=50113"}],"curies":[{"name":"wp","href":"https:\/\/api.w.org\/{rel}","templated":true}]}}