{"id":50075,"date":"2024-03-25T13:25:04","date_gmt":"2024-03-25T05:25:04","guid":{"rendered":"https:\/\/gretasexylingerie.com\/?post_type=product&#038;p=50075"},"modified":"2024-03-25T23:12:14","modified_gmt":"2024-03-25T15:12:14","slug":"grossist-sm-lader-piska-flogger-leksak","status":"publish","type":"product","link":"https:\/\/gretasexylingerie.com\/sv\/products\/wholesale-sm-leather-whip-flogger-toy\/","title":{"rendered":"Partihandel SM Leather Whip Flogger Toy"},"content":{"rendered":"<p><strong>Fl\u00e4tat handtag f\u00f6r f\u00f6rb\u00e4ttrat grepp<\/strong>: Det minuti\u00f6st fl\u00e4tade handtaget bidrar inte bara till v\u00e5r piskas estetiska tilltal utan ger ocks\u00e5 ett f\u00f6rb\u00e4ttrat grepp f\u00f6r exakt kontroll. Detta designelement \u00e4r avg\u00f6rande f\u00f6r dem som s\u00f6ker <strong>b\u00e4sta smisk leksaker<\/strong> som erbjuder b\u00e5de stil och funktionalitet.<\/p>\n\n\n\n<p><strong>Tassel Whip Design f\u00f6r dynamisk anv\u00e4ndning<\/strong>: Tofsens pisk\u00e4nde introducerar en dynamisk och m\u00e5ngsidig anv\u00e4ndning, vilket m\u00f6jligg\u00f6r en rad f\u00f6rnimmelser fr\u00e5n mjuka smekningar till mer intensiva st\u00f6tar. Denna funktion g\u00f6r det till ett popul\u00e4rt val bland entusiaster som letar efter <strong>flogger leksaker<\/strong> som kan tillgodose olika preferenser.<\/p>\n\n\n\n<p><strong>Premium PU-l\u00e4der f\u00f6r h\u00e5llbarhet<\/strong>: Tillverkad av h\u00f6gkvalitativt PU-l\u00e4der, denna piska \u00e4r designad f\u00f6r h\u00e5llbarhet och livsl\u00e4ngd. Materialvalet s\u00e4kerst\u00e4ller att piskan t\u00e5l h\u00e5rd anv\u00e4ndning samtidigt som den beh\u00e5ller sin integritet och utseende, vilket tilltalar dem som letar efter p\u00e5litliga <strong>spank l\u00e4der<\/strong> Produkter.<\/p>\n\n\n\n<p><strong>Finns i dj\u00e4rva f\u00e4rger<\/strong>: Erbjuds i sl\u00e5ende svart, samt en v\u00e5gad r\u00f6d och svart kombination, denna piska passar olika smaker och stilar. F\u00e4rgalternativen l\u00e4gger till ett visuellt element till den sensoriska upplevelsen, vilket g\u00f6r varje session unikt minnesv\u00e4rd.<\/p>\n\n\n\n<p><strong>Perfekt f\u00f6r olika lekar<\/strong>: Oavsett om det \u00e4r f\u00f6r nyb\u00f6rjare som utforskar nya upplevelser eller erfarna entusiaster som l\u00e4gger till sin samling, passar den h\u00e4r l\u00e4derpiskan ett brett utbud av lekscenarier. Dess m\u00e5ngsidighet och kvalitet g\u00f6r den till ett m\u00e5ste i alla samlingar <strong>smisk leksaker<\/strong>.<\/p>\n\n\n\n<p>Kliv in i en v\u00e4rld av sp\u00e4nnande sensationer med v\u00e5r SM-l\u00e4derpiska. Dess kombination av stil, funktionalitet och h\u00f6gkvalitativt hantverk g\u00f6r den till ett enast\u00e5ende till\u00e4gg till alla kollektioner. Best\u00e4ll nu och erbjuda dina kunder det ultimata verktyget f\u00f6r utforskning och n\u00f6je!<\/p>","protected":false},"excerpt":{"rendered":"<p>Sl\u00e4pp l\u00f6s sp\u00e4nningen med v\u00e5r <strong>SM l\u00e4derpiska<\/strong>, med ett fl\u00e4tat handtag och design med tofspiska, tillverkad av premium PU-l\u00e4der i dj\u00e4rvt svart och r\u00f6da och svarta alternativ.<\/p>","protected":false},"featured_media":50067,"template":"","meta":[],"product_brand":[],"product_cat":[1059,1067],"product_tag":[],"class_list":{"0":"post-50075","1":"product","2":"type-product","3":"status-publish","4":"has-post-thumbnail","6":"product_cat-wholesale-bondage-equipment","7":"product_cat-wholesale-spanking-whips-paddles","8":"pa_color-black","9":"pa_color-red-women-sexy-lingerie","10":"pa_size-free","12":"first","13":"instock","14":"taxable","15":"shipping-taxable","16":"purchasable","17":"product-type-variable"},"tiered_pricing_type":"fixed","tiered_pricing_fixed_rules":[],"tiered_pricing_product_settings":{"layout":"table","base_unit_name":{"singular":null,"plural":null},"default_variation":null},"tiered_pricing_minimum_quantity":null,"tiered_pricing_roles_data":[],"tiered_pricing_percentage_rules":[],"tiered_pricing_maximum_quantity":null,"tiered_pricing_quantity_step":null,"_links":{"self":[{"href":"https:\/\/gretasexylingerie.com\/sv\/wp-json\/wp\/v2\/product\/50075","targetHints":{"allow":["GET"]}}],"collection":[{"href":"https:\/\/gretasexylingerie.com\/sv\/wp-json\/wp\/v2\/product"}],"about":[{"href":"https:\/\/gretasexylingerie.com\/sv\/wp-json\/wp\/v2\/types\/product"}],"wp:featuredmedia":[{"embeddable":true,"href":"https:\/\/gretasexylingerie.com\/sv\/wp-json\/wp\/v2\/media\/50067"}],"wp:attachment":[{"href":"https:\/\/gretasexylingerie.com\/sv\/wp-json\/wp\/v2\/media?parent=50075"}],"wp:term":[{"taxonomy":"product_brand","embeddable":true,"href":"https:\/\/gretasexylingerie.com\/sv\/wp-json\/wp\/v2\/product_brand?post=50075"},{"taxonomy":"product_cat","embeddable":true,"href":"https:\/\/gretasexylingerie.com\/sv\/wp-json\/wp\/v2\/product_cat?post=50075"},{"taxonomy":"product_tag","embeddable":true,"href":"https:\/\/gretasexylingerie.com\/sv\/wp-json\/wp\/v2\/product_tag?post=50075"}],"curies":[{"name":"wp","href":"https:\/\/api.w.org\/{rel}","templated":true}]}}