{"id":50008,"date":"2024-03-25T13:21:18","date_gmt":"2024-03-25T05:21:18","guid":{"rendered":"https:\/\/gretasexylingerie.com\/?post_type=product&#038;p=50008"},"modified":"2024-03-25T22:42:51","modified_gmt":"2024-03-25T14:42:51","slug":"grossist-silikon-oppen-mun-gag-ben","status":"publish","type":"product","link":"https:\/\/gretasexylingerie.com\/sv\/products\/wholesale-silicone-open-mouth-gag-bone\/","title":{"rendered":"Grossistf\u00f6rs\u00e4ljning av silikonben med \u00f6ppen mun i flera f\u00e4rger"},"content":{"rendered":"<p><strong>Benform design<\/strong>: Denna distinkta benformade munknevla ger en nyckfull men dj\u00e4rv touch till SM-spel. Dess unika design sticker inte bara ut utan ger ocks\u00e5 en bekv\u00e4m passform, vilket g\u00f6r den till ett eftertraktat f\u00f6rem\u00e5l f\u00f6r dem som utforskar <strong>bondage gag<\/strong> alternativ.<\/p>\n\n\n\n<p><strong>Silikonmaterial<\/strong>: Tillverkad av h\u00f6gkvalitativt silikon, garanterar denna munknepa s\u00e4kerhet och komfort under anv\u00e4ndning. Materialet \u00e4r mjukt, giftfritt och l\u00e4tt att reng\u00f6ra, tilltalande f\u00f6r anv\u00e4ndare som prioriterar hygien och materialkvalitet i sina <strong>boll gag ben<\/strong> urval.<\/p>\n\n\n\n<p><strong>Vibrerande f\u00e4rgalternativ<\/strong>: Med ett urval av svart, r\u00f6tt, rosa och vitt kan denna munknepa matcha olika preferenser och stilar. Varje f\u00e4rg l\u00e4gger till sin egen karakt\u00e4r till gaggen, fr\u00e5n klassisk och elegant till lekfull och dj\u00e4rv.<\/p>\n\n\n\n<p><strong>Optimal storlek<\/strong>: Benl\u00e4ngden p\u00e5 cirka 12 cm och en total l\u00e4ngd p\u00e5 cirka 63 cm g\u00f6r denna gag l\u00e4mplig f\u00f6r ett brett spektrum av anv\u00e4ndare. Dess storlek s\u00e4kerst\u00e4ller en bekv\u00e4m men s\u00e4ker passform, vilket f\u00f6rb\u00e4ttrar den totala upplevelsen.<\/p>\n\n\n\n<p><strong>Perfekt f\u00f6r olika lekar<\/strong>: Perfekt f\u00f6r b\u00e5de nyb\u00f6rjare och erfarna anv\u00e4ndare, den h\u00e4r munknecken i silikon \u00e4r en m\u00e5ngsidig pj\u00e4s som passar en m\u00e4ngd olika scenarier, fr\u00e5n l\u00e4ttsam kul till mer intensivt bondage-spel.<\/p>\n\n\n\n<p>L\u00e4gg till en unik och lekfull touch till dina SM-tillbeh\u00f6r med v\u00e5rt silikonben med \u00f6ppen mun. Dess kombination av komfort, kvalitet och distinkta design g\u00f6r den till ett m\u00e5ste f\u00f6r dem som vill f\u00f6rb\u00e4ttra sina bondageupplevelser. Best\u00e4ll nu och ge dina kunder en blandning av stil, s\u00e4kerhet och sp\u00e4nning!<\/p>","protected":false},"excerpt":{"rendered":"<p>Introducera ett lekfullt men v\u00e5gat element i din samling med v\u00e5r <strong>silikon med \u00f6ppen mun<\/strong>, designad i en unik benform. Tillg\u00e4nglig i svart, r\u00f6tt, rosa och vitt, det \u00e4r ett m\u00e5ngsidigt tillskott till alla bondageutrustningar.<\/p>","protected":false},"featured_media":49998,"template":"","meta":[],"product_brand":[],"product_cat":[1059,1064],"product_tag":[],"class_list":{"0":"post-50008","1":"product","2":"type-product","3":"status-publish","4":"has-post-thumbnail","6":"product_cat-wholesale-bondage-equipment","7":"product_cat-wholesale-gag-gifts","8":"pa_color-black","9":"pa_color-pink-women-sexy-lingerie","10":"pa_color-red-women-sexy-lingerie","11":"pa_color-white","12":"pa_size-free","14":"first","15":"instock","16":"taxable","17":"shipping-taxable","18":"purchasable","19":"product-type-variable"},"tiered_pricing_type":"fixed","tiered_pricing_fixed_rules":[],"tiered_pricing_product_settings":{"layout":"table","base_unit_name":{"singular":null,"plural":null},"default_variation":null},"tiered_pricing_minimum_quantity":null,"tiered_pricing_roles_data":[],"tiered_pricing_percentage_rules":[],"tiered_pricing_maximum_quantity":null,"tiered_pricing_quantity_step":null,"_links":{"self":[{"href":"https:\/\/gretasexylingerie.com\/sv\/wp-json\/wp\/v2\/product\/50008","targetHints":{"allow":["GET"]}}],"collection":[{"href":"https:\/\/gretasexylingerie.com\/sv\/wp-json\/wp\/v2\/product"}],"about":[{"href":"https:\/\/gretasexylingerie.com\/sv\/wp-json\/wp\/v2\/types\/product"}],"wp:featuredmedia":[{"embeddable":true,"href":"https:\/\/gretasexylingerie.com\/sv\/wp-json\/wp\/v2\/media\/49998"}],"wp:attachment":[{"href":"https:\/\/gretasexylingerie.com\/sv\/wp-json\/wp\/v2\/media?parent=50008"}],"wp:term":[{"taxonomy":"product_brand","embeddable":true,"href":"https:\/\/gretasexylingerie.com\/sv\/wp-json\/wp\/v2\/product_brand?post=50008"},{"taxonomy":"product_cat","embeddable":true,"href":"https:\/\/gretasexylingerie.com\/sv\/wp-json\/wp\/v2\/product_cat?post=50008"},{"taxonomy":"product_tag","embeddable":true,"href":"https:\/\/gretasexylingerie.com\/sv\/wp-json\/wp\/v2\/product_tag?post=50008"}],"curies":[{"name":"wp","href":"https:\/\/api.w.org\/{rel}","templated":true}]}}