{"id":49742,"date":"2024-02-28T18:13:39","date_gmt":"2024-02-28T10:13:39","guid":{"rendered":"https:\/\/gretasexylingerie.com\/?post_type=product&#038;p=49742"},"modified":"2024-03-01T23:57:41","modified_gmt":"2024-03-01T15:57:41","slug":"grossist-lader-bondage-klanning","status":"publish","type":"product","link":"https:\/\/gretasexylingerie.com\/sv\/products\/wholesale-leather-bondage-dress\/","title":{"rendered":"Partihandel L\u00e4der Bondage Kl\u00e4nning f\u00f6r Kinky Party Outfit"},"content":{"rendered":"<p><strong>Uts\u00f6kt l\u00e4derhantverk<\/strong>: Detta underkl\u00e4desset \u00e4r tillverkat av premiuml\u00e4der och erbjuder b\u00e5de h\u00e5llbarhet och en lyxig k\u00e4nsla. Materialets kvalitet s\u00e4kerst\u00e4ller att varje del inte bara ser fantastisk ut utan ocks\u00e5 st\u00e5r upp mot intensiteten i dina mest passionerade m\u00f6ten.<\/p>\n\n\n\n<p><strong>Design med fransar<\/strong>: Den fransade kjolen l\u00e4gger till ett dynamiskt och taktilt element till ensemblen och r\u00f6r sig med dig f\u00f6r att skapa en i\u00f6gonfallande display. Denna detalj \u00e4r perfekt f\u00f6r dem som vill l\u00e4gga till en touch av dramatik och sensualitet till sin <strong>dominatrix outfits i l\u00e4der<\/strong>.<\/p>\n\n\n\n<p><strong>\u00c4lskar Bondage BH<\/strong>: Mittpunkten i detta set, love bondage-bh:n, kapslar in essensen av kontroll och lust. Dess design \u00e4r b\u00e5de provocerande och st\u00e4rkande, vilket g\u00f6r den till en nyckelpj\u00e4s f\u00f6r alla som vill f\u00e5 uppm\u00e4rksamhet p\u00e5 en <strong>kinky festoutfit<\/strong>.<\/p>\n\n\n\n<p><strong>Levande f\u00e4rgval<\/strong>: V\u00e4lj mellan den klassiska tjusningen av svart eller den eldiga passionen i r\u00f6tt. Varje f\u00e4rg s\u00e4tter en annan st\u00e4mning och till\u00e5ter personligt uttryck inom din dominatrix eller bondage-kl\u00e4dsel.<\/p>\n\n\n\n<p><strong>Perfekt f\u00f6r temaevenemang<\/strong>: Oavsett om det \u00e4r f\u00f6r en privat sammankomst eller en offentlig kinky fest, s\u00e4kerst\u00e4ller denna bondagekl\u00e4nning i l\u00e4der att du kommer att vara i centrum f\u00f6r uppm\u00e4rksamheten. Den \u00e4r designad f\u00f6r dig som v\u00e5gar sticka ut och anamma sin kraft.<\/p>\n\n\n\n<p><strong>M\u00e5ngsidig och justerbar<\/strong>: Designad f\u00f6r att passa en rad olika kroppstyper, detta set \u00e4r lika m\u00e5ngsidigt som det \u00e4r fantastiskt. De justerbara funktionerna s\u00e4kerst\u00e4ller komfort utan att offra den dj\u00e4rva estetik som definierar ensemblen.<\/p>\n\n\n\n<p>Omfamna din dominerande sida med v\u00e5rt bondage-underkl\u00e4derset i l\u00e4der. Det \u00e4r mer \u00e4n bara kl\u00e4der; det \u00e4r en rustning av sj\u00e4lvf\u00f6rtroende och lockelse. Best\u00e4ll nu och g\u00f6r ett uttalande vid ditt n\u00e4sta event med en outfit som \u00e4r lika of\u00f6rgl\u00f6mlig som<\/p>","protected":false},"excerpt":{"rendered":"<p>Kliv till makten med v\u00e5r <strong>bondage kl\u00e4nning i l\u00e4der<\/strong>, med en fransad kjol och k\u00e4rleksbondage-bh. Finns i dj\u00e4rvt svart och passionerat r\u00f6tt, det h\u00e4r setet \u00e4r det ultimata uttalandet f\u00f6r vilken dominatrix som helst.<\/p>","protected":false},"featured_media":49739,"template":"","meta":[],"product_brand":[],"product_cat":[1059,1060],"product_tag":[],"class_list":{"0":"post-49742","1":"product","2":"type-product","3":"status-publish","4":"has-post-thumbnail","6":"product_cat-wholesale-bondage-equipment","7":"product_cat-wholesale-bondage-lingerie","8":"pa_color-black","9":"pa_color-red-women-sexy-lingerie","11":"first","12":"instock","13":"taxable","14":"shipping-taxable","15":"purchasable","16":"product-type-variable"},"tiered_pricing_type":"fixed","tiered_pricing_fixed_rules":[],"tiered_pricing_product_settings":{"layout":"table","base_unit_name":{"singular":null,"plural":null},"default_variation":null},"tiered_pricing_minimum_quantity":null,"tiered_pricing_roles_data":[],"tiered_pricing_percentage_rules":[],"tiered_pricing_maximum_quantity":null,"tiered_pricing_quantity_step":null,"_links":{"self":[{"href":"https:\/\/gretasexylingerie.com\/sv\/wp-json\/wp\/v2\/product\/49742","targetHints":{"allow":["GET"]}}],"collection":[{"href":"https:\/\/gretasexylingerie.com\/sv\/wp-json\/wp\/v2\/product"}],"about":[{"href":"https:\/\/gretasexylingerie.com\/sv\/wp-json\/wp\/v2\/types\/product"}],"wp:featuredmedia":[{"embeddable":true,"href":"https:\/\/gretasexylingerie.com\/sv\/wp-json\/wp\/v2\/media\/49739"}],"wp:attachment":[{"href":"https:\/\/gretasexylingerie.com\/sv\/wp-json\/wp\/v2\/media?parent=49742"}],"wp:term":[{"taxonomy":"product_brand","embeddable":true,"href":"https:\/\/gretasexylingerie.com\/sv\/wp-json\/wp\/v2\/product_brand?post=49742"},{"taxonomy":"product_cat","embeddable":true,"href":"https:\/\/gretasexylingerie.com\/sv\/wp-json\/wp\/v2\/product_cat?post=49742"},{"taxonomy":"product_tag","embeddable":true,"href":"https:\/\/gretasexylingerie.com\/sv\/wp-json\/wp\/v2\/product_tag?post=49742"}],"curies":[{"name":"wp","href":"https:\/\/api.w.org\/{rel}","templated":true}]}}