{"id":49734,"date":"2024-02-28T18:13:13","date_gmt":"2024-02-28T10:13:13","guid":{"rendered":"https:\/\/gretasexylingerie.com\/?post_type=product&#038;p=49734"},"modified":"2024-03-01T23:50:39","modified_gmt":"2024-03-01T15:50:39","slug":"grossist-bondage-bh-sele-set","status":"publish","type":"product","link":"https:\/\/gretasexylingerie.com\/sv\/products\/wholesale-bondage-bra-harness-set\/","title":{"rendered":"Grossisthandel Bondage BH Sele Set med spindeln\u00e4t utsk\u00e4rningar"},"content":{"rendered":"<p><strong>Edgy spindeln\u00e4tsutsk\u00e4rningar<\/strong>: Detta bondage-underkl\u00e4derset i l\u00e4der tar tjusningen till n\u00e4sta niv\u00e5 med sina spindeln\u00e4tsutsk\u00e4rningar, som erbjuder en visuellt fantastisk design som \u00e4r b\u00e5de provocerande och konstn\u00e4rlig. Perfekt f\u00f6r den som s\u00f6ker <strong>bondage-inspirerade kl\u00e4der<\/strong> som g\u00f6r ett uttalande.<\/p>\n\n\n\n<p><strong>Provocerande grendesign<\/strong>: Tillverkad f\u00f6r dem som v\u00e5gar utforska, den v\u00e5gade grendesignen l\u00e4gger till ett element av \u00f6verraskning och sp\u00e4nning, vilket g\u00f6r den till en enast\u00e5ende pj\u00e4s i alla <strong>billig bondage slitage<\/strong> samling. Den \u00e4r designad f\u00f6r att reta och intrigera, t\u00e4nja p\u00e5 gr\u00e4nserna f\u00f6r traditionella underkl\u00e4der.<\/p>\n\n\n\n<p><strong>Lyxigt l\u00e4derhantverk<\/strong>: Tillverkat av h\u00f6gkvalitativt l\u00e4der, detta set kombinerar sp\u00e4nningen av bondage-estetik med lyxen av fina material. L\u00e4drets struktur och h\u00e5llbarhet s\u00e4kerst\u00e4ller att detta set inte bara \u00e4r visuellt tilltalande utan ocks\u00e5 ett n\u00f6je att b\u00e4ra.<\/p>\n\n\n\n<p><strong>Levande f\u00e4rgval<\/strong>: Finns i b\u00e5de klassiskt svart och dj\u00e4rvt r\u00f6tt, det h\u00e4r setet m\u00f6jligg\u00f6r personligt uttryck och m\u00e5ngsidighet. Oavsett om du dras till den tidl\u00f6sa elegansen hos svart eller den passionerade tjusningen av r\u00f6tt, tillgodoser detta set till alla hum\u00f6r och fantasier.<\/p>\n\n\n\n<p><strong>Tillg\u00e4ngligt Bondage Fashion<\/strong>: Detta underkl\u00e4desset \u00e4r en hyllning till bondage-modet, vilket g\u00f6r det tillg\u00e4ngligt och prisv\u00e4rt. Den \u00e4r perfekt f\u00f6r dem som vill experimentera med sin stil eller l\u00e4gga till en dj\u00e4rv kant till sin underkl\u00e4deskollektion utan att bryta banken.<\/p>\n\n\n\n<p>Dyk in i bondagemodets v\u00e4rld med v\u00e5rt set med bondageunderkl\u00e4der i l\u00e4der. Dess unika design och prisv\u00e4rda lyx g\u00f6r den till ett m\u00e5ste f\u00f6r alla som vill utforska sina gr\u00e4nser med sj\u00e4lvf\u00f6rtroende och stil. Best\u00e4ll nu och ge din samling en k\u00e4nsla av sp\u00e4nning och lockelse!<\/p>","protected":false},"excerpt":{"rendered":"<p>Sl\u00e4pp l\u00f6s v\u00e5gade \u00f6nskningar med v\u00e5ra <strong>bondage bh sele<\/strong> set, med dj\u00e4rva spindeln\u00e4tsutsk\u00e4rningar och en provocerande grendesign i sl\u00e5ende svart och r\u00f6tt.<\/p>","protected":false},"featured_media":49730,"template":"","meta":[],"product_brand":[],"product_cat":[1059,1060],"product_tag":[],"class_list":{"0":"post-49734","1":"product","2":"type-product","3":"status-publish","4":"has-post-thumbnail","6":"product_cat-wholesale-bondage-equipment","7":"product_cat-wholesale-bondage-lingerie","8":"pa_color-black","9":"pa_color-red-women-sexy-lingerie","11":"first","12":"instock","13":"taxable","14":"shipping-taxable","15":"purchasable","16":"product-type-variable"},"tiered_pricing_type":"fixed","tiered_pricing_fixed_rules":[],"tiered_pricing_product_settings":{"layout":"table","base_unit_name":{"singular":null,"plural":null},"default_variation":null},"tiered_pricing_minimum_quantity":null,"tiered_pricing_roles_data":[],"tiered_pricing_percentage_rules":[],"tiered_pricing_maximum_quantity":null,"tiered_pricing_quantity_step":null,"_links":{"self":[{"href":"https:\/\/gretasexylingerie.com\/sv\/wp-json\/wp\/v2\/product\/49734","targetHints":{"allow":["GET"]}}],"collection":[{"href":"https:\/\/gretasexylingerie.com\/sv\/wp-json\/wp\/v2\/product"}],"about":[{"href":"https:\/\/gretasexylingerie.com\/sv\/wp-json\/wp\/v2\/types\/product"}],"wp:featuredmedia":[{"embeddable":true,"href":"https:\/\/gretasexylingerie.com\/sv\/wp-json\/wp\/v2\/media\/49730"}],"wp:attachment":[{"href":"https:\/\/gretasexylingerie.com\/sv\/wp-json\/wp\/v2\/media?parent=49734"}],"wp:term":[{"taxonomy":"product_brand","embeddable":true,"href":"https:\/\/gretasexylingerie.com\/sv\/wp-json\/wp\/v2\/product_brand?post=49734"},{"taxonomy":"product_cat","embeddable":true,"href":"https:\/\/gretasexylingerie.com\/sv\/wp-json\/wp\/v2\/product_cat?post=49734"},{"taxonomy":"product_tag","embeddable":true,"href":"https:\/\/gretasexylingerie.com\/sv\/wp-json\/wp\/v2\/product_tag?post=49734"}],"curies":[{"name":"wp","href":"https:\/\/api.w.org\/{rel}","templated":true}]}}