{"id":49715,"date":"2024-02-28T18:11:58","date_gmt":"2024-02-28T10:11:58","guid":{"rendered":"https:\/\/gretasexylingerie.com\/?post_type=product&#038;p=49715"},"modified":"2024-03-01T23:35:16","modified_gmt":"2024-03-01T15:35:16","slug":"grossist-lader-bondage-sexig-outfit","status":"publish","type":"product","link":"https:\/\/gretasexylingerie.com\/sv\/products\/wholesale-leather-bondage-sexy-outfit\/","title":{"rendered":"Partihandel L\u00e4der Bondage Sexig outfit i kedja stil"},"content":{"rendered":"<p><strong>V\u00e5gad kedjestil<\/strong>: Dessa unika bondageunderkl\u00e4der i l\u00e4der tar sensualitet till nya h\u00f6jder med sina intrikata kedjedetaljer. Perfekt f\u00f6r dem som vill uttrycka sin stil med sj\u00e4lvf\u00f6rtroende, den f\u00f6rkroppsligar essensen av <strong>sexiga dominatrix kl\u00e4der<\/strong>, som erbjuder en of\u00f6rgl\u00f6mlig visuell effekt.<\/p>\n\n\n\n<p><strong>Provocerande grendesign<\/strong>: Tillverkad f\u00f6r \u00e4ventyr, den v\u00e5gade grendesignen inbjuder till intriger och utforskande, vilket g\u00f6r den h\u00e4r outfiten till ett enast\u00e5ende val f\u00f6r alla som vill l\u00e4gga till en kant till sin intima garderob. Det \u00e4r ett dj\u00e4rvt uttalande i riket av <strong>kinky sexiga kl\u00e4der<\/strong>, designad f\u00f6r att reta och reta.<\/p>\n\n\n\n<p><strong>Lyxigt l\u00e4derhantverk<\/strong>: Tillverkad av h\u00f6gkvalitativt l\u00e4der, den h\u00e4r outfiten ser inte bara fantastisk ut utan k\u00e4nns otrolig mot huden. Materialets h\u00e5llbarhet och komfort s\u00e4kerst\u00e4ller att det inte bara \u00e4r en visuellt tilltalande del utan ocks\u00e5 praktisk f\u00f6r olika tillf\u00e4llen.<\/p>\n\n\n\n<p><strong>Levande f\u00e4rgval<\/strong>: Finns i b\u00e5de klassiskt svart och eldr\u00f6tt, denna outfit l\u00e5ter dig v\u00e4lja den nyans som b\u00e4st passar ditt hum\u00f6r och din milj\u00f6. Oavsett om du dras till den tidl\u00f6sa elegansen i svart eller den passionerade tjusningen av r\u00f6tt, tillgodoser denna sexiga outfit dina \u00f6nskem\u00e5l.<\/p>\n\n\n\n<p><strong>M\u00e5ngsidigt tilltalande<\/strong>: Perfekt f\u00f6r dem som vill utforska gr\u00e4nserna f\u00f6r sin stil, den h\u00e4r outfiten \u00e4r perfekt f\u00f6r temafester, privata m\u00f6ten eller som ett dj\u00e4rvt modeuttryck. Dess m\u00e5ngsidighet g\u00f6r den till ett m\u00e5ste-tillskott till alla kollektioner som hyllar sk\u00f6nheten i bondage-inspirerat mode.<\/p>\n\n\n\n<p>Kliv in i en v\u00e4rld d\u00e4r mode m\u00f6ter fantasi med v\u00e5ra bondageunderkl\u00e4der i l\u00e4der. Det \u00e4r mer \u00e4n bara kl\u00e4der; det \u00e4r en f\u00f6rklaring om styrka, sj\u00e4lvf\u00f6rtroende och obotlig sensualitet. Best\u00e4ll nu och omfamna kraften i din tjusning med en outfit som \u00e4r lika dj\u00e4rv som du \u00e4r!<\/p>","protected":false},"excerpt":{"rendered":"<p>Sl\u00e4pp l\u00f6s lockelsen med v\u00e5r <strong>bondage sexig outfit<\/strong>, ett v\u00e5gat l\u00e4derunderkl\u00e4der med en dj\u00e4rv kedjestil och en provocerande grendesign, tillg\u00e4nglig i svart och r\u00f6tt.<\/p>","protected":false},"featured_media":49711,"template":"","meta":[],"product_brand":[],"product_cat":[1059,1060],"product_tag":[],"class_list":{"0":"post-49715","1":"product","2":"type-product","3":"status-publish","4":"has-post-thumbnail","6":"product_cat-wholesale-bondage-equipment","7":"product_cat-wholesale-bondage-lingerie","8":"pa_color-black","9":"pa_color-red-women-sexy-lingerie","11":"first","12":"instock","13":"taxable","14":"shipping-taxable","15":"purchasable","16":"product-type-variable"},"tiered_pricing_type":"fixed","tiered_pricing_fixed_rules":[],"tiered_pricing_product_settings":{"layout":"table","base_unit_name":{"singular":null,"plural":null},"default_variation":null},"tiered_pricing_minimum_quantity":null,"tiered_pricing_roles_data":[],"tiered_pricing_percentage_rules":[],"tiered_pricing_maximum_quantity":null,"tiered_pricing_quantity_step":null,"_links":{"self":[{"href":"https:\/\/gretasexylingerie.com\/sv\/wp-json\/wp\/v2\/product\/49715","targetHints":{"allow":["GET"]}}],"collection":[{"href":"https:\/\/gretasexylingerie.com\/sv\/wp-json\/wp\/v2\/product"}],"about":[{"href":"https:\/\/gretasexylingerie.com\/sv\/wp-json\/wp\/v2\/types\/product"}],"wp:featuredmedia":[{"embeddable":true,"href":"https:\/\/gretasexylingerie.com\/sv\/wp-json\/wp\/v2\/media\/49711"}],"wp:attachment":[{"href":"https:\/\/gretasexylingerie.com\/sv\/wp-json\/wp\/v2\/media?parent=49715"}],"wp:term":[{"taxonomy":"product_brand","embeddable":true,"href":"https:\/\/gretasexylingerie.com\/sv\/wp-json\/wp\/v2\/product_brand?post=49715"},{"taxonomy":"product_cat","embeddable":true,"href":"https:\/\/gretasexylingerie.com\/sv\/wp-json\/wp\/v2\/product_cat?post=49715"},{"taxonomy":"product_tag","embeddable":true,"href":"https:\/\/gretasexylingerie.com\/sv\/wp-json\/wp\/v2\/product_tag?post=49715"}],"curies":[{"name":"wp","href":"https:\/\/api.w.org\/{rel}","templated":true}]}}