{"id":49707,"date":"2024-02-28T18:11:28","date_gmt":"2024-02-28T10:11:28","guid":{"rendered":"https:\/\/gretasexylingerie.com\/?post_type=product&#038;p=49707"},"modified":"2024-03-01T23:26:34","modified_gmt":"2024-03-01T15:26:34","slug":"grossist-sexiga-bondage-underklader-set","status":"publish","type":"product","link":"https:\/\/gretasexylingerie.com\/sv\/products\/wholesale-sexy-bondage-underwear-set\/","title":{"rendered":"Grossist sexiga Bondage Underkl\u00e4der Set med metall blixtl\u00e5s"},"content":{"rendered":"<p><strong>Blixtl\u00e5s\u00f6ppningar i metall<\/strong>: H\u00f6ja sp\u00e4nningen med strategiskt placerade metalldragkedjor p\u00e5 br\u00f6stet och i grenen, som erbjuder en blandning av lockelse och tillg\u00e4nglighet. Detta designelement ger inte bara en visuell kant utan inbjuder ocks\u00e5 till lekfull utforskning, vilket g\u00f6r det till en framst\u00e5ende funktion i <strong>bondage gear l\u00e4der<\/strong> samlingar.<\/p>\n\n\n\n<p><strong>Justerbar f\u00f6r perfekt passform<\/strong>: Omfamna komfort utan att ge avkall p\u00e5 stil. Den justerbara designen s\u00e4kerst\u00e4ller en \u00e5tsittande, smickrande passform f\u00f6r en m\u00e4ngd olika kroppstyper, vilket g\u00f6r att b\u00e4rare kan k\u00e4nna sig trygga och ha kontroll, en nyckelaspekt av <strong>kvinnliga dominatrix kl\u00e4der<\/strong>.<\/p>\n\n\n\n<p><strong>Val av dj\u00e4rva f\u00e4rger<\/strong>: Finns i de klassiska f\u00f6rf\u00f6relsef\u00e4rgerna svart och r\u00f6tt, det h\u00e4r setet talar volymer utan att s\u00e4ga ett ord. Oavsett om du dras till den mystiska tjusningen av svart eller den passionerade pulsen i r\u00f6tt, \u00e4r detta underkl\u00e4desset designat f\u00f6r att matcha ditt hum\u00f6r och dina \u00f6nskem\u00e5l.<\/p>\n\n\n\n<p><strong>Kvalitetsl\u00e4derkonstruktion<\/strong>: Tillverkad av premiuml\u00e4der, detta set \u00e4r lika h\u00e5llbart som lyxigt. Materialets textur och kvalitet f\u00f6rst\u00e4rker den sensoriska upplevelsen och lovar inte bara en visuell fest utan ocks\u00e5 en taktil njutning.<\/p>\n\n\n\n<p><strong>M\u00e5ngsidig anv\u00e4ndning<\/strong>: Perfekt f\u00f6r de d\u00e4r speciella n\u00e4tterna i eller som ett dj\u00e4rvt statement under kv\u00e4llskl\u00e4der, det h\u00e4r underkl\u00e4dersetet \u00f6vertr\u00e4ffar det vanliga. Den \u00e4r l\u00e4mplig f\u00f6r en rad olika scenarier, fr\u00e5n privata m\u00f6ten till temafester, vilket g\u00f6r den till ett m\u00e5ngsidigt komplement till alla \u00e4ventyrliga garderober.<\/p>\n\n\n\n<p><strong>Empowerment i varje tr\u00e5d<\/strong>: Det h\u00e4r underkl\u00e4dersetet \u00e4r mer \u00e4n bara kl\u00e4der; det \u00e4r ett bemyndigandeverktyg. Designad f\u00f6r den moderna dominatrisen eller alla som vill utforska sin kraftdynamik, det \u00e4r en hyllning till styrka, sj\u00e4lvf\u00f6rtroende och sensualitet.<\/p>\n\n\n\n<p>Kliv in i en v\u00e4rld d\u00e4r fantasi och verklighet suddas ut med v\u00e5rt sexiga bondage-underkl\u00e4derset. Det erbjuder b\u00e5de estetiskt tilltalande och funktionell design, det \u00e4r en dj\u00e4rv inbjudan att utforska dina \u00f6nskem\u00e5l. Best\u00e4ll nu och omfamna kraften i f\u00f6rf\u00f6relse med o\u00f6vertr\u00e4ffad stil och komfort!<\/p>","protected":false},"excerpt":{"rendered":"<p>Sl\u00e4pp l\u00f6s dj\u00e4rva \u00f6nskningar med v\u00e5r <strong>sexiga bondage underkl\u00e4der<\/strong> set, med v\u00e5gade dragkedje\u00f6ppningar i metall p\u00e5 br\u00f6stet och i grenen. Denna justerbara design finns i svart och r\u00f6tt, f\u00f6rkroppsligar essensen av kraft och f\u00f6rf\u00f6relse.<\/p>","protected":false},"featured_media":49704,"template":"","meta":[],"product_brand":[],"product_cat":[1059,1060],"product_tag":[],"class_list":{"0":"post-49707","1":"product","2":"type-product","3":"status-publish","4":"has-post-thumbnail","6":"product_cat-wholesale-bondage-equipment","7":"product_cat-wholesale-bondage-lingerie","8":"pa_color-black","9":"pa_color-red-women-sexy-lingerie","11":"first","12":"instock","13":"taxable","14":"shipping-taxable","15":"purchasable","16":"product-type-variable"},"tiered_pricing_type":"fixed","tiered_pricing_fixed_rules":[],"tiered_pricing_product_settings":{"layout":"table","base_unit_name":{"singular":null,"plural":null},"default_variation":null},"tiered_pricing_minimum_quantity":null,"tiered_pricing_roles_data":[],"tiered_pricing_percentage_rules":[],"tiered_pricing_maximum_quantity":null,"tiered_pricing_quantity_step":null,"_links":{"self":[{"href":"https:\/\/gretasexylingerie.com\/sv\/wp-json\/wp\/v2\/product\/49707","targetHints":{"allow":["GET"]}}],"collection":[{"href":"https:\/\/gretasexylingerie.com\/sv\/wp-json\/wp\/v2\/product"}],"about":[{"href":"https:\/\/gretasexylingerie.com\/sv\/wp-json\/wp\/v2\/types\/product"}],"wp:featuredmedia":[{"embeddable":true,"href":"https:\/\/gretasexylingerie.com\/sv\/wp-json\/wp\/v2\/media\/49704"}],"wp:attachment":[{"href":"https:\/\/gretasexylingerie.com\/sv\/wp-json\/wp\/v2\/media?parent=49707"}],"wp:term":[{"taxonomy":"product_brand","embeddable":true,"href":"https:\/\/gretasexylingerie.com\/sv\/wp-json\/wp\/v2\/product_brand?post=49707"},{"taxonomy":"product_cat","embeddable":true,"href":"https:\/\/gretasexylingerie.com\/sv\/wp-json\/wp\/v2\/product_cat?post=49707"},{"taxonomy":"product_tag","embeddable":true,"href":"https:\/\/gretasexylingerie.com\/sv\/wp-json\/wp\/v2\/product_tag?post=49707"}],"curies":[{"name":"wp","href":"https:\/\/api.w.org\/{rel}","templated":true}]}}