{"id":49690,"date":"2024-02-28T18:10:18","date_gmt":"2024-02-28T10:10:18","guid":{"rendered":"https:\/\/gretasexylingerie.com\/?post_type=product&#038;p=49690"},"modified":"2024-03-01T23:11:07","modified_gmt":"2024-03-01T15:11:07","slug":"grossist-ihaliga-spets-bondage-kit","status":"publish","type":"product","link":"https:\/\/gretasexylingerie.com\/sv\/products\/wholesale-hollow-lace-bondage-kit\/","title":{"rendered":"Partihandel Hollow Lace Bondage Kit"},"content":{"rendered":"<p><strong>Uts\u00f6kt spetsdesign i l\u00e4der<\/strong>: Det h\u00e4r setet sticker ut med sin ih\u00e5liga spetsdesign som blandar spetsens k\u00e4nsliga utseende med l\u00e4drets h\u00e5llbarhet. Det \u00e4r perfekt f\u00f6r dem som s\u00f6ker en sofistikerad touch i sina <strong>hem bondage utrustning<\/strong>, som erbjuder b\u00e5de estetisk tilltalande och funktionalitet.<\/p>\n\n\n\n<p><strong>Omfattande \u00e5terh\u00e5llningsensemble<\/strong>: Med koppel, handbojor, ankelmanschetter och kragar ger detta kit allt som beh\u00f6vs f\u00f6r en fullst\u00e4ndig bondage-upplevelse. Oavsett om du utforskar <strong>hogtie bondage kit<\/strong> scenarier eller helt enkelt njuter av konsten att \u00e5terh\u00e5lla, detta set tillgodoser en m\u00e4ngd olika preferenser.<\/p>\n\n\n\n<p><strong>F\u00f6rb\u00e4ttrad med \u00f6dmjuka begr\u00e4nsningar<\/strong>: Inf\u00f6randet av <strong>\u00f6dmjukare med fotled<\/strong> l\u00e4gger till en unik dimension till bondage-spelet och erbjuder en extra niv\u00e5 av kontroll och underkastelse. Den h\u00e4r funktionen \u00e4r designad f\u00f6r dem som vill utforska djupare aspekter av kraftdynamik i en s\u00e4ker och samf\u00f6rst\u00e5ndsmilj\u00f6.<\/p>\n\n\n\n<p><strong>Snygg svart finish<\/strong>: Den klassiska svarta f\u00e4rgen ger inte bara en touch av elegans utan s\u00e4kerst\u00e4ller ocks\u00e5 m\u00e5ngsidighet, vilket g\u00f6r den till ett l\u00e4mpligt komplement till alla samlingar av bondageutrustning. Den \u00e4r idealisk f\u00f6r b\u00e5de nyb\u00f6rjare och erfarna entusiaster som vill ut\u00f6ka sin repertoar.<\/p>\n\n\n\n<p><strong>H\u00e5llbara och bekv\u00e4ma material<\/strong>: Tillverkad av h\u00f6gkvalitativa material, detta set balanserar h\u00e5llbarhet med komfort. L\u00e4derspetsen \u00e4r tillr\u00e4ckligt mjuk f\u00f6r att f\u00f6rhindra obehag under l\u00e5nga sessioner, men \u00e4nd\u00e5 tillr\u00e4ckligt robust f\u00f6r att s\u00e4kerst\u00e4lla p\u00e5litlig \u00e5terh\u00e5llsamhet.<\/p>\n\n\n\n<p><strong>Perfekt f\u00f6r olika lekscenarier<\/strong>: Oavsett om det \u00e4r f\u00f6r en fotoshoot med teman, ett speciellt tillf\u00e4lle eller vanlig lek, \u00e4r detta bondage-kit med ih\u00e5liga spetsar m\u00e5ngsidigt nog f\u00f6r att passa olika scenarier, vilket ger en touch av elegans och sp\u00e4nning till ditt bondage-spel.<\/p>\n\n\n\n<p>Kliv in i en v\u00e4rld av elegans och \u00e5terh\u00e5llsamhet med v\u00e5rt bondage-kit med ih\u00e5liga spetsar. Det handlar inte bara om den fysiska aspekten av bondage; det handlar om att skapa en atmosf\u00e4r av tillit, intimitet och utforskande. Best\u00e4ll nu och h\u00f6j din bondageupplevelse med en blandning av sk\u00f6nhet, kontroll och sofistikering.<\/p>","protected":false},"excerpt":{"rendered":"<p>Uppt\u00e4ck tjusningen av v\u00e5r <strong>ih\u00e5lig spets bondage utrustning<\/strong>, en f\u00f6rf\u00f6risk ensemble av l\u00e4derspets inklusive ett koppel, handbojor, ankelmanschetter och kragar, allt i en elegant svart.<\/p>","protected":false},"featured_media":49684,"template":"","meta":[],"product_brand":[],"product_cat":[1059,1061],"product_tag":[],"class_list":{"0":"post-49690","1":"product","2":"type-product","3":"status-publish","4":"has-post-thumbnail","6":"product_cat-wholesale-bondage-equipment","7":"product_cat-wholesale-bondage-gear","8":"pa_color-black","10":"first","11":"instock","12":"taxable","13":"shipping-taxable","14":"purchasable","15":"product-type-variable"},"tiered_pricing_type":"fixed","tiered_pricing_fixed_rules":[],"tiered_pricing_product_settings":{"layout":"table","base_unit_name":{"singular":null,"plural":null},"default_variation":null},"tiered_pricing_minimum_quantity":null,"tiered_pricing_roles_data":[],"tiered_pricing_percentage_rules":[],"tiered_pricing_maximum_quantity":null,"tiered_pricing_quantity_step":null,"_links":{"self":[{"href":"https:\/\/gretasexylingerie.com\/sv\/wp-json\/wp\/v2\/product\/49690","targetHints":{"allow":["GET"]}}],"collection":[{"href":"https:\/\/gretasexylingerie.com\/sv\/wp-json\/wp\/v2\/product"}],"about":[{"href":"https:\/\/gretasexylingerie.com\/sv\/wp-json\/wp\/v2\/types\/product"}],"wp:featuredmedia":[{"embeddable":true,"href":"https:\/\/gretasexylingerie.com\/sv\/wp-json\/wp\/v2\/media\/49684"}],"wp:attachment":[{"href":"https:\/\/gretasexylingerie.com\/sv\/wp-json\/wp\/v2\/media?parent=49690"}],"wp:term":[{"taxonomy":"product_brand","embeddable":true,"href":"https:\/\/gretasexylingerie.com\/sv\/wp-json\/wp\/v2\/product_brand?post=49690"},{"taxonomy":"product_cat","embeddable":true,"href":"https:\/\/gretasexylingerie.com\/sv\/wp-json\/wp\/v2\/product_cat?post=49690"},{"taxonomy":"product_tag","embeddable":true,"href":"https:\/\/gretasexylingerie.com\/sv\/wp-json\/wp\/v2\/product_tag?post=49690"}],"curies":[{"name":"wp","href":"https:\/\/api.w.org\/{rel}","templated":true}]}}