{"id":49405,"date":"2024-02-27T22:44:05","date_gmt":"2024-02-27T14:44:05","guid":{"rendered":"https:\/\/gretasexylingerie.com\/?post_type=product&#038;p=49405"},"modified":"2024-02-29T17:34:45","modified_gmt":"2024-02-29T09:34:45","slug":"grossist-tunga-hogtie-kit","status":"publish","type":"product","link":"https:\/\/gretasexylingerie.com\/sv\/products\/wholesale-heavy-duty-hogtie-kit\/","title":{"rendered":"Heavy Duty Hogtie-kit i grossistledet med detaljer om l\u00e5nga nitar"},"content":{"rendered":"<p><strong>Utsmyckningar med l\u00e5nga nitar<\/strong>: F\u00f6rh\u00f6j din bondageupplevelse med den sl\u00e5ende estetiken hos l\u00e5nga nitar. Dessa detaljer bidrar inte bara till den visuella dragningskraften utan f\u00f6rst\u00e4rker ocks\u00e5 den taktila k\u00e4nslan, vilket g\u00f6r varje verk till ett konstverk som \u00e4r lika vackert som funktionellt.<\/p>\n\n\n\n<p><strong>Olika f\u00e4rgval<\/strong>: Det h\u00e4r kitet \u00e4r anpassat efter personliga preferenser och stil och finns tillg\u00e4ngligt i en m\u00e4ngd f\u00e4rger, inklusive klassisk svart, levande gr\u00f6nt, lekfullt rosa och passionerat r\u00f6tt. Varje f\u00e4rg l\u00e4gger till sin egen karakt\u00e4r och st\u00e4mning till bondageupplevelsen, vilket m\u00f6jligg\u00f6r en personlig touch.<\/p>\n\n\n\n<p><strong>Omfattande Bondage-l\u00f6sning<\/strong>: Designad f\u00f6r b\u00e5de entusiaster och nyb\u00f6rjare, detta set ger en komplett l\u00f6sning f\u00f6r bondage-spel. Inkluderandet av viktiga f\u00f6rem\u00e5l som koppel, handbojor, ankelmanschetter och kragar s\u00e4kerst\u00e4ller att du har allt som beh\u00f6vs f\u00f6r en helt uppslukande upplevelse.<\/p>\n\n\n\n<p><strong>H\u00f6gkvalitativ PU och h\u00e5rdvara<\/strong>: Tillverkad av premium PU och utrustad med h\u00f6gkvalitativ h\u00e5rdvara, varje artikel i detta kit \u00e4r byggt f\u00f6r h\u00e5llbarhet och komfort. Materialen \u00e4r noggrant utvalda f\u00f6r att motst\u00e5 lekens p\u00e5frestningar samtidigt som de s\u00e4kerst\u00e4ller en bekv\u00e4m passform, vilket g\u00f6r den idealisk f\u00f6r l\u00e4ngre sessioner.<\/p>\n\n\n\n<p><strong>Perfekt f\u00f6r Self Bondage och Partner Play<\/strong>: Oavsett om du utforskar sj\u00e4lvbundenhet eller deltar i partnerspel erbjuder detta kit m\u00e5ngsidighet och tillf\u00f6rlitlighet. De <strong>l\u00e4der fasth\u00e5llningsremmar<\/strong> och den kraftiga designen g\u00f6r den l\u00e4mplig f\u00f6r en m\u00e4ngd olika scenarier, fr\u00e5n l\u00e4tt retande till mer intensiva \u00e5terh\u00e5llsamhetsinst\u00e4llningar.<\/p>\n\n\n\n<p><strong>Diskret och enkel f\u00f6rvaring<\/strong>: Trots sin robusta konstruktion, detta <strong>sj\u00e4lvbundenhet leveranser<\/strong> kit \u00e4r designat f\u00f6r diskret f\u00f6rvaring. Varje del kan prydligt f\u00f6rvaras undan, vilket s\u00e4kerst\u00e4ller integritet och bekv\u00e4mlighet f\u00f6r anv\u00e4ndare som prioriterar diskretion.<\/p>\n\n\n\n<p>Dyk ner i djupet av dina \u00f6nskningar med v\u00e5r utrustning f\u00f6r l\u00e5nga nitar. Dess kombination av estetisk tilltalande, funktionell design och h\u00e5llbar konstruktion g\u00f6r den till ett m\u00e5ste f\u00f6r dem som vill utforska gr\u00e4nserna f\u00f6r n\u00f6je och \u00e5terh\u00e5llsamhet. Best\u00e4ll nu och l\u00e5s upp en ny niv\u00e5 av intensitet och stil i din<\/p>","protected":false},"excerpt":{"rendered":"<p>Kliv in i ett omr\u00e5de av intensiv lek med v\u00e5r <strong>heavy duty hogtie kit<\/strong>, med l\u00e5nga nitutsmyckningar. Denna kollektion, inklusive ett koppel, handbojor, ankelmanschetter och kragar, kombinerar h\u00f6gkvalitativ PU med f\u00f6rstklassig h\u00e5rdvara i svart, gr\u00f6nt, rosa och r\u00f6tt.<\/p>","protected":false},"featured_media":49396,"template":"","meta":[],"product_brand":[],"product_cat":[1059,1061,1066],"product_tag":[],"class_list":{"0":"post-49405","1":"product","2":"type-product","3":"status-publish","4":"has-post-thumbnail","6":"product_cat-wholesale-bondage-equipment","7":"product_cat-wholesale-bondage-gear","8":"product_cat-handcuffs-bondage-collars-ankle-strap","9":"pa_color-black","10":"pa_color-green","11":"pa_color-pink-women-sexy-lingerie","12":"pa_color-red-women-sexy-lingerie","14":"first","15":"instock","16":"taxable","17":"shipping-taxable","18":"purchasable","19":"product-type-variable"},"tiered_pricing_type":"fixed","tiered_pricing_fixed_rules":[],"tiered_pricing_product_settings":{"layout":"table","base_unit_name":{"singular":null,"plural":null},"default_variation":null},"tiered_pricing_minimum_quantity":null,"tiered_pricing_roles_data":[],"tiered_pricing_percentage_rules":[],"tiered_pricing_maximum_quantity":null,"tiered_pricing_quantity_step":null,"_links":{"self":[{"href":"https:\/\/gretasexylingerie.com\/sv\/wp-json\/wp\/v2\/product\/49405","targetHints":{"allow":["GET"]}}],"collection":[{"href":"https:\/\/gretasexylingerie.com\/sv\/wp-json\/wp\/v2\/product"}],"about":[{"href":"https:\/\/gretasexylingerie.com\/sv\/wp-json\/wp\/v2\/types\/product"}],"wp:featuredmedia":[{"embeddable":true,"href":"https:\/\/gretasexylingerie.com\/sv\/wp-json\/wp\/v2\/media\/49396"}],"wp:attachment":[{"href":"https:\/\/gretasexylingerie.com\/sv\/wp-json\/wp\/v2\/media?parent=49405"}],"wp:term":[{"taxonomy":"product_brand","embeddable":true,"href":"https:\/\/gretasexylingerie.com\/sv\/wp-json\/wp\/v2\/product_brand?post=49405"},{"taxonomy":"product_cat","embeddable":true,"href":"https:\/\/gretasexylingerie.com\/sv\/wp-json\/wp\/v2\/product_cat?post=49405"},{"taxonomy":"product_tag","embeddable":true,"href":"https:\/\/gretasexylingerie.com\/sv\/wp-json\/wp\/v2\/product_tag?post=49405"}],"curies":[{"name":"wp","href":"https:\/\/api.w.org\/{rel}","templated":true}]}}